{"id":2203,"date":"2016-07-29T09:13:54","date_gmt":"2016-07-29T09:13:54","guid":{"rendered":"https:\/\/metal99.hu\/products\/windows\/specialis-felepitmeny-ablakok-loszallito-lakoautok\/"},"modified":"2022-09-15T11:16:41","modified_gmt":"2022-09-15T11:16:41","slug":"windows-for-special-structures","status":"publish","type":"page","link":"https:\/\/metal99.hu\/en\/products\/windows\/windows-for-special-structures\/","title":{"rendered":"Windows for special structures"},"content":{"rendered":"\t\t<div data-elementor-type=\"wp-page\" data-elementor-id=\"2203\" class=\"elementor elementor-2203 elementor-1365\" data-elementor-post-type=\"page\">\n\t\t\t\t\t\t<section class=\"elementor-section elementor-top-section elementor-element elementor-element-14be930d elementor-section-content-middle elementor-section-boxed elementor-section-height-default elementor-section-height-default\" data-id=\"14be930d\" data-element_type=\"section\" data-e-type=\"section\">\n\t\t\t\t\t\t<div class=\"elementor-container elementor-column-gap-no\">\n\t\t\t\t\t<div class=\"elementor-column elementor-col-50 elementor-top-column elementor-element elementor-element-30d3c07a\" data-id=\"30d3c07a\" data-element_type=\"column\" data-e-type=\"column\" data-settings=\"{&quot;background_background&quot;:&quot;gradient&quot;}\">\n\t\t\t<div class=\"elementor-widget-wrap elementor-element-populated\">\n\t\t\t\t\t\t<div class=\"elementor-element elementor-element-726dae79 elementor-view-default elementor-position-block-start elementor-mobile-position-block-start elementor-widget elementor-widget-icon-box\" data-id=\"726dae79\" data-element_type=\"widget\" data-e-type=\"widget\" data-widget_type=\"icon-box.default\">\n\t\t\t\t<div class=\"elementor-widget-container\">\n\t\t\t\t\t\t\t<div class=\"elementor-icon-box-wrapper\">\n\n\t\t\t\t\t\t<div class=\"elementor-icon-box-icon\">\n\t\t\t\t<span  class=\"elementor-icon\">\n\t\t\t\t<i aria-hidden=\"true\" class=\"fas fa-horse-head\"><\/i>\t\t\t\t<\/span>\n\t\t\t<\/div>\n\t\t\t\n\t\t\t\t\t\t<div class=\"elementor-icon-box-content\">\n\n\t\t\t\t\t\t\t\t\t<h3 class=\"elementor-icon-box-title\">\n\t\t\t\t\t\t<span  >\n\t\t\t\t\t\t\tWindows for special structures (horse trailers, caravans)\t\t\t\t\t\t<\/span>\n\t\t\t\t\t<\/h3>\n\t\t\t\t\n\t\t\t\t\t\t\t\t\t<p class=\"elementor-icon-box-description\">\n\t\t\t\t\t\t\u2714   horse trailer windows<br>\n\u2714   caravan windows<br><br>\n\n\u2714   vertical and horizontal sliding windows<br>\n\u2714   fixed windows<br>\n\u2714   awning windows<br>\t\t\t\t\t<\/p>\n\t\t\t\t\n\t\t\t<\/div>\n\t\t\t\n\t\t<\/div>\n\t\t\t\t\t\t<\/div>\n\t\t\t\t<\/div>\n\t\t\t\t\t<\/div>\n\t\t<\/div>\n\t\t\t\t<div class=\"elementor-column elementor-col-50 elementor-top-column elementor-element elementor-element-5dda699b\" data-id=\"5dda699b\" data-element_type=\"column\" data-e-type=\"column\" data-settings=\"{&quot;background_background&quot;:&quot;classic&quot;}\">\n\t\t\t<div class=\"elementor-widget-wrap elementor-element-populated\">\n\t\t\t\t\t\t<div class=\"elementor-element elementor-element-5547afc elementor-widget elementor-widget-price-table\" data-id=\"5547afc\" data-element_type=\"widget\" data-e-type=\"widget\" data-widget_type=\"price-table.default\">\n\t\t\t\t<div class=\"elementor-widget-container\">\n\t\t\t\t\t\n\t\t<div class=\"elementor-price-table\">\n\t\t\t\t\t\t\t<div class=\"elementor-price-table__header\">\n\t\t\t\t\t\t\t\t\t\t\t<h3 class=\"elementor-price-table__heading\">\n\t\t\t\t\t\tDESIGN\t\t\t\t\t\t<\/h3>\n\t\t\t\t\t\n\t\t\t\t\t\t\t\t\t<\/div>\n\t\t\t\n\t\t\t<div class=\"elementor-price-table__price\">\n\t\t\t\t\t\t\t\t\t\t\t\t\n\t\t\t\t\n\t\t\t\t\n\t\t\t\t\t\t\t<\/div>\n\n\t\t\t\t\t\t\t<ul class=\"elementor-price-table__features-list\">\n\t\t\t\t\t\t\t\t\t\t\t<li class=\"elementor-repeater-item-8e2fe3b\">\n\t\t\t\t\t\t\t<div class=\"elementor-price-table__feature-inner\">\n\t\t\t\t\t\t\t\t<i aria-hidden=\"true\" class=\"fas fa-check-square\"><\/i>\t\t\t\t\t\t\t\t\t\t\t\t\t\t\t\t\t<span >\n\t\t\t\t\t\t\t\t\t\tDSG and ESG glazing, in custom colours\t\t\t\t\t\t\t\t\t<\/span>\n\t\t\t\t\t\t\t\t\t\t\t\t\t\t\t\t<\/div>\n\t\t\t\t\t\t<\/li>\n\t\t\t\t\t\t\t\t\t\t\t<li class=\"elementor-repeater-item-27dfe77\">\n\t\t\t\t\t\t\t<div class=\"elementor-price-table__feature-inner\">\n\t\t\t\t\t\t\t\t<i aria-hidden=\"true\" class=\"fas fa-check-square\"><\/i>\t\t\t\t\t\t\t\t\t\t\t\t\t\t\t\t\t<span >\n\t\t\t\t\t\t\t\t\t\t\u201cpane in pane\u201d-system sliding windows and tilt windows\t\t\t\t\t\t\t\t\t<\/span>\n\t\t\t\t\t\t\t\t\t\t\t\t\t\t\t\t<\/div>\n\t\t\t\t\t\t<\/li>\n\t\t\t\t\t\t\t\t\t\t\t<li class=\"elementor-repeater-item-3407d83\">\n\t\t\t\t\t\t\t<div class=\"elementor-price-table__feature-inner\">\n\t\t\t\t\t\t\t\t<i aria-hidden=\"true\" class=\"fas fa-check-square\"><\/i>\t\t\t\t\t\t\t\t\t\t\t\t\t\t\t\t\t<span >\n\t\t\t\t\t\t\t\t\t\ttraditional framed windows (with corner-welded or bent design)\t\t\t\t\t\t\t\t\t<\/span>\n\t\t\t\t\t\t\t\t\t\t\t\t\t\t\t\t<\/div>\n\t\t\t\t\t\t<\/li>\n\t\t\t\t\t\t\t\t\t\t\t<li class=\"elementor-repeater-item-82f2c03\">\n\t\t\t\t\t\t\t<div class=\"elementor-price-table__feature-inner\">\n\t\t\t\t\t\t\t\t<i aria-hidden=\"true\" class=\"fas fa-check-square\"><\/i>\t\t\t\t\t\t\t\t\t\t\t\t\t\t\t\t\t<span >\n\t\t\t\t\t\t\t\t\t\treplaceable panes upon request\t\t\t\t\t\t\t\t\t<\/span>\n\t\t\t\t\t\t\t\t\t\t\t\t\t\t\t\t<\/div>\n\t\t\t\t\t\t<\/li>\n\t\t\t\t\t\t\t\t\t\t\t<li class=\"elementor-repeater-item-6712224\">\n\t\t\t\t\t\t\t<div class=\"elementor-price-table__feature-inner\">\n\t\t\t\t\t\t\t\t<i aria-hidden=\"true\" class=\"fas fa-check-square\"><\/i>\t\t\t\t\t\t\t\t\t\t\t\t\t\t\t\t\t<span >\n\t\t\t\t\t\t\t\t\t\tgrid lock structure upon request\t\t\t\t\t\t\t\t\t<\/span>\n\t\t\t\t\t\t\t\t\t\t\t\t\t\t\t\t<\/div>\n\t\t\t\t\t\t<\/li>\n\t\t\t\t\t\t\t\t\t\t\t<li class=\"elementor-repeater-item-e0d261a\">\n\t\t\t\t\t\t\t<div class=\"elementor-price-table__feature-inner\">\n\t\t\t\t\t\t\t\t<i aria-hidden=\"true\" class=\"fas fa-check-square\"><\/i>\t\t\t\t\t\t\t\t\t\t\t\t\t\t\t\t\t<span >\n\t\t\t\t\t\t\t\t\t\tcustom dimensions and forms\t\t\t\t\t\t\t\t\t<\/span>\n\t\t\t\t\t\t\t\t\t\t\t\t\t\t\t\t<\/div>\n\t\t\t\t\t\t<\/li>\n\t\t\t\t\t\t\t\t\t\t\t<li class=\"elementor-repeater-item-813dd5b\">\n\t\t\t\t\t\t\t<div class=\"elementor-price-table__feature-inner\">\n\t\t\t\t\t\t\t\t<i aria-hidden=\"true\" class=\"fas fa-check-square\"><\/i>\t\t\t\t\t\t\t\t\t\t\t\t\t\t\t\t\t<span >\n\t\t\t\t\t\t\t\t\t\tgrates (aluminium or stainless steel)\t\t\t\t\t\t\t\t\t<\/span>\n\t\t\t\t\t\t\t\t\t\t\t\t\t\t\t\t<\/div>\n\t\t\t\t\t\t<\/li>\n\t\t\t\t\t\t\t\t\t\t\t<li class=\"elementor-repeater-item-fc6e9dd\">\n\t\t\t\t\t\t\t<div class=\"elementor-price-table__feature-inner\">\n\t\t\t\t\t\t\t\t<i aria-hidden=\"true\" class=\"fas fa-check-square\"><\/i>\t\t\t\t\t\t\t\t\t\t\t\t\t\t\t\t\t<span >\n\t\t\t\t\t\t\t\t\t\tinner cover frame for different wall thicknesses\t\t\t\t\t\t\t\t\t<\/span>\n\t\t\t\t\t\t\t\t\t\t\t\t\t\t\t\t<\/div>\n\t\t\t\t\t\t<\/li>\n\t\t\t\t\t\t\t\t\t<\/ul>\n\t\t\t\n\t\t\t\t\t<\/div>\n\n\t\t\t\t\t\t<\/div>\n\t\t\t\t<\/div>\n\t\t\t\t\t<\/div>\n\t\t<\/div>\n\t\t\t\t\t<\/div>\n\t\t<\/section>\n\t\t\t\t<section class=\"elementor-section elementor-top-section elementor-element elementor-element-27bc0056 elementor-section-content-middle elementor-section-boxed elementor-section-height-default elementor-section-height-default\" data-id=\"27bc0056\" data-element_type=\"section\" data-e-type=\"section\">\n\t\t\t\t\t\t<div class=\"elementor-container elementor-column-gap-no\">\n\t\t\t\t\t<div class=\"elementor-column elementor-col-100 elementor-top-column elementor-element elementor-element-784cce88\" data-id=\"784cce88\" data-element_type=\"column\" data-e-type=\"column\">\n\t\t\t<div class=\"elementor-widget-wrap elementor-element-populated\">\n\t\t\t\t\t\t<div class=\"elementor-element elementor-element-351bfa elementor-widget elementor-widget-heading\" data-id=\"351bfa\" data-element_type=\"widget\" data-e-type=\"widget\" data-widget_type=\"heading.default\">\n\t\t\t\t<div class=\"elementor-widget-container\">\n\t\t\t\t\t<h2 class=\"elementor-heading-title elementor-size-default\">gallery<\/h2>\t\t\t\t<\/div>\n\t\t\t\t<\/div>\n\t\t\t\t<div class=\"elementor-element elementor-element-308b544a elementor-widget-divider--view-line elementor-widget elementor-widget-divider\" data-id=\"308b544a\" data-element_type=\"widget\" data-e-type=\"widget\" data-widget_type=\"divider.default\">\n\t\t\t\t<div class=\"elementor-widget-container\">\n\t\t\t\t\t\t\t<div class=\"elementor-divider\">\n\t\t\t<span class=\"elementor-divider-separator\">\n\t\t\t\t\t\t<\/span>\n\t\t<\/div>\n\t\t\t\t\t\t<\/div>\n\t\t\t\t<\/div>\n\t\t\t\t\t<\/div>\n\t\t<\/div>\n\t\t\t\t\t<\/div>\n\t\t<\/section>\n\t\t\t\t<section class=\"elementor-section elementor-top-section elementor-element elementor-element-25c7fa11 elementor-section-boxed elementor-section-height-default elementor-section-height-default\" data-id=\"25c7fa11\" data-element_type=\"section\" data-e-type=\"section\">\n\t\t\t\t\t\t<div class=\"elementor-container elementor-column-gap-default\">\n\t\t\t\t\t<div class=\"elementor-column elementor-col-100 elementor-top-column elementor-element elementor-element-508c9e57\" data-id=\"508c9e57\" data-element_type=\"column\" data-e-type=\"column\">\n\t\t\t<div class=\"elementor-widget-wrap elementor-element-populated\">\n\t\t\t\t\t\t<div class=\"elementor-element elementor-element-71d5d9bf elementor-widget elementor-widget-gallery\" data-id=\"71d5d9bf\" data-element_type=\"widget\" data-e-type=\"widget\" data-settings=\"{&quot;gallery_layout&quot;:&quot;justified&quot;,&quot;lazyload&quot;:&quot;yes&quot;,&quot;ideal_row_height&quot;:{&quot;unit&quot;:&quot;px&quot;,&quot;size&quot;:200,&quot;sizes&quot;:[]},&quot;ideal_row_height_tablet&quot;:{&quot;unit&quot;:&quot;px&quot;,&quot;size&quot;:150,&quot;sizes&quot;:[]},&quot;ideal_row_height_mobile&quot;:{&quot;unit&quot;:&quot;px&quot;,&quot;size&quot;:150,&quot;sizes&quot;:[]},&quot;gap&quot;:{&quot;unit&quot;:&quot;px&quot;,&quot;size&quot;:10,&quot;sizes&quot;:[]},&quot;gap_tablet&quot;:{&quot;unit&quot;:&quot;px&quot;,&quot;size&quot;:10,&quot;sizes&quot;:[]},&quot;gap_mobile&quot;:{&quot;unit&quot;:&quot;px&quot;,&quot;size&quot;:10,&quot;sizes&quot;:[]},&quot;link_to&quot;:&quot;file&quot;,&quot;overlay_background&quot;:&quot;yes&quot;,&quot;content_hover_animation&quot;:&quot;fade-in&quot;}\" data-widget_type=\"gallery.default\">\n\t\t\t\t<div class=\"elementor-widget-container\">\n\t\t\t\t\t\t\t<div class=\"elementor-gallery__container\">\n\t\t\t\t\t\t\t<a class=\"e-gallery-item elementor-gallery-item elementor-animated-content\" href=\"https:\/\/metal99.hu\/wp-content\/uploads\/termekek-ablak-specialis2.jpg\" data-gal='prettyPhoto' rel='prettyPhoto' data-elementor-open-lightbox=\"yes\" data-elementor-lightbox-slideshow=\"71d5d9bf\" data-e-action-hash=\"#elementor-action%3Aaction%3Dlightbox%26settings%3DeyJpZCI6MTIwNywidXJsIjoiaHR0cHM6XC9cL21ldGFsOTkuaHVcL3dwLWNvbnRlbnRcL3VwbG9hZHNcL3Rlcm1la2VrLWFibGFrLXNwZWNpYWxpczIuanBnIiwic2xpZGVzaG93IjoiNzFkNWQ5YmYifQ%3D%3D\">\n\t\t\t\t\t<div class=\"e-gallery-image elementor-gallery-item__image\" data-thumbnail=\"https:\/\/metal99.hu\/wp-content\/uploads\/termekek-ablak-specialis2.jpg\" data-width=\"970\" data-height=\"650\" aria-label=\"ablakgy\u00e1rt\u00e1s, ajt\u00f3gy\u00e1rt\u00e1s, metal 99, metal99\" role=\"img\" ><\/div>\n\t\t\t\t\t\t\t\t\t\t\t<div class=\"elementor-gallery-item__overlay\"><\/div>\n\t\t\t\t\t\t\t\t\t\t\t\t\t\t<\/a>\n\t\t\t\t\t\t\t<a class=\"e-gallery-item elementor-gallery-item elementor-animated-content\" href=\"https:\/\/metal99.hu\/wp-content\/uploads\/termekek-ablak-specialis1.jpg\" data-gal='prettyPhoto' rel='prettyPhoto' data-elementor-open-lightbox=\"yes\" data-elementor-lightbox-slideshow=\"71d5d9bf\" data-e-action-hash=\"#elementor-action%3Aaction%3Dlightbox%26settings%3DeyJpZCI6MTIwNSwidXJsIjoiaHR0cHM6XC9cL21ldGFsOTkuaHVcL3dwLWNvbnRlbnRcL3VwbG9hZHNcL3Rlcm1la2VrLWFibGFrLXNwZWNpYWxpczEuanBnIiwic2xpZGVzaG93IjoiNzFkNWQ5YmYifQ%3D%3D\">\n\t\t\t\t\t<div class=\"e-gallery-image elementor-gallery-item__image\" data-thumbnail=\"https:\/\/metal99.hu\/wp-content\/uploads\/termekek-ablak-specialis1.jpg\" data-width=\"867\" data-height=\"650\" aria-label=\"ablakgy\u00e1rt\u00e1s, ajt\u00f3gy\u00e1rt\u00e1s, metal 99, metal99\" role=\"img\" ><\/div>\n\t\t\t\t\t\t\t\t\t\t\t<div class=\"elementor-gallery-item__overlay\"><\/div>\n\t\t\t\t\t\t\t\t\t\t\t\t\t\t<\/a>\n\t\t\t\t\t<\/div>\n\t\t\t\t\t<\/div>\n\t\t\t\t<\/div>\n\t\t\t\t\t<\/div>\n\t\t<\/div>\n\t\t\t\t\t<\/div>\n\t\t<\/section>\n\t\t\t\t<\/div>\n\t\t","protected":false},"excerpt":{"rendered":"<p>Windows for special structures (horse trailers, caravans) &#x2714; horse trailer windows &#x2714; caravan windows &#x2714; vertical and horizontal sliding windows &#x2714; fixed windows &#x2714; awning windows DESIGN DSG and ESG glazing, in custom colours \u201cpane in pane\u201d-system sliding windows and tilt windows traditional framed windows (with corner-welded or bent design) replaceable panes upon request grid &hellip;<\/p>\n","protected":false},"author":1,"featured_media":0,"parent":2069,"menu_order":0,"comment_status":"closed","ping_status":"closed","template":"template-fullwidth.php","meta":{"_custom_body_class":"","_custom_post_class":"","footnotes":""},"class_list":["post-2203","page","type-page","status-publish","hentry"],"yoast_head":"<!-- This site is optimized with the Yoast SEO plugin v27.2 - https:\/\/yoast.com\/product\/yoast-seo-wordpress\/ -->\n<title>Windows for special structures - Metal99 Kft.<\/title>\n<meta name=\"robots\" content=\"index, follow, max-snippet:-1, max-image-preview:large, max-video-preview:-1\" \/>\n<link rel=\"canonical\" href=\"https:\/\/metal99.hu\/en\/products\/windows\/windows-for-special-structures\/\" \/>\n<meta property=\"og:locale\" content=\"en_US\" \/>\n<meta property=\"og:type\" content=\"article\" \/>\n<meta property=\"og:title\" content=\"Windows for special structures - Metal99 Kft.\" \/>\n<meta property=\"og:description\" content=\"Windows for special structures (horse trailers, caravans) &#x2714; horse trailer windows &#x2714; caravan windows &#x2714; vertical and horizontal sliding windows &#x2714; fixed windows &#x2714; awning windows DESIGN DSG and ESG glazing, in custom colours \u201cpane in pane\u201d-system sliding windows and tilt windows traditional framed windows (with corner-welded or bent design) replaceable panes upon request grid &hellip;\" \/>\n<meta property=\"og:url\" content=\"https:\/\/metal99.hu\/en\/products\/windows\/windows-for-special-structures\/\" \/>\n<meta property=\"og:site_name\" content=\"Metal99 Kft.\" \/>\n<meta property=\"article:modified_time\" content=\"2022-09-15T11:16:41+00:00\" \/>\n<meta property=\"og:image\" content=\"https:\/\/metal99.hu\/wp-content\/uploads\/termekek-ablak-specialis2.jpg\" \/>\n\t<meta property=\"og:image:width\" content=\"970\" \/>\n\t<meta property=\"og:image:height\" content=\"650\" \/>\n\t<meta property=\"og:image:type\" content=\"image\/jpeg\" \/>\n<meta name=\"twitter:card\" content=\"summary_large_image\" \/>\n<meta name=\"twitter:label1\" content=\"Est. reading time\" \/>\n\t<meta name=\"twitter:data1\" content=\"2 minutes\" \/>\n<script type=\"application\/ld+json\" class=\"yoast-schema-graph\">{\"@context\":\"https:\/\/schema.org\",\"@graph\":[{\"@type\":\"WebPage\",\"@id\":\"https:\/\/metal99.hu\/en\/products\/windows\/windows-for-special-structures\/\",\"url\":\"https:\/\/metal99.hu\/en\/products\/windows\/windows-for-special-structures\/\",\"name\":\"Windows for special structures - Metal99 Kft.\",\"isPartOf\":{\"@id\":\"https:\/\/metal99.hu\/#website\"},\"datePublished\":\"2016-07-29T09:13:54+00:00\",\"dateModified\":\"2022-09-15T11:16:41+00:00\",\"breadcrumb\":{\"@id\":\"https:\/\/metal99.hu\/en\/products\/windows\/windows-for-special-structures\/#breadcrumb\"},\"inLanguage\":\"en-US\",\"potentialAction\":[{\"@type\":\"ReadAction\",\"target\":[\"https:\/\/metal99.hu\/en\/products\/windows\/windows-for-special-structures\/\"]}]},{\"@type\":\"BreadcrumbList\",\"@id\":\"https:\/\/metal99.hu\/en\/products\/windows\/windows-for-special-structures\/#breadcrumb\",\"itemListElement\":[{\"@type\":\"ListItem\",\"position\":1,\"name\":\"Home\",\"item\":\"https:\/\/metal99.hu\/de\/\"},{\"@type\":\"ListItem\",\"position\":2,\"name\":\"Products\",\"item\":\"https:\/\/metal99.hu\/en\/products\/\"},{\"@type\":\"ListItem\",\"position\":3,\"name\":\"Windows\",\"item\":\"https:\/\/metal99.hu\/en\/products\/windows\/\"},{\"@type\":\"ListItem\",\"position\":4,\"name\":\"Windows for special structures\"}]},{\"@type\":\"WebSite\",\"@id\":\"https:\/\/metal99.hu\/#website\",\"url\":\"https:\/\/metal99.hu\/\",\"name\":\"Metal99 Kft.\",\"description\":\"\",\"potentialAction\":[{\"@type\":\"SearchAction\",\"target\":{\"@type\":\"EntryPoint\",\"urlTemplate\":\"https:\/\/metal99.hu\/?s={search_term_string}\"},\"query-input\":{\"@type\":\"PropertyValueSpecification\",\"valueRequired\":true,\"valueName\":\"search_term_string\"}}],\"inLanguage\":\"en-US\"}]}<\/script>\n<!-- \/ Yoast SEO plugin. -->","yoast_head_json":{"title":"Windows for special structures - Metal99 Kft.","robots":{"index":"index","follow":"follow","max-snippet":"max-snippet:-1","max-image-preview":"max-image-preview:large","max-video-preview":"max-video-preview:-1"},"canonical":"https:\/\/metal99.hu\/en\/products\/windows\/windows-for-special-structures\/","og_locale":"en_US","og_type":"article","og_title":"Windows for special structures - Metal99 Kft.","og_description":"Windows for special structures (horse trailers, caravans) &#x2714; horse trailer windows &#x2714; caravan windows &#x2714; vertical and horizontal sliding windows &#x2714; fixed windows &#x2714; awning windows DESIGN DSG and ESG glazing, in custom colours \u201cpane in pane\u201d-system sliding windows and tilt windows traditional framed windows (with corner-welded or bent design) replaceable panes upon request grid &hellip;","og_url":"https:\/\/metal99.hu\/en\/products\/windows\/windows-for-special-structures\/","og_site_name":"Metal99 Kft.","article_modified_time":"2022-09-15T11:16:41+00:00","og_image":[{"width":970,"height":650,"url":"https:\/\/metal99.hu\/wp-content\/uploads\/termekek-ablak-specialis2.jpg","type":"image\/jpeg"}],"twitter_card":"summary_large_image","twitter_misc":{"Est. reading time":"2 minutes"},"schema":{"@context":"https:\/\/schema.org","@graph":[{"@type":"WebPage","@id":"https:\/\/metal99.hu\/en\/products\/windows\/windows-for-special-structures\/","url":"https:\/\/metal99.hu\/en\/products\/windows\/windows-for-special-structures\/","name":"Windows for special structures - Metal99 Kft.","isPartOf":{"@id":"https:\/\/metal99.hu\/#website"},"datePublished":"2016-07-29T09:13:54+00:00","dateModified":"2022-09-15T11:16:41+00:00","breadcrumb":{"@id":"https:\/\/metal99.hu\/en\/products\/windows\/windows-for-special-structures\/#breadcrumb"},"inLanguage":"en-US","potentialAction":[{"@type":"ReadAction","target":["https:\/\/metal99.hu\/en\/products\/windows\/windows-for-special-structures\/"]}]},{"@type":"BreadcrumbList","@id":"https:\/\/metal99.hu\/en\/products\/windows\/windows-for-special-structures\/#breadcrumb","itemListElement":[{"@type":"ListItem","position":1,"name":"Home","item":"https:\/\/metal99.hu\/de\/"},{"@type":"ListItem","position":2,"name":"Products","item":"https:\/\/metal99.hu\/en\/products\/"},{"@type":"ListItem","position":3,"name":"Windows","item":"https:\/\/metal99.hu\/en\/products\/windows\/"},{"@type":"ListItem","position":4,"name":"Windows for special structures"}]},{"@type":"WebSite","@id":"https:\/\/metal99.hu\/#website","url":"https:\/\/metal99.hu\/","name":"Metal99 Kft.","description":"","potentialAction":[{"@type":"SearchAction","target":{"@type":"EntryPoint","urlTemplate":"https:\/\/metal99.hu\/?s={search_term_string}"},"query-input":{"@type":"PropertyValueSpecification","valueRequired":true,"valueName":"search_term_string"}}],"inLanguage":"en-US"}]}},"_links":{"self":[{"href":"https:\/\/metal99.hu\/en\/wp-json\/wp\/v2\/pages\/2203","targetHints":{"allow":["GET"]}}],"collection":[{"href":"https:\/\/metal99.hu\/en\/wp-json\/wp\/v2\/pages"}],"about":[{"href":"https:\/\/metal99.hu\/en\/wp-json\/wp\/v2\/types\/page"}],"author":[{"embeddable":true,"href":"https:\/\/metal99.hu\/en\/wp-json\/wp\/v2\/users\/1"}],"replies":[{"embeddable":true,"href":"https:\/\/metal99.hu\/en\/wp-json\/wp\/v2\/comments?post=2203"}],"version-history":[{"count":9,"href":"https:\/\/metal99.hu\/en\/wp-json\/wp\/v2\/pages\/2203\/revisions"}],"predecessor-version":[{"id":4717,"href":"https:\/\/metal99.hu\/en\/wp-json\/wp\/v2\/pages\/2203\/revisions\/4717"}],"up":[{"embeddable":true,"href":"https:\/\/metal99.hu\/en\/wp-json\/wp\/v2\/pages\/2069"}],"wp:attachment":[{"href":"https:\/\/metal99.hu\/en\/wp-json\/wp\/v2\/media?parent=2203"}],"curies":[{"name":"wp","href":"https:\/\/api.w.org\/{rel}","templated":true}]}}