{"id":2173,"date":"2016-07-29T09:12:30","date_gmt":"2016-07-29T09:12:30","guid":{"rendered":"https:\/\/metal99.hu\/products\/windows\/vasuti-ablakok\/"},"modified":"2022-09-15T11:16:28","modified_gmt":"2022-09-15T11:16:28","slug":"railway-windows","status":"publish","type":"page","link":"https:\/\/metal99.hu\/en\/products\/windows\/railway-windows\/","title":{"rendered":"Railway windows"},"content":{"rendered":"\t\t<div data-elementor-type=\"wp-page\" data-elementor-id=\"2173\" class=\"elementor elementor-2173 elementor-1357\" data-elementor-post-type=\"page\">\n\t\t\t\t\t\t<section class=\"elementor-section elementor-top-section elementor-element elementor-element-60774214 elementor-section-content-middle elementor-section-boxed elementor-section-height-default elementor-section-height-default\" data-id=\"60774214\" data-element_type=\"section\" data-e-type=\"section\">\n\t\t\t\t\t\t<div class=\"elementor-container elementor-column-gap-no\">\n\t\t\t\t\t<div class=\"elementor-column elementor-col-50 elementor-top-column elementor-element elementor-element-6f5bf34f\" data-id=\"6f5bf34f\" data-element_type=\"column\" data-e-type=\"column\" data-settings=\"{&quot;background_background&quot;:&quot;gradient&quot;}\">\n\t\t\t<div class=\"elementor-widget-wrap elementor-element-populated\">\n\t\t\t\t\t\t<div class=\"elementor-element elementor-element-12a5a71c elementor-view-default elementor-position-block-start elementor-mobile-position-block-start elementor-widget elementor-widget-icon-box\" data-id=\"12a5a71c\" data-element_type=\"widget\" data-e-type=\"widget\" data-widget_type=\"icon-box.default\">\n\t\t\t\t<div class=\"elementor-widget-container\">\n\t\t\t\t\t\t\t<div class=\"elementor-icon-box-wrapper\">\n\n\t\t\t\t\t\t<div class=\"elementor-icon-box-icon\">\n\t\t\t\t<span  class=\"elementor-icon\">\n\t\t\t\t<i aria-hidden=\"true\" class=\"fas fa-train\"><\/i>\t\t\t\t<\/span>\n\t\t\t<\/div>\n\t\t\t\n\t\t\t\t\t\t<div class=\"elementor-icon-box-content\">\n\n\t\t\t\t\t\t\t\t\t<h3 class=\"elementor-icon-box-title\">\n\t\t\t\t\t\t<span  >\n\t\t\t\t\t\t\tPassenger compartment windows\t\t\t\t\t\t<\/span>\n\t\t\t\t\t<\/h3>\n\t\t\t\t\n\t\t\t\t\t\t\t\t\t<p class=\"elementor-icon-box-description\">\n\t\t\t\t\t\t\u2714   tilt windows<br>\n\u2714   vertical sliding windows<br>\n\u2714   fixed windows\t\t\t\t\t<\/p>\n\t\t\t\t\n\t\t\t<\/div>\n\t\t\t\n\t\t<\/div>\n\t\t\t\t\t\t<\/div>\n\t\t\t\t<\/div>\n\t\t\t\t\t<\/div>\n\t\t<\/div>\n\t\t\t\t<div class=\"elementor-column elementor-col-50 elementor-top-column elementor-element elementor-element-5b326a40\" data-id=\"5b326a40\" data-element_type=\"column\" data-e-type=\"column\" data-settings=\"{&quot;background_background&quot;:&quot;classic&quot;}\">\n\t\t\t<div class=\"elementor-widget-wrap elementor-element-populated\">\n\t\t\t\t\t\t<div class=\"elementor-element elementor-element-f774175 elementor-widget elementor-widget-price-table\" data-id=\"f774175\" data-element_type=\"widget\" data-e-type=\"widget\" data-widget_type=\"price-table.default\">\n\t\t\t\t<div class=\"elementor-widget-container\">\n\t\t\t\t\t\n\t\t<div class=\"elementor-price-table\">\n\t\t\t\t\t\t\t<div class=\"elementor-price-table__header\">\n\t\t\t\t\t\t\t\t\t\t\t<h3 class=\"elementor-price-table__heading\">\n\t\t\t\t\t\tDESIGN\t\t\t\t\t\t<\/h3>\n\t\t\t\t\t\n\t\t\t\t\t\t\t\t\t<\/div>\n\t\t\t\n\t\t\t<div class=\"elementor-price-table__price\">\n\t\t\t\t\t\t\t\t\t\t\t\t\n\t\t\t\t\n\t\t\t\t\n\t\t\t\t\t\t\t<\/div>\n\n\t\t\t\t\t\t\t<ul class=\"elementor-price-table__features-list\">\n\t\t\t\t\t\t\t\t\t\t\t<li class=\"elementor-repeater-item-8e2fe3b\">\n\t\t\t\t\t\t\t<div class=\"elementor-price-table__feature-inner\">\n\t\t\t\t\t\t\t\t<i aria-hidden=\"true\" class=\"fas fa-check-square\"><\/i>\t\t\t\t\t\t\t\t\t\t\t\t\t\t\t\t\t<span >\n\t\t\t\t\t\t\t\t\t\tDSG and ESG glazing, with custom glass composition and colour\t\t\t\t\t\t\t\t\t<\/span>\n\t\t\t\t\t\t\t\t\t\t\t\t\t\t\t\t<\/div>\n\t\t\t\t\t\t<\/li>\n\t\t\t\t\t\t\t\t\t\t\t<li class=\"elementor-repeater-item-354e987\">\n\t\t\t\t\t\t\t<div class=\"elementor-price-table__feature-inner\">\n\t\t\t\t\t\t\t\t<i aria-hidden=\"true\" class=\"fas fa-check-square\"><\/i>\t\t\t\t\t\t\t\t\t\t\t\t\t\t\t\t\t<span >\n\t\t\t\t\t\t\t\t\t\tcustom lock structures\t\t\t\t\t\t\t\t\t<\/span>\n\t\t\t\t\t\t\t\t\t\t\t\t\t\t\t\t<\/div>\n\t\t\t\t\t\t<\/li>\n\t\t\t\t\t\t\t\t\t\t\t<li class=\"elementor-repeater-item-54b95bd\">\n\t\t\t\t\t\t\t<div class=\"elementor-price-table__feature-inner\">\n\t\t\t\t\t\t\t\t<i aria-hidden=\"true\" class=\"fas fa-check-square\"><\/i>\t\t\t\t\t\t\t\t\t\t\t\t\t\t\t\t\t<span >\n\t\t\t\t\t\t\t\t\t\tvarious installation methods (gluing, screw fastening, rubber-mounted)\t\t\t\t\t\t\t\t\t<\/span>\n\t\t\t\t\t\t\t\t\t\t\t\t\t\t\t\t<\/div>\n\t\t\t\t\t\t<\/li>\n\t\t\t\t\t\t\t\t\t<\/ul>\n\t\t\t\n\t\t\t\t\t<\/div>\n\n\t\t\t\t\t\t<\/div>\n\t\t\t\t<\/div>\n\t\t\t\t\t<\/div>\n\t\t<\/div>\n\t\t\t\t\t<\/div>\n\t\t<\/section>\n\t\t\t\t<section class=\"elementor-section elementor-top-section elementor-element elementor-element-2daf2a7a elementor-section-content-middle elementor-section-boxed elementor-section-height-default elementor-section-height-default\" data-id=\"2daf2a7a\" data-element_type=\"section\" data-e-type=\"section\">\n\t\t\t\t\t\t<div class=\"elementor-container elementor-column-gap-no\">\n\t\t\t\t\t<div class=\"elementor-column elementor-col-100 elementor-top-column elementor-element elementor-element-15dea771\" data-id=\"15dea771\" data-element_type=\"column\" data-e-type=\"column\">\n\t\t\t<div class=\"elementor-widget-wrap elementor-element-populated\">\n\t\t\t\t\t\t<div class=\"elementor-element elementor-element-3e77b4ac elementor-widget elementor-widget-heading\" data-id=\"3e77b4ac\" data-element_type=\"widget\" data-e-type=\"widget\" data-widget_type=\"heading.default\">\n\t\t\t\t<div class=\"elementor-widget-container\">\n\t\t\t\t\t<h2 class=\"elementor-heading-title elementor-size-default\">gallery<\/h2>\t\t\t\t<\/div>\n\t\t\t\t<\/div>\n\t\t\t\t<div class=\"elementor-element elementor-element-2c4420ba elementor-widget-divider--view-line elementor-widget elementor-widget-divider\" data-id=\"2c4420ba\" data-element_type=\"widget\" data-e-type=\"widget\" data-widget_type=\"divider.default\">\n\t\t\t\t<div class=\"elementor-widget-container\">\n\t\t\t\t\t\t\t<div class=\"elementor-divider\">\n\t\t\t<span class=\"elementor-divider-separator\">\n\t\t\t\t\t\t<\/span>\n\t\t<\/div>\n\t\t\t\t\t\t<\/div>\n\t\t\t\t<\/div>\n\t\t\t\t\t<\/div>\n\t\t<\/div>\n\t\t\t\t\t<\/div>\n\t\t<\/section>\n\t\t\t\t<section class=\"elementor-section elementor-top-section elementor-element elementor-element-56be2038 elementor-section-boxed elementor-section-height-default elementor-section-height-default\" data-id=\"56be2038\" data-element_type=\"section\" data-e-type=\"section\">\n\t\t\t\t\t\t<div class=\"elementor-container elementor-column-gap-default\">\n\t\t\t\t\t<div class=\"elementor-column elementor-col-100 elementor-top-column elementor-element elementor-element-481e2b2a\" data-id=\"481e2b2a\" data-element_type=\"column\" data-e-type=\"column\">\n\t\t\t<div class=\"elementor-widget-wrap elementor-element-populated\">\n\t\t\t\t\t\t<div class=\"elementor-element elementor-element-274543e elementor-widget elementor-widget-gallery\" data-id=\"274543e\" data-element_type=\"widget\" data-e-type=\"widget\" data-settings=\"{&quot;gallery_layout&quot;:&quot;justified&quot;,&quot;ideal_row_height&quot;:{&quot;unit&quot;:&quot;px&quot;,&quot;size&quot;:150,&quot;sizes&quot;:[]},&quot;lazyload&quot;:&quot;yes&quot;,&quot;ideal_row_height_tablet&quot;:{&quot;unit&quot;:&quot;px&quot;,&quot;size&quot;:150,&quot;sizes&quot;:[]},&quot;ideal_row_height_mobile&quot;:{&quot;unit&quot;:&quot;px&quot;,&quot;size&quot;:150,&quot;sizes&quot;:[]},&quot;gap&quot;:{&quot;unit&quot;:&quot;px&quot;,&quot;size&quot;:10,&quot;sizes&quot;:[]},&quot;gap_tablet&quot;:{&quot;unit&quot;:&quot;px&quot;,&quot;size&quot;:10,&quot;sizes&quot;:[]},&quot;gap_mobile&quot;:{&quot;unit&quot;:&quot;px&quot;,&quot;size&quot;:10,&quot;sizes&quot;:[]},&quot;link_to&quot;:&quot;file&quot;,&quot;overlay_background&quot;:&quot;yes&quot;,&quot;content_hover_animation&quot;:&quot;fade-in&quot;}\" data-widget_type=\"gallery.default\">\n\t\t\t\t<div class=\"elementor-widget-container\">\n\t\t\t\t\t\t\t<div class=\"elementor-gallery__container\">\n\t\t\t\t\t\t\t<a class=\"e-gallery-item elementor-gallery-item elementor-animated-content\" href=\"https:\/\/metal99.hu\/wp-content\/uploads\/termekek-ablak-vasuti8.jpg\" data-gal='prettyPhoto' rel='prettyPhoto' data-elementor-open-lightbox=\"yes\" data-elementor-lightbox-slideshow=\"274543e\" data-e-action-hash=\"#elementor-action%3Aaction%3Dlightbox%26settings%3DeyJpZCI6MTIzMywidXJsIjoiaHR0cHM6XC9cL21ldGFsOTkuaHVcL3dwLWNvbnRlbnRcL3VwbG9hZHNcL3Rlcm1la2VrLWFibGFrLXZhc3V0aTguanBnIiwic2xpZGVzaG93IjoiMjc0NTQzZSJ9\">\n\t\t\t\t\t<div class=\"e-gallery-image elementor-gallery-item__image\" data-thumbnail=\"https:\/\/metal99.hu\/wp-content\/uploads\/termekek-ablak-vasuti8.jpg\" data-width=\"979\" data-height=\"650\" aria-label=\"ablakgy\u00e1rt\u00e1s, ajt\u00f3gy\u00e1rt\u00e1s, metal 99, metal99\" role=\"img\" ><\/div>\n\t\t\t\t\t\t\t\t\t\t\t<div class=\"elementor-gallery-item__overlay\"><\/div>\n\t\t\t\t\t\t\t\t\t\t\t\t\t\t<\/a>\n\t\t\t\t\t\t\t<a class=\"e-gallery-item elementor-gallery-item elementor-animated-content\" href=\"https:\/\/metal99.hu\/wp-content\/uploads\/termekek-ablak-vasuti11.jpg\" data-gal='prettyPhoto' rel='prettyPhoto' data-elementor-open-lightbox=\"yes\" data-elementor-lightbox-slideshow=\"274543e\" data-e-action-hash=\"#elementor-action%3Aaction%3Dlightbox%26settings%3DeyJpZCI6MTIyOSwidXJsIjoiaHR0cHM6XC9cL21ldGFsOTkuaHVcL3dwLWNvbnRlbnRcL3VwbG9hZHNcL3Rlcm1la2VrLWFibGFrLXZhc3V0aTExLmpwZyIsInNsaWRlc2hvdyI6IjI3NDU0M2UifQ%3D%3D\">\n\t\t\t\t\t<div class=\"e-gallery-image elementor-gallery-item__image\" data-thumbnail=\"https:\/\/metal99.hu\/wp-content\/uploads\/termekek-ablak-vasuti11-1024x570.jpg\" data-width=\"1024\" data-height=\"570\" aria-label=\"ablakgy\u00e1rt\u00e1s, ajt\u00f3gy\u00e1rt\u00e1s, metal 99, metal99\" role=\"img\" ><\/div>\n\t\t\t\t\t\t\t\t\t\t\t<div class=\"elementor-gallery-item__overlay\"><\/div>\n\t\t\t\t\t\t\t\t\t\t\t\t\t\t<\/a>\n\t\t\t\t\t\t\t<a class=\"e-gallery-item elementor-gallery-item elementor-animated-content\" href=\"https:\/\/metal99.hu\/wp-content\/uploads\/termekek-ablak-vasuti10.jpg\" data-gal='prettyPhoto' rel='prettyPhoto' data-elementor-open-lightbox=\"yes\" data-elementor-lightbox-slideshow=\"274543e\" data-e-action-hash=\"#elementor-action%3Aaction%3Dlightbox%26settings%3DeyJpZCI6MTIyNywidXJsIjoiaHR0cHM6XC9cL21ldGFsOTkuaHVcL3dwLWNvbnRlbnRcL3VwbG9hZHNcL3Rlcm1la2VrLWFibGFrLXZhc3V0aTEwLmpwZyIsInNsaWRlc2hvdyI6IjI3NDU0M2UifQ%3D%3D\">\n\t\t\t\t\t<div class=\"e-gallery-image elementor-gallery-item__image\" data-thumbnail=\"https:\/\/metal99.hu\/wp-content\/uploads\/termekek-ablak-vasuti10.jpg\" data-width=\"975\" data-height=\"650\" aria-label=\"ablakgy\u00e1rt\u00e1s, ajt\u00f3gy\u00e1rt\u00e1s, metal 99, metal99\" role=\"img\" ><\/div>\n\t\t\t\t\t\t\t\t\t\t\t<div class=\"elementor-gallery-item__overlay\"><\/div>\n\t\t\t\t\t\t\t\t\t\t\t\t\t\t<\/a>\n\t\t\t\t\t\t\t<a class=\"e-gallery-item elementor-gallery-item elementor-animated-content\" href=\"https:\/\/metal99.hu\/wp-content\/uploads\/termekek-ablak-vasuti9.jpg\" data-gal='prettyPhoto' rel='prettyPhoto' data-elementor-open-lightbox=\"yes\" data-elementor-lightbox-slideshow=\"274543e\" data-e-action-hash=\"#elementor-action%3Aaction%3Dlightbox%26settings%3DeyJpZCI6MTIyNSwidXJsIjoiaHR0cHM6XC9cL21ldGFsOTkuaHVcL3dwLWNvbnRlbnRcL3VwbG9hZHNcL3Rlcm1la2VrLWFibGFrLXZhc3V0aTkuanBnIiwic2xpZGVzaG93IjoiMjc0NTQzZSJ9\">\n\t\t\t\t\t<div class=\"e-gallery-image elementor-gallery-item__image\" data-thumbnail=\"https:\/\/metal99.hu\/wp-content\/uploads\/termekek-ablak-vasuti9.jpg\" data-width=\"968\" data-height=\"650\" aria-label=\"ablakgy\u00e1rt\u00e1s, ajt\u00f3gy\u00e1rt\u00e1s, metal 99, metal99\" role=\"img\" ><\/div>\n\t\t\t\t\t\t\t\t\t\t\t<div class=\"elementor-gallery-item__overlay\"><\/div>\n\t\t\t\t\t\t\t\t\t\t\t\t\t\t<\/a>\n\t\t\t\t\t\t\t<a class=\"e-gallery-item elementor-gallery-item elementor-animated-content\" href=\"https:\/\/metal99.hu\/wp-content\/uploads\/termekek-ablak-vasuti7.jpg\" data-gal='prettyPhoto' rel='prettyPhoto' data-elementor-open-lightbox=\"yes\" data-elementor-lightbox-slideshow=\"274543e\" data-e-action-hash=\"#elementor-action%3Aaction%3Dlightbox%26settings%3DeyJpZCI6MTIyMSwidXJsIjoiaHR0cHM6XC9cL21ldGFsOTkuaHVcL3dwLWNvbnRlbnRcL3VwbG9hZHNcL3Rlcm1la2VrLWFibGFrLXZhc3V0aTcuanBnIiwic2xpZGVzaG93IjoiMjc0NTQzZSJ9\">\n\t\t\t\t\t<div class=\"e-gallery-image elementor-gallery-item__image\" data-thumbnail=\"https:\/\/metal99.hu\/wp-content\/uploads\/termekek-ablak-vasuti7-1024x576.jpg\" data-width=\"1024\" data-height=\"576\" aria-label=\"ablakgy\u00e1rt\u00e1s, ajt\u00f3gy\u00e1rt\u00e1s, metal 99, metal99\" role=\"img\" ><\/div>\n\t\t\t\t\t\t\t\t\t\t\t<div class=\"elementor-gallery-item__overlay\"><\/div>\n\t\t\t\t\t\t\t\t\t\t\t\t\t\t<\/a>\n\t\t\t\t\t\t\t<a class=\"e-gallery-item elementor-gallery-item elementor-animated-content\" href=\"https:\/\/metal99.hu\/wp-content\/uploads\/termekek-ablak-vasuti6.jpg\" data-gal='prettyPhoto' rel='prettyPhoto' data-elementor-open-lightbox=\"yes\" data-elementor-lightbox-slideshow=\"274543e\" data-e-action-hash=\"#elementor-action%3Aaction%3Dlightbox%26settings%3DeyJpZCI6MTIxOSwidXJsIjoiaHR0cHM6XC9cL21ldGFsOTkuaHVcL3dwLWNvbnRlbnRcL3VwbG9hZHNcL3Rlcm1la2VrLWFibGFrLXZhc3V0aTYuanBnIiwic2xpZGVzaG93IjoiMjc0NTQzZSJ9\">\n\t\t\t\t\t<div class=\"e-gallery-image elementor-gallery-item__image\" data-thumbnail=\"https:\/\/metal99.hu\/wp-content\/uploads\/termekek-ablak-vasuti6.jpg\" data-width=\"974\" data-height=\"650\" aria-label=\"ablakgy\u00e1rt\u00e1s, ajt\u00f3gy\u00e1rt\u00e1s, metal 99, metal99\" role=\"img\" ><\/div>\n\t\t\t\t\t\t\t\t\t\t\t<div class=\"elementor-gallery-item__overlay\"><\/div>\n\t\t\t\t\t\t\t\t\t\t\t\t\t\t<\/a>\n\t\t\t\t\t\t\t<a class=\"e-gallery-item elementor-gallery-item elementor-animated-content\" href=\"https:\/\/metal99.hu\/wp-content\/uploads\/termekek-ablak-vasuti5.jpg\" data-gal='prettyPhoto' rel='prettyPhoto' data-elementor-open-lightbox=\"yes\" data-elementor-lightbox-slideshow=\"274543e\" data-e-action-hash=\"#elementor-action%3Aaction%3Dlightbox%26settings%3DeyJpZCI6MTIxNywidXJsIjoiaHR0cHM6XC9cL21ldGFsOTkuaHVcL3dwLWNvbnRlbnRcL3VwbG9hZHNcL3Rlcm1la2VrLWFibGFrLXZhc3V0aTUuanBnIiwic2xpZGVzaG93IjoiMjc0NTQzZSJ9\">\n\t\t\t\t\t<div class=\"e-gallery-image elementor-gallery-item__image\" data-thumbnail=\"https:\/\/metal99.hu\/wp-content\/uploads\/termekek-ablak-vasuti5.jpg\" data-width=\"975\" data-height=\"650\" aria-label=\"ablakgy\u00e1rt\u00e1s, ajt\u00f3gy\u00e1rt\u00e1s, metal 99, metal99\" role=\"img\" ><\/div>\n\t\t\t\t\t\t\t\t\t\t\t<div class=\"elementor-gallery-item__overlay\"><\/div>\n\t\t\t\t\t\t\t\t\t\t\t\t\t\t<\/a>\n\t\t\t\t\t\t\t<a class=\"e-gallery-item elementor-gallery-item elementor-animated-content\" href=\"https:\/\/metal99.hu\/wp-content\/uploads\/termekek-ablak-vasuti3.jpg\" data-gal='prettyPhoto' rel='prettyPhoto' data-elementor-open-lightbox=\"yes\" data-elementor-lightbox-slideshow=\"274543e\" data-e-action-hash=\"#elementor-action%3Aaction%3Dlightbox%26settings%3DeyJpZCI6MTIxMywidXJsIjoiaHR0cHM6XC9cL21ldGFsOTkuaHVcL3dwLWNvbnRlbnRcL3VwbG9hZHNcL3Rlcm1la2VrLWFibGFrLXZhc3V0aTMuanBnIiwic2xpZGVzaG93IjoiMjc0NTQzZSJ9\">\n\t\t\t\t\t<div class=\"e-gallery-image elementor-gallery-item__image\" data-thumbnail=\"https:\/\/metal99.hu\/wp-content\/uploads\/termekek-ablak-vasuti3-1024x577.jpg\" data-width=\"1024\" data-height=\"577\" aria-label=\"ablakgy\u00e1rt\u00e1s, ajt\u00f3gy\u00e1rt\u00e1s, metal 99, metal99\" role=\"img\" ><\/div>\n\t\t\t\t\t\t\t\t\t\t\t<div class=\"elementor-gallery-item__overlay\"><\/div>\n\t\t\t\t\t\t\t\t\t\t\t\t\t\t<\/a>\n\t\t\t\t\t\t\t<a class=\"e-gallery-item elementor-gallery-item elementor-animated-content\" href=\"https:\/\/metal99.hu\/wp-content\/uploads\/termekek-ablak-vasuti4.jpg\" data-gal='prettyPhoto' rel='prettyPhoto' data-elementor-open-lightbox=\"yes\" data-elementor-lightbox-slideshow=\"274543e\" data-e-action-hash=\"#elementor-action%3Aaction%3Dlightbox%26settings%3DeyJpZCI6MTIxNSwidXJsIjoiaHR0cHM6XC9cL21ldGFsOTkuaHVcL3dwLWNvbnRlbnRcL3VwbG9hZHNcL3Rlcm1la2VrLWFibGFrLXZhc3V0aTQuanBnIiwic2xpZGVzaG93IjoiMjc0NTQzZSJ9\">\n\t\t\t\t\t<div class=\"e-gallery-image elementor-gallery-item__image\" data-thumbnail=\"https:\/\/metal99.hu\/wp-content\/uploads\/termekek-ablak-vasuti4.jpg\" data-width=\"974\" data-height=\"650\" aria-label=\"ablakgy\u00e1rt\u00e1s, ajt\u00f3gy\u00e1rt\u00e1s, metal 99, metal99\" role=\"img\" ><\/div>\n\t\t\t\t\t\t\t\t\t\t\t<div class=\"elementor-gallery-item__overlay\"><\/div>\n\t\t\t\t\t\t\t\t\t\t\t\t\t\t<\/a>\n\t\t\t\t\t\t\t<a class=\"e-gallery-item elementor-gallery-item elementor-animated-content\" href=\"https:\/\/metal99.hu\/wp-content\/uploads\/termekek-ablak-vasuti2.jpg\" data-gal='prettyPhoto' rel='prettyPhoto' data-elementor-open-lightbox=\"yes\" data-elementor-lightbox-slideshow=\"274543e\" data-e-action-hash=\"#elementor-action%3Aaction%3Dlightbox%26settings%3DeyJpZCI6MTIxMSwidXJsIjoiaHR0cHM6XC9cL21ldGFsOTkuaHVcL3dwLWNvbnRlbnRcL3VwbG9hZHNcL3Rlcm1la2VrLWFibGFrLXZhc3V0aTIuanBnIiwic2xpZGVzaG93IjoiMjc0NTQzZSJ9\">\n\t\t\t\t\t<div class=\"e-gallery-image elementor-gallery-item__image\" data-thumbnail=\"https:\/\/metal99.hu\/wp-content\/uploads\/termekek-ablak-vasuti2.jpg\" data-width=\"867\" data-height=\"650\" aria-label=\"ablakgy\u00e1rt\u00e1s, ajt\u00f3gy\u00e1rt\u00e1s, metal 99, metal99\" role=\"img\" ><\/div>\n\t\t\t\t\t\t\t\t\t\t\t<div class=\"elementor-gallery-item__overlay\"><\/div>\n\t\t\t\t\t\t\t\t\t\t\t\t\t\t<\/a>\n\t\t\t\t\t\t\t<a class=\"e-gallery-item elementor-gallery-item elementor-animated-content\" href=\"https:\/\/metal99.hu\/wp-content\/uploads\/termekek-ablak-vasuti1.jpg\" data-gal='prettyPhoto' rel='prettyPhoto' data-elementor-open-lightbox=\"yes\" data-elementor-lightbox-slideshow=\"274543e\" data-e-action-hash=\"#elementor-action%3Aaction%3Dlightbox%26settings%3DeyJpZCI6MTIwOSwidXJsIjoiaHR0cHM6XC9cL21ldGFsOTkuaHVcL3dwLWNvbnRlbnRcL3VwbG9hZHNcL3Rlcm1la2VrLWFibGFrLXZhc3V0aTEuanBnIiwic2xpZGVzaG93IjoiMjc0NTQzZSJ9\">\n\t\t\t\t\t<div class=\"e-gallery-image elementor-gallery-item__image\" data-thumbnail=\"https:\/\/metal99.hu\/wp-content\/uploads\/termekek-ablak-vasuti1.jpg\" data-width=\"975\" data-height=\"650\" aria-label=\"ablakgy\u00e1rt\u00e1s, ajt\u00f3gy\u00e1rt\u00e1s, metal 99, metal99\" role=\"img\" ><\/div>\n\t\t\t\t\t\t\t\t\t\t\t<div class=\"elementor-gallery-item__overlay\"><\/div>\n\t\t\t\t\t\t\t\t\t\t\t\t\t\t<\/a>\n\t\t\t\t\t<\/div>\n\t\t\t\t\t<\/div>\n\t\t\t\t<\/div>\n\t\t\t\t\t<\/div>\n\t\t<\/div>\n\t\t\t\t\t<\/div>\n\t\t<\/section>\n\t\t\t\t<\/div>\n\t\t","protected":false},"excerpt":{"rendered":"<p>Passenger compartment windows &#x2714; tilt windows &#x2714; vertical sliding windows &#x2714; fixed windows DESIGN DSG and ESG glazing, with custom glass composition and colour custom lock structures various installation methods (gluing, screw fastening, rubber-mounted) gallery<\/p>\n","protected":false},"author":1,"featured_media":0,"parent":2069,"menu_order":0,"comment_status":"closed","ping_status":"closed","template":"template-fullwidth.php","meta":{"_custom_body_class":"","_custom_post_class":"","footnotes":""},"class_list":["post-2173","page","type-page","status-publish","hentry"],"yoast_head":"<!-- This site is optimized with the Yoast SEO plugin v27.2 - https:\/\/yoast.com\/product\/yoast-seo-wordpress\/ -->\n<title>Railway windows - Metal99 Kft.<\/title>\n<meta name=\"robots\" content=\"index, follow, max-snippet:-1, max-image-preview:large, max-video-preview:-1\" \/>\n<link rel=\"canonical\" href=\"https:\/\/metal99.hu\/en\/products\/windows\/railway-windows\/\" \/>\n<meta property=\"og:locale\" content=\"en_US\" \/>\n<meta property=\"og:type\" content=\"article\" \/>\n<meta property=\"og:title\" content=\"Railway windows - Metal99 Kft.\" \/>\n<meta property=\"og:description\" content=\"Passenger compartment windows &#x2714; tilt windows &#x2714; vertical sliding windows &#x2714; fixed windows DESIGN DSG and ESG glazing, with custom glass composition and colour custom lock structures various installation methods (gluing, screw fastening, rubber-mounted) gallery\" \/>\n<meta property=\"og:url\" content=\"https:\/\/metal99.hu\/en\/products\/windows\/railway-windows\/\" \/>\n<meta property=\"og:site_name\" content=\"Metal99 Kft.\" \/>\n<meta property=\"article:modified_time\" content=\"2022-09-15T11:16:28+00:00\" \/>\n<meta property=\"og:image\" content=\"https:\/\/metal99.hu\/wp-content\/uploads\/termekek-ablak-vasuti6.jpg\" \/>\n\t<meta property=\"og:image:width\" content=\"974\" \/>\n\t<meta property=\"og:image:height\" content=\"650\" \/>\n\t<meta property=\"og:image:type\" content=\"image\/jpeg\" \/>\n<meta name=\"twitter:card\" content=\"summary_large_image\" \/>\n<meta name=\"twitter:label1\" content=\"Est. reading time\" \/>\n\t<meta name=\"twitter:data1\" content=\"1 minute\" \/>\n<script type=\"application\/ld+json\" class=\"yoast-schema-graph\">{\"@context\":\"https:\/\/schema.org\",\"@graph\":[{\"@type\":\"WebPage\",\"@id\":\"https:\/\/metal99.hu\/en\/products\/windows\/railway-windows\/\",\"url\":\"https:\/\/metal99.hu\/en\/products\/windows\/railway-windows\/\",\"name\":\"Railway windows - Metal99 Kft.\",\"isPartOf\":{\"@id\":\"https:\/\/metal99.hu\/#website\"},\"datePublished\":\"2016-07-29T09:12:30+00:00\",\"dateModified\":\"2022-09-15T11:16:28+00:00\",\"breadcrumb\":{\"@id\":\"https:\/\/metal99.hu\/en\/products\/windows\/railway-windows\/#breadcrumb\"},\"inLanguage\":\"en-US\",\"potentialAction\":[{\"@type\":\"ReadAction\",\"target\":[\"https:\/\/metal99.hu\/en\/products\/windows\/railway-windows\/\"]}]},{\"@type\":\"BreadcrumbList\",\"@id\":\"https:\/\/metal99.hu\/en\/products\/windows\/railway-windows\/#breadcrumb\",\"itemListElement\":[{\"@type\":\"ListItem\",\"position\":1,\"name\":\"Home\",\"item\":\"https:\/\/metal99.hu\/de\/\"},{\"@type\":\"ListItem\",\"position\":2,\"name\":\"Products\",\"item\":\"https:\/\/metal99.hu\/en\/products\/\"},{\"@type\":\"ListItem\",\"position\":3,\"name\":\"Windows\",\"item\":\"https:\/\/metal99.hu\/en\/products\/windows\/\"},{\"@type\":\"ListItem\",\"position\":4,\"name\":\"Railway windows\"}]},{\"@type\":\"WebSite\",\"@id\":\"https:\/\/metal99.hu\/#website\",\"url\":\"https:\/\/metal99.hu\/\",\"name\":\"Metal99 Kft.\",\"description\":\"\",\"potentialAction\":[{\"@type\":\"SearchAction\",\"target\":{\"@type\":\"EntryPoint\",\"urlTemplate\":\"https:\/\/metal99.hu\/?s={search_term_string}\"},\"query-input\":{\"@type\":\"PropertyValueSpecification\",\"valueRequired\":true,\"valueName\":\"search_term_string\"}}],\"inLanguage\":\"en-US\"}]}<\/script>\n<!-- \/ Yoast SEO plugin. -->","yoast_head_json":{"title":"Railway windows - Metal99 Kft.","robots":{"index":"index","follow":"follow","max-snippet":"max-snippet:-1","max-image-preview":"max-image-preview:large","max-video-preview":"max-video-preview:-1"},"canonical":"https:\/\/metal99.hu\/en\/products\/windows\/railway-windows\/","og_locale":"en_US","og_type":"article","og_title":"Railway windows - Metal99 Kft.","og_description":"Passenger compartment windows &#x2714; tilt windows &#x2714; vertical sliding windows &#x2714; fixed windows DESIGN DSG and ESG glazing, with custom glass composition and colour custom lock structures various installation methods (gluing, screw fastening, rubber-mounted) gallery","og_url":"https:\/\/metal99.hu\/en\/products\/windows\/railway-windows\/","og_site_name":"Metal99 Kft.","article_modified_time":"2022-09-15T11:16:28+00:00","og_image":[{"width":974,"height":650,"url":"https:\/\/metal99.hu\/wp-content\/uploads\/termekek-ablak-vasuti6.jpg","type":"image\/jpeg"}],"twitter_card":"summary_large_image","twitter_misc":{"Est. reading time":"1 minute"},"schema":{"@context":"https:\/\/schema.org","@graph":[{"@type":"WebPage","@id":"https:\/\/metal99.hu\/en\/products\/windows\/railway-windows\/","url":"https:\/\/metal99.hu\/en\/products\/windows\/railway-windows\/","name":"Railway windows - Metal99 Kft.","isPartOf":{"@id":"https:\/\/metal99.hu\/#website"},"datePublished":"2016-07-29T09:12:30+00:00","dateModified":"2022-09-15T11:16:28+00:00","breadcrumb":{"@id":"https:\/\/metal99.hu\/en\/products\/windows\/railway-windows\/#breadcrumb"},"inLanguage":"en-US","potentialAction":[{"@type":"ReadAction","target":["https:\/\/metal99.hu\/en\/products\/windows\/railway-windows\/"]}]},{"@type":"BreadcrumbList","@id":"https:\/\/metal99.hu\/en\/products\/windows\/railway-windows\/#breadcrumb","itemListElement":[{"@type":"ListItem","position":1,"name":"Home","item":"https:\/\/metal99.hu\/de\/"},{"@type":"ListItem","position":2,"name":"Products","item":"https:\/\/metal99.hu\/en\/products\/"},{"@type":"ListItem","position":3,"name":"Windows","item":"https:\/\/metal99.hu\/en\/products\/windows\/"},{"@type":"ListItem","position":4,"name":"Railway windows"}]},{"@type":"WebSite","@id":"https:\/\/metal99.hu\/#website","url":"https:\/\/metal99.hu\/","name":"Metal99 Kft.","description":"","potentialAction":[{"@type":"SearchAction","target":{"@type":"EntryPoint","urlTemplate":"https:\/\/metal99.hu\/?s={search_term_string}"},"query-input":{"@type":"PropertyValueSpecification","valueRequired":true,"valueName":"search_term_string"}}],"inLanguage":"en-US"}]}},"_links":{"self":[{"href":"https:\/\/metal99.hu\/en\/wp-json\/wp\/v2\/pages\/2173","targetHints":{"allow":["GET"]}}],"collection":[{"href":"https:\/\/metal99.hu\/en\/wp-json\/wp\/v2\/pages"}],"about":[{"href":"https:\/\/metal99.hu\/en\/wp-json\/wp\/v2\/types\/page"}],"author":[{"embeddable":true,"href":"https:\/\/metal99.hu\/en\/wp-json\/wp\/v2\/users\/1"}],"replies":[{"embeddable":true,"href":"https:\/\/metal99.hu\/en\/wp-json\/wp\/v2\/comments?post=2173"}],"version-history":[{"count":9,"href":"https:\/\/metal99.hu\/en\/wp-json\/wp\/v2\/pages\/2173\/revisions"}],"predecessor-version":[{"id":4714,"href":"https:\/\/metal99.hu\/en\/wp-json\/wp\/v2\/pages\/2173\/revisions\/4714"}],"up":[{"embeddable":true,"href":"https:\/\/metal99.hu\/en\/wp-json\/wp\/v2\/pages\/2069"}],"wp:attachment":[{"href":"https:\/\/metal99.hu\/en\/wp-json\/wp\/v2\/media?parent=2173"}],"curies":[{"name":"wp","href":"https:\/\/api.w.org\/{rel}","templated":true}]}}