{"id":2141,"date":"2016-10-07T11:51:43","date_gmt":"2016-10-07T11:51:43","guid":{"rendered":"https:\/\/metal99.hu\/services\/lemezmegmunkalas\/"},"modified":"2022-09-15T11:18:49","modified_gmt":"2022-09-15T11:18:49","slug":"sheet-processing","status":"publish","type":"page","link":"https:\/\/metal99.hu\/en\/services\/sheet-processing\/","title":{"rendered":"Sheet processing"},"content":{"rendered":"\t\t<div data-elementor-type=\"wp-page\" data-elementor-id=\"2141\" class=\"elementor elementor-2141 elementor-1793\" data-elementor-post-type=\"page\">\n\t\t\t\t\t\t<section class=\"elementor-section elementor-top-section elementor-element elementor-element-1ecf22cf elementor-section-boxed elementor-section-height-default elementor-section-height-default\" data-id=\"1ecf22cf\" data-element_type=\"section\" data-e-type=\"section\">\n\t\t\t\t\t\t<div class=\"elementor-container elementor-column-gap-default\">\n\t\t\t\t\t<div class=\"elementor-column elementor-col-33 elementor-top-column elementor-element elementor-element-641ab77a\" data-id=\"641ab77a\" data-element_type=\"column\" data-e-type=\"column\" data-settings=\"{&quot;background_background&quot;:&quot;gradient&quot;}\">\n\t\t\t<div class=\"elementor-widget-wrap elementor-element-populated\">\n\t\t\t\t\t\t<div class=\"elementor-element elementor-element-1739a345 elementor-view-default elementor-position-block-start elementor-mobile-position-block-start elementor-widget elementor-widget-icon-box\" data-id=\"1739a345\" data-element_type=\"widget\" data-e-type=\"widget\" data-widget_type=\"icon-box.default\">\n\t\t\t\t<div class=\"elementor-widget-container\">\n\t\t\t\t\t\t\t<div class=\"elementor-icon-box-wrapper\">\n\n\t\t\t\t\t\t<div class=\"elementor-icon-box-icon\">\n\t\t\t\t<span  class=\"elementor-icon\">\n\t\t\t\t<i aria-hidden=\"true\" class=\"fas fa-eraser\"><\/i>\t\t\t\t<\/span>\n\t\t\t<\/div>\n\t\t\t\n\t\t\t\t\t\t<div class=\"elementor-icon-box-content\">\n\n\t\t\t\t\t\t\t\t\t<h3 class=\"elementor-icon-box-title\">\n\t\t\t\t\t\t<span  >\n\t\t\t\t\t\t\tSheet cutting, cylindrical bending, spot welding, compression\t\t\t\t\t\t<\/span>\n\t\t\t\t\t<\/h3>\n\t\t\t\t\n\t\t\t\t\t\t\t\t\t<p class=\"elementor-icon-box-description\">\n\t\t\t\t\t\tOur paid work activity in the field of the sheet metal processing covers the fabrication of ready parts and products such as the serial production of ventilation devices for French company Sacatec, and the scaffoldings and stands of Diego stores.\t\t\t\t\t<\/p>\n\t\t\t\t\n\t\t\t<\/div>\n\t\t\t\n\t\t<\/div>\n\t\t\t\t\t\t<\/div>\n\t\t\t\t<\/div>\n\t\t\t\t\t<\/div>\n\t\t<\/div>\n\t\t\t\t<div class=\"elementor-column elementor-col-33 elementor-top-column elementor-element elementor-element-32f1118\" data-id=\"32f1118\" data-element_type=\"column\" data-e-type=\"column\" data-settings=\"{&quot;background_background&quot;:&quot;gradient&quot;}\">\n\t\t\t<div class=\"elementor-widget-wrap elementor-element-populated\">\n\t\t\t\t\t\t<div class=\"elementor-element elementor-element-1b2fc50 elementor-view-default elementor-position-block-start elementor-mobile-position-block-start elementor-widget elementor-widget-icon-box\" data-id=\"1b2fc50\" data-element_type=\"widget\" data-e-type=\"widget\" data-widget_type=\"icon-box.default\">\n\t\t\t\t<div class=\"elementor-widget-container\">\n\t\t\t\t\t\t\t<div class=\"elementor-icon-box-wrapper\">\n\n\t\t\t\t\t\t<div class=\"elementor-icon-box-icon\">\n\t\t\t\t<span  class=\"elementor-icon\">\n\t\t\t\t<i aria-hidden=\"true\" class=\"fas fa-cut\"><\/i>\t\t\t\t<\/span>\n\t\t\t<\/div>\n\t\t\t\n\t\t\t\t\t\t<div class=\"elementor-icon-box-content\">\n\n\t\t\t\t\t\t\t\t\t<h3 class=\"elementor-icon-box-title\">\n\t\t\t\t\t\t<span  >\n\t\t\t\t\t\t\tCNC punching\t\t\t\t\t\t<\/span>\n\t\t\t\t\t<\/h3>\n\t\t\t\t\n\t\t\t\t\t\t\t\t\t<p class=\"elementor-icon-box-description\">\n\t\t\t\t\t\tsheet size: max. 1250\u00d72500 mm<br>\nsheet thickness: max. 3 mm<br>\naccuracy: 0.05 mm\t\t\t\t\t<\/p>\n\t\t\t\t\n\t\t\t<\/div>\n\t\t\t\n\t\t<\/div>\n\t\t\t\t\t\t<\/div>\n\t\t\t\t<\/div>\n\t\t\t\t\t<\/div>\n\t\t<\/div>\n\t\t\t\t<div class=\"elementor-column elementor-col-33 elementor-top-column elementor-element elementor-element-3ee3fb92\" data-id=\"3ee3fb92\" data-element_type=\"column\" data-e-type=\"column\" data-settings=\"{&quot;background_background&quot;:&quot;gradient&quot;}\">\n\t\t\t<div class=\"elementor-widget-wrap elementor-element-populated\">\n\t\t\t\t\t\t<div class=\"elementor-element elementor-element-642d0c56 elementor-view-default elementor-position-block-start elementor-mobile-position-block-start elementor-widget elementor-widget-icon-box\" data-id=\"642d0c56\" data-element_type=\"widget\" data-e-type=\"widget\" data-widget_type=\"icon-box.default\">\n\t\t\t\t<div class=\"elementor-widget-container\">\n\t\t\t\t\t\t\t<div class=\"elementor-icon-box-wrapper\">\n\n\t\t\t\t\t\t<div class=\"elementor-icon-box-icon\">\n\t\t\t\t<span  class=\"elementor-icon\">\n\t\t\t\t<i aria-hidden=\"true\" class=\"fas fa-map\"><\/i>\t\t\t\t<\/span>\n\t\t\t<\/div>\n\t\t\t\n\t\t\t\t\t\t<div class=\"elementor-icon-box-content\">\n\n\t\t\t\t\t\t\t\t\t<h3 class=\"elementor-icon-box-title\">\n\t\t\t\t\t\t<span  >\n\t\t\t\t\t\t\tCNC bending\t\t\t\t\t\t<\/span>\n\t\t\t\t\t<\/h3>\n\t\t\t\t\n\t\t\t\t\t\t\t\t\t<p class=\"elementor-icon-box-description\">\n\t\t\t\t\t\tbending force: 170 t<br>\nbending length: max. 3000 mm\t\t\t\t\t<\/p>\n\t\t\t\t\n\t\t\t<\/div>\n\t\t\t\n\t\t<\/div>\n\t\t\t\t\t\t<\/div>\n\t\t\t\t<\/div>\n\t\t\t\t\t<\/div>\n\t\t<\/div>\n\t\t\t\t\t<\/div>\n\t\t<\/section>\n\t\t\t\t<section class=\"elementor-section elementor-top-section elementor-element elementor-element-64bba9d6 elementor-section-content-middle elementor-section-boxed elementor-section-height-default elementor-section-height-default\" data-id=\"64bba9d6\" data-element_type=\"section\" data-e-type=\"section\">\n\t\t\t\t\t\t<div class=\"elementor-container elementor-column-gap-no\">\n\t\t\t\t\t<div class=\"elementor-column elementor-col-100 elementor-top-column elementor-element elementor-element-f85c4ec\" data-id=\"f85c4ec\" data-element_type=\"column\" data-e-type=\"column\">\n\t\t\t<div class=\"elementor-widget-wrap elementor-element-populated\">\n\t\t\t\t\t\t<div class=\"elementor-element elementor-element-6067488d elementor-widget elementor-widget-heading\" data-id=\"6067488d\" data-element_type=\"widget\" data-e-type=\"widget\" data-widget_type=\"heading.default\">\n\t\t\t\t<div class=\"elementor-widget-container\">\n\t\t\t\t\t<h2 class=\"elementor-heading-title elementor-size-default\">gallery<\/h2>\t\t\t\t<\/div>\n\t\t\t\t<\/div>\n\t\t\t\t<div class=\"elementor-element elementor-element-2a7412a6 elementor-widget-divider--view-line elementor-widget elementor-widget-divider\" data-id=\"2a7412a6\" data-element_type=\"widget\" data-e-type=\"widget\" data-widget_type=\"divider.default\">\n\t\t\t\t<div class=\"elementor-widget-container\">\n\t\t\t\t\t\t\t<div class=\"elementor-divider\">\n\t\t\t<span class=\"elementor-divider-separator\">\n\t\t\t\t\t\t<\/span>\n\t\t<\/div>\n\t\t\t\t\t\t<\/div>\n\t\t\t\t<\/div>\n\t\t\t\t\t<\/div>\n\t\t<\/div>\n\t\t\t\t\t<\/div>\n\t\t<\/section>\n\t\t\t\t<section class=\"elementor-section elementor-top-section elementor-element elementor-element-7934cd48 elementor-section-boxed elementor-section-height-default elementor-section-height-default\" data-id=\"7934cd48\" data-element_type=\"section\" data-e-type=\"section\">\n\t\t\t\t\t\t<div class=\"elementor-container elementor-column-gap-default\">\n\t\t\t\t\t<div class=\"elementor-column elementor-col-100 elementor-top-column elementor-element elementor-element-3098762c\" data-id=\"3098762c\" data-element_type=\"column\" data-e-type=\"column\">\n\t\t\t<div class=\"elementor-widget-wrap elementor-element-populated\">\n\t\t\t\t\t\t<div class=\"elementor-element elementor-element-29baeada elementor-widget elementor-widget-gallery\" data-id=\"29baeada\" data-element_type=\"widget\" data-e-type=\"widget\" data-settings=\"{&quot;gallery_layout&quot;:&quot;justified&quot;,&quot;lazyload&quot;:&quot;yes&quot;,&quot;ideal_row_height&quot;:{&quot;unit&quot;:&quot;px&quot;,&quot;size&quot;:200,&quot;sizes&quot;:[]},&quot;ideal_row_height_tablet&quot;:{&quot;unit&quot;:&quot;px&quot;,&quot;size&quot;:150,&quot;sizes&quot;:[]},&quot;ideal_row_height_mobile&quot;:{&quot;unit&quot;:&quot;px&quot;,&quot;size&quot;:150,&quot;sizes&quot;:[]},&quot;gap&quot;:{&quot;unit&quot;:&quot;px&quot;,&quot;size&quot;:10,&quot;sizes&quot;:[]},&quot;gap_tablet&quot;:{&quot;unit&quot;:&quot;px&quot;,&quot;size&quot;:10,&quot;sizes&quot;:[]},&quot;gap_mobile&quot;:{&quot;unit&quot;:&quot;px&quot;,&quot;size&quot;:10,&quot;sizes&quot;:[]},&quot;link_to&quot;:&quot;file&quot;,&quot;overlay_background&quot;:&quot;yes&quot;,&quot;content_hover_animation&quot;:&quot;fade-in&quot;}\" data-widget_type=\"gallery.default\">\n\t\t\t\t<div class=\"elementor-widget-container\">\n\t\t\t\t\t\t\t<div class=\"elementor-gallery__container\">\n\t\t\t\t\t\t\t<a class=\"e-gallery-item elementor-gallery-item elementor-animated-content\" href=\"https:\/\/metal99.hu\/wp-content\/uploads\/szolgaltatasok-lemezmegmunkalas5.jpg\" data-gal='prettyPhoto' rel='prettyPhoto' data-elementor-open-lightbox=\"yes\" data-elementor-lightbox-slideshow=\"29baeada\" data-e-action-hash=\"#elementor-action%3Aaction%3Dlightbox%26settings%3DeyJpZCI6NDE4NCwidXJsIjoiaHR0cHM6XC9cL21ldGFsOTkuaHVcL3dwLWNvbnRlbnRcL3VwbG9hZHNcL3N6b2xnYWx0YXRhc29rLWxlbWV6bWVnbXVua2FsYXM1LmpwZyIsInNsaWRlc2hvdyI6IjI5YmFlYWRhIn0%3D\">\n\t\t\t\t\t<div class=\"e-gallery-image elementor-gallery-item__image\" data-thumbnail=\"https:\/\/metal99.hu\/wp-content\/uploads\/szolgaltatasok-lemezmegmunkalas5-1024x683.jpg\" data-width=\"1024\" data-height=\"683\" aria-label=\"\" role=\"img\" ><\/div>\n\t\t\t\t\t\t\t\t\t\t\t<div class=\"elementor-gallery-item__overlay\"><\/div>\n\t\t\t\t\t\t\t\t\t\t\t\t\t\t<\/a>\n\t\t\t\t\t\t\t<a class=\"e-gallery-item elementor-gallery-item elementor-animated-content\" href=\"https:\/\/metal99.hu\/wp-content\/uploads\/szolgaltatasok-lemezmegmunkalas6.jpg\" data-gal='prettyPhoto' rel='prettyPhoto' data-elementor-open-lightbox=\"yes\" data-elementor-lightbox-slideshow=\"29baeada\" data-e-action-hash=\"#elementor-action%3Aaction%3Dlightbox%26settings%3DeyJpZCI6NDE4NywidXJsIjoiaHR0cHM6XC9cL21ldGFsOTkuaHVcL3dwLWNvbnRlbnRcL3VwbG9hZHNcL3N6b2xnYWx0YXRhc29rLWxlbWV6bWVnbXVua2FsYXM2LmpwZyIsInNsaWRlc2hvdyI6IjI5YmFlYWRhIn0%3D\">\n\t\t\t\t\t<div class=\"e-gallery-image elementor-gallery-item__image\" data-thumbnail=\"https:\/\/metal99.hu\/wp-content\/uploads\/szolgaltatasok-lemezmegmunkalas6-1024x683.jpg\" data-width=\"1024\" data-height=\"683\" aria-label=\"\" role=\"img\" ><\/div>\n\t\t\t\t\t\t\t\t\t\t\t<div class=\"elementor-gallery-item__overlay\"><\/div>\n\t\t\t\t\t\t\t\t\t\t\t\t\t\t<\/a>\n\t\t\t\t\t\t\t<a class=\"e-gallery-item elementor-gallery-item elementor-animated-content\" href=\"https:\/\/metal99.hu\/wp-content\/uploads\/szolgaltatasok-lemezmegmunkalas4.jpg\" data-gal='prettyPhoto' rel='prettyPhoto' data-elementor-open-lightbox=\"yes\" data-elementor-lightbox-slideshow=\"29baeada\" data-e-action-hash=\"#elementor-action%3Aaction%3Dlightbox%26settings%3DeyJpZCI6MTMyNSwidXJsIjoiaHR0cHM6XC9cL21ldGFsOTkuaHVcL3dwLWNvbnRlbnRcL3VwbG9hZHNcL3N6b2xnYWx0YXRhc29rLWxlbWV6bWVnbXVua2FsYXM0LmpwZyIsInNsaWRlc2hvdyI6IjI5YmFlYWRhIn0%3D\">\n\t\t\t\t\t<div class=\"e-gallery-image elementor-gallery-item__image\" data-thumbnail=\"https:\/\/metal99.hu\/wp-content\/uploads\/szolgaltatasok-lemezmegmunkalas4.jpg\" data-width=\"865\" data-height=\"650\" aria-label=\"lemezmegmunk\u00e1l\u00e1s, f\u00e9mmegmunk\u00e1l\u00e1s, metal99, metal 99\" role=\"img\" ><\/div>\n\t\t\t\t\t\t\t\t\t\t\t<div class=\"elementor-gallery-item__overlay\"><\/div>\n\t\t\t\t\t\t\t\t\t\t\t\t\t\t<\/a>\n\t\t\t\t\t\t\t<a class=\"e-gallery-item elementor-gallery-item elementor-animated-content\" href=\"https:\/\/metal99.hu\/wp-content\/uploads\/szolgaltatasok-lemezmegmunkalas3.jpg\" data-gal='prettyPhoto' rel='prettyPhoto' data-elementor-open-lightbox=\"yes\" data-elementor-lightbox-slideshow=\"29baeada\" data-e-action-hash=\"#elementor-action%3Aaction%3Dlightbox%26settings%3DeyJpZCI6MTMyMywidXJsIjoiaHR0cHM6XC9cL21ldGFsOTkuaHVcL3dwLWNvbnRlbnRcL3VwbG9hZHNcL3N6b2xnYWx0YXRhc29rLWxlbWV6bWVnbXVua2FsYXMzLmpwZyIsInNsaWRlc2hvdyI6IjI5YmFlYWRhIn0%3D\">\n\t\t\t\t\t<div class=\"e-gallery-image elementor-gallery-item__image\" data-thumbnail=\"https:\/\/metal99.hu\/wp-content\/uploads\/szolgaltatasok-lemezmegmunkalas3.jpg\" data-width=\"975\" data-height=\"650\" aria-label=\"lemezmegmunk\u00e1l\u00e1s, f\u00e9mmegmunk\u00e1l\u00e1s, metal99, metal 99\" role=\"img\" ><\/div>\n\t\t\t\t\t\t\t\t\t\t\t<div class=\"elementor-gallery-item__overlay\"><\/div>\n\t\t\t\t\t\t\t\t\t\t\t\t\t\t<\/a>\n\t\t\t\t\t\t\t<a class=\"e-gallery-item elementor-gallery-item elementor-animated-content\" href=\"https:\/\/metal99.hu\/wp-content\/uploads\/szolgaltatasok-lemezmegmunkalas2.jpg\" data-gal='prettyPhoto' rel='prettyPhoto' data-elementor-open-lightbox=\"yes\" data-elementor-lightbox-slideshow=\"29baeada\" data-e-action-hash=\"#elementor-action%3Aaction%3Dlightbox%26settings%3DeyJpZCI6MTMyMSwidXJsIjoiaHR0cHM6XC9cL21ldGFsOTkuaHVcL3dwLWNvbnRlbnRcL3VwbG9hZHNcL3N6b2xnYWx0YXRhc29rLWxlbWV6bWVnbXVua2FsYXMyLmpwZyIsInNsaWRlc2hvdyI6IjI5YmFlYWRhIn0%3D\">\n\t\t\t\t\t<div class=\"e-gallery-image elementor-gallery-item__image\" data-thumbnail=\"https:\/\/metal99.hu\/wp-content\/uploads\/szolgaltatasok-lemezmegmunkalas2.jpg\" data-width=\"975\" data-height=\"650\" aria-label=\"lemezmegmunk\u00e1l\u00e1s, f\u00e9mmegmunk\u00e1l\u00e1s, metal99, metal 99\" role=\"img\" ><\/div>\n\t\t\t\t\t\t\t\t\t\t\t<div class=\"elementor-gallery-item__overlay\"><\/div>\n\t\t\t\t\t\t\t\t\t\t\t\t\t\t<\/a>\n\t\t\t\t\t\t\t<a class=\"e-gallery-item elementor-gallery-item elementor-animated-content\" href=\"https:\/\/metal99.hu\/wp-content\/uploads\/szolgaltatasok-lemezmegmunkalas.jpg\" data-gal='prettyPhoto' rel='prettyPhoto' data-elementor-open-lightbox=\"yes\" data-elementor-lightbox-slideshow=\"29baeada\" data-e-action-hash=\"#elementor-action%3Aaction%3Dlightbox%26settings%3DeyJpZCI6MTMxOSwidXJsIjoiaHR0cHM6XC9cL21ldGFsOTkuaHVcL3dwLWNvbnRlbnRcL3VwbG9hZHNcL3N6b2xnYWx0YXRhc29rLWxlbWV6bWVnbXVua2FsYXMuanBnIiwic2xpZGVzaG93IjoiMjliYWVhZGEifQ%3D%3D\">\n\t\t\t\t\t<div class=\"e-gallery-image elementor-gallery-item__image\" data-thumbnail=\"https:\/\/metal99.hu\/wp-content\/uploads\/szolgaltatasok-lemezmegmunkalas.jpg\" data-width=\"975\" data-height=\"650\" aria-label=\"lemezmegmunk\u00e1l\u00e1s, f\u00e9mmegmunk\u00e1l\u00e1s, metal99, metal 99\" role=\"img\" ><\/div>\n\t\t\t\t\t\t\t\t\t\t\t<div class=\"elementor-gallery-item__overlay\"><\/div>\n\t\t\t\t\t\t\t\t\t\t\t\t\t\t<\/a>\n\t\t\t\t\t<\/div>\n\t\t\t\t\t<\/div>\n\t\t\t\t<\/div>\n\t\t\t\t\t<\/div>\n\t\t<\/div>\n\t\t\t\t\t<\/div>\n\t\t<\/section>\n\t\t\t\t<\/div>\n\t\t","protected":false},"excerpt":{"rendered":"<p>Sheet cutting, cylindrical bending, spot welding, compression Our paid work activity in the field of the sheet metal processing covers the fabrication of ready parts and products such as the serial production of ventilation devices for French company Sacatec, and the scaffoldings and stands of Diego stores. CNC punching sheet size: max. 1250\u00d72500 mm sheet &hellip;<\/p>\n","protected":false},"author":1,"featured_media":0,"parent":2111,"menu_order":0,"comment_status":"closed","ping_status":"closed","template":"template-fullwidth.php","meta":{"_custom_body_class":"","_custom_post_class":"","footnotes":""},"class_list":["post-2141","page","type-page","status-publish","hentry"],"yoast_head":"<!-- This site is optimized with the Yoast SEO plugin v27.2 - https:\/\/yoast.com\/product\/yoast-seo-wordpress\/ -->\n<title>Sheet processing - Metal99 Kft.<\/title>\n<meta name=\"robots\" content=\"index, follow, max-snippet:-1, max-image-preview:large, max-video-preview:-1\" \/>\n<link rel=\"canonical\" href=\"https:\/\/metal99.hu\/de\/dienstleistungen\/blechbearbeitung\/\" \/>\n<meta property=\"og:locale\" content=\"en_US\" \/>\n<meta property=\"og:type\" content=\"article\" \/>\n<meta property=\"og:title\" content=\"Sheet processing - Metal99 Kft.\" \/>\n<meta property=\"og:description\" content=\"Sheet cutting, cylindrical bending, spot welding, compression Our paid work activity in the field of the sheet metal processing covers the fabrication of ready parts and products such as the serial production of ventilation devices for French company Sacatec, and the scaffoldings and stands of Diego stores. CNC punching sheet size: max. 1250\u00d72500 mm sheet &hellip;\" \/>\n<meta property=\"og:url\" content=\"https:\/\/metal99.hu\/de\/dienstleistungen\/blechbearbeitung\/\" \/>\n<meta property=\"og:site_name\" content=\"Metal99 Kft.\" \/>\n<meta property=\"article:modified_time\" content=\"2022-09-15T11:18:49+00:00\" \/>\n<meta property=\"og:image\" content=\"https:\/\/metal99.hu\/wp-content\/uploads\/szolgaltatasok-lemezmegmunkalas3.jpg\" \/>\n\t<meta property=\"og:image:width\" content=\"975\" \/>\n\t<meta property=\"og:image:height\" content=\"650\" \/>\n\t<meta property=\"og:image:type\" content=\"image\/jpeg\" \/>\n<meta name=\"twitter:card\" content=\"summary_large_image\" \/>\n<meta name=\"twitter:label1\" content=\"Est. reading time\" \/>\n\t<meta name=\"twitter:data1\" content=\"1 minute\" \/>\n<script type=\"application\/ld+json\" class=\"yoast-schema-graph\">{\"@context\":\"https:\/\/schema.org\",\"@graph\":[{\"@type\":\"WebPage\",\"@id\":\"https:\/\/metal99.hu\/de\/dienstleistungen\/blechbearbeitung\/\",\"url\":\"https:\/\/metal99.hu\/de\/dienstleistungen\/blechbearbeitung\/\",\"name\":\"Sheet processing - Metal99 Kft.\",\"isPartOf\":{\"@id\":\"https:\/\/metal99.hu\/#website\"},\"datePublished\":\"2016-10-07T11:51:43+00:00\",\"dateModified\":\"2022-09-15T11:18:49+00:00\",\"breadcrumb\":{\"@id\":\"https:\/\/metal99.hu\/de\/dienstleistungen\/blechbearbeitung\/#breadcrumb\"},\"inLanguage\":\"en-US\",\"potentialAction\":[{\"@type\":\"ReadAction\",\"target\":[\"https:\/\/metal99.hu\/de\/dienstleistungen\/blechbearbeitung\/\"]}]},{\"@type\":\"BreadcrumbList\",\"@id\":\"https:\/\/metal99.hu\/de\/dienstleistungen\/blechbearbeitung\/#breadcrumb\",\"itemListElement\":[{\"@type\":\"ListItem\",\"position\":1,\"name\":\"Home\",\"item\":\"https:\/\/metal99.hu\/de\/\"},{\"@type\":\"ListItem\",\"position\":2,\"name\":\"Services\",\"item\":\"https:\/\/metal99.hu\/en\/services\/\"},{\"@type\":\"ListItem\",\"position\":3,\"name\":\"Sheet processing\"}]},{\"@type\":\"WebSite\",\"@id\":\"https:\/\/metal99.hu\/#website\",\"url\":\"https:\/\/metal99.hu\/\",\"name\":\"Metal99 Kft.\",\"description\":\"\",\"potentialAction\":[{\"@type\":\"SearchAction\",\"target\":{\"@type\":\"EntryPoint\",\"urlTemplate\":\"https:\/\/metal99.hu\/?s={search_term_string}\"},\"query-input\":{\"@type\":\"PropertyValueSpecification\",\"valueRequired\":true,\"valueName\":\"search_term_string\"}}],\"inLanguage\":\"en-US\"}]}<\/script>\n<!-- \/ Yoast SEO plugin. -->","yoast_head_json":{"title":"Sheet processing - Metal99 Kft.","robots":{"index":"index","follow":"follow","max-snippet":"max-snippet:-1","max-image-preview":"max-image-preview:large","max-video-preview":"max-video-preview:-1"},"canonical":"https:\/\/metal99.hu\/de\/dienstleistungen\/blechbearbeitung\/","og_locale":"en_US","og_type":"article","og_title":"Sheet processing - Metal99 Kft.","og_description":"Sheet cutting, cylindrical bending, spot welding, compression Our paid work activity in the field of the sheet metal processing covers the fabrication of ready parts and products such as the serial production of ventilation devices for French company Sacatec, and the scaffoldings and stands of Diego stores. CNC punching sheet size: max. 1250\u00d72500 mm sheet &hellip;","og_url":"https:\/\/metal99.hu\/de\/dienstleistungen\/blechbearbeitung\/","og_site_name":"Metal99 Kft.","article_modified_time":"2022-09-15T11:18:49+00:00","og_image":[{"width":975,"height":650,"url":"https:\/\/metal99.hu\/wp-content\/uploads\/szolgaltatasok-lemezmegmunkalas3.jpg","type":"image\/jpeg"}],"twitter_card":"summary_large_image","twitter_misc":{"Est. reading time":"1 minute"},"schema":{"@context":"https:\/\/schema.org","@graph":[{"@type":"WebPage","@id":"https:\/\/metal99.hu\/de\/dienstleistungen\/blechbearbeitung\/","url":"https:\/\/metal99.hu\/de\/dienstleistungen\/blechbearbeitung\/","name":"Sheet processing - Metal99 Kft.","isPartOf":{"@id":"https:\/\/metal99.hu\/#website"},"datePublished":"2016-10-07T11:51:43+00:00","dateModified":"2022-09-15T11:18:49+00:00","breadcrumb":{"@id":"https:\/\/metal99.hu\/de\/dienstleistungen\/blechbearbeitung\/#breadcrumb"},"inLanguage":"en-US","potentialAction":[{"@type":"ReadAction","target":["https:\/\/metal99.hu\/de\/dienstleistungen\/blechbearbeitung\/"]}]},{"@type":"BreadcrumbList","@id":"https:\/\/metal99.hu\/de\/dienstleistungen\/blechbearbeitung\/#breadcrumb","itemListElement":[{"@type":"ListItem","position":1,"name":"Home","item":"https:\/\/metal99.hu\/de\/"},{"@type":"ListItem","position":2,"name":"Services","item":"https:\/\/metal99.hu\/en\/services\/"},{"@type":"ListItem","position":3,"name":"Sheet processing"}]},{"@type":"WebSite","@id":"https:\/\/metal99.hu\/#website","url":"https:\/\/metal99.hu\/","name":"Metal99 Kft.","description":"","potentialAction":[{"@type":"SearchAction","target":{"@type":"EntryPoint","urlTemplate":"https:\/\/metal99.hu\/?s={search_term_string}"},"query-input":{"@type":"PropertyValueSpecification","valueRequired":true,"valueName":"search_term_string"}}],"inLanguage":"en-US"}]}},"_links":{"self":[{"href":"https:\/\/metal99.hu\/en\/wp-json\/wp\/v2\/pages\/2141","targetHints":{"allow":["GET"]}}],"collection":[{"href":"https:\/\/metal99.hu\/en\/wp-json\/wp\/v2\/pages"}],"about":[{"href":"https:\/\/metal99.hu\/en\/wp-json\/wp\/v2\/types\/page"}],"author":[{"embeddable":true,"href":"https:\/\/metal99.hu\/en\/wp-json\/wp\/v2\/users\/1"}],"replies":[{"embeddable":true,"href":"https:\/\/metal99.hu\/en\/wp-json\/wp\/v2\/comments?post=2141"}],"version-history":[{"count":12,"href":"https:\/\/metal99.hu\/en\/wp-json\/wp\/v2\/pages\/2141\/revisions"}],"predecessor-version":[{"id":4724,"href":"https:\/\/metal99.hu\/en\/wp-json\/wp\/v2\/pages\/2141\/revisions\/4724"}],"up":[{"embeddable":true,"href":"https:\/\/metal99.hu\/en\/wp-json\/wp\/v2\/pages\/2111"}],"wp:attachment":[{"href":"https:\/\/metal99.hu\/en\/wp-json\/wp\/v2\/media?parent=2141"}],"curies":[{"name":"wp","href":"https:\/\/api.w.org\/{rel}","templated":true}]}}