{"id":2094,"date":"2016-07-01T11:17:24","date_gmt":"2016-07-01T11:17:24","guid":{"rendered":"https:\/\/metal99.hu\/products\/hanning-kahl-gmbh\/"},"modified":"2022-09-10T11:42:59","modified_gmt":"2022-09-10T11:42:59","slug":"hanning-kahl-gmbh","status":"publish","type":"page","link":"https:\/\/metal99.hu\/en\/products\/hanning-kahl-gmbh\/","title":{"rendered":"The traffic safety technology of the future, in the present"},"content":{"rendered":"\t\t<div data-elementor-type=\"wp-page\" data-elementor-id=\"2094\" class=\"elementor elementor-2094 elementor-41\" data-elementor-post-type=\"page\">\n\t\t\t\t\t\t<section class=\"elementor-section elementor-top-section elementor-element elementor-element-659803c0 elementor-section-boxed elementor-section-height-default elementor-section-height-default\" data-id=\"659803c0\" data-element_type=\"section\" data-e-type=\"section\">\n\t\t\t\t\t\t<div class=\"elementor-container elementor-column-gap-default\">\n\t\t\t\t\t<div class=\"elementor-column elementor-col-100 elementor-top-column elementor-element elementor-element-29fc76a9\" data-id=\"29fc76a9\" data-element_type=\"column\" data-e-type=\"column\">\n\t\t\t<div class=\"elementor-widget-wrap elementor-element-populated\">\n\t\t\t\t\t\t<div class=\"elementor-element elementor-element-5c6df535 elementor-widget elementor-widget-text-editor\" data-id=\"5c6df535\" data-element_type=\"widget\" data-e-type=\"widget\" data-widget_type=\"text-editor.default\">\n\t\t\t\t<div class=\"elementor-widget-container\">\n\t\t\t\t\t\t\t\t\t<p style=\"text-align: justify;\"><img fetchpriority=\"high\" decoding=\"async\" class=\" wp-image-1251 alignright\" src=\"https:\/\/metal99.hu\/wp-content\/uploads\/HK.jpg\" alt=\"HK\" width=\"323\" height=\"323\" srcset=\"https:\/\/metal99.hu\/wp-content\/uploads\/HK.jpg 650w, https:\/\/metal99.hu\/wp-content\/uploads\/HK-300x300.jpg 300w, https:\/\/metal99.hu\/wp-content\/uploads\/HK-150x150.jpg 150w\" sizes=\"(max-width: 323px) 100vw, 323px\" \/>The famous Hanning &amp; Kahl GmbH, seated at Oerlinghausen, North Germany, has been supplying electric railway switch drive gears and control cabinets to Budapest since 1993, as decisive players in the road and electric railway technology sector. In addition to road and railway applications, they offer more and more solutions for metro operations, industrial railways and sidelines, too.<br \/>Our company has been the exclusive representative of this market leading company in Hungary, including not only commercial activities, but the repair works of railway switch gear mechanisms and brake equipment. In 2014 we started the renovation of the mechanic brake systems of Combino trams.<br \/>The results of the cooperation of Hanning &amp; Kahl GmbH and Metal 99 Ltd. can also be seen in the traffic development of Budapest:<\/p><p><img decoding=\"async\" class=\"emoji\" role=\"img\" draggable=\"false\" src=\"https:\/\/s.w.org\/images\/core\/emoji\/14.0.0\/svg\/25aa.svg\" alt=\"\u25aa\" \/>\u00a0 19 switch gears and control cabinets were installed during the renovation works of tram lines 1 and 3, during the renovation of Sz\u00e9ll K\u00e1lm\u00e1n Square, as well as during the construction of the new conjoining tram lines of Buda<br \/><img decoding=\"async\" class=\"emoji\" role=\"img\" draggable=\"false\" src=\"https:\/\/s.w.org\/images\/core\/emoji\/14.0.0\/svg\/25aa.svg\" alt=\"\u25aa\" \/>\u00a0 the first integrated signalling device was introduced in Hungary that can also detect the movement of vehicles<br \/><img decoding=\"async\" class=\"emoji\" role=\"img\" draggable=\"false\" src=\"https:\/\/s.w.org\/images\/core\/emoji\/14.0.0\/svg\/25aa.svg\" alt=\"\u25aa\" \/>\u00a0 during the renovation works of Sz\u00e9ll K\u00e1lm\u00e1n Square, a switch-operating mechanism and occupation sensor sub-system were installed, in addition to two switch gears<br \/><img decoding=\"async\" class=\"emoji\" role=\"img\" draggable=\"false\" src=\"https:\/\/s.w.org\/images\/core\/emoji\/14.0.0\/svg\/25aa.svg\" alt=\"\u25aa\" \/>\u00a0 a switch-operating mechanism and a switch gear are operating in De\u00e1k Ferenc Square<\/p><p style=\"text-align: justify;\">Metal 99 Ltd. represents Hanning &amp; Kahl GmbH not only as distributor, but also a professionally competent partner; we are at your disposal from design through installation to operation, as well as in the case of any troubleshooting, with our complete manufacturing background.<br \/>We offer distance surveillance systems as a new solution, developed by the subsidiary of Hanning &amp; Kahl GmbH for the remote surveillance of self-produced equipment. With the help of this system the costs of maintenance can be decreased and the operational processes can be accurately monitored.<\/p>\t\t\t\t\t\t\t\t<\/div>\n\t\t\t\t<\/div>\n\t\t\t\t\t<\/div>\n\t\t<\/div>\n\t\t\t\t\t<\/div>\n\t\t<\/section>\n\t\t\t\t<section class=\"elementor-section elementor-top-section elementor-element elementor-element-71839e64 elementor-section-content-middle elementor-section-boxed elementor-section-height-default elementor-section-height-default\" data-id=\"71839e64\" data-element_type=\"section\" data-e-type=\"section\">\n\t\t\t\t\t\t<div class=\"elementor-container elementor-column-gap-no\">\n\t\t\t\t\t<div class=\"elementor-column elementor-col-100 elementor-top-column elementor-element elementor-element-496ae977\" data-id=\"496ae977\" data-element_type=\"column\" data-e-type=\"column\">\n\t\t\t<div class=\"elementor-widget-wrap elementor-element-populated\">\n\t\t\t\t\t\t<div class=\"elementor-element elementor-element-16d12ca elementor-widget elementor-widget-heading\" data-id=\"16d12ca\" data-element_type=\"widget\" data-e-type=\"widget\" data-widget_type=\"heading.default\">\n\t\t\t\t<div class=\"elementor-widget-container\">\n\t\t\t\t\t<h2 class=\"elementor-heading-title elementor-size-default\">gallery<\/h2>\t\t\t\t<\/div>\n\t\t\t\t<\/div>\n\t\t\t\t<div class=\"elementor-element elementor-element-e85073b elementor-widget-divider--view-line elementor-widget elementor-widget-divider\" data-id=\"e85073b\" data-element_type=\"widget\" data-e-type=\"widget\" data-widget_type=\"divider.default\">\n\t\t\t\t<div class=\"elementor-widget-container\">\n\t\t\t\t\t\t\t<div class=\"elementor-divider\">\n\t\t\t<span class=\"elementor-divider-separator\">\n\t\t\t\t\t\t<\/span>\n\t\t<\/div>\n\t\t\t\t\t\t<\/div>\n\t\t\t\t<\/div>\n\t\t\t\t\t<\/div>\n\t\t<\/div>\n\t\t\t\t\t<\/div>\n\t\t<\/section>\n\t\t\t\t<section class=\"elementor-section elementor-top-section elementor-element elementor-element-573c8d61 elementor-section-boxed elementor-section-height-default elementor-section-height-default\" data-id=\"573c8d61\" data-element_type=\"section\" data-e-type=\"section\">\n\t\t\t\t\t\t<div class=\"elementor-container elementor-column-gap-default\">\n\t\t\t\t\t<div class=\"elementor-column elementor-col-100 elementor-top-column elementor-element elementor-element-24959206\" data-id=\"24959206\" data-element_type=\"column\" data-e-type=\"column\">\n\t\t\t<div class=\"elementor-widget-wrap elementor-element-populated\">\n\t\t\t\t\t\t<div class=\"elementor-element elementor-element-5546c496 elementor-widget elementor-widget-gallery\" data-id=\"5546c496\" data-element_type=\"widget\" data-e-type=\"widget\" data-settings=\"{&quot;gallery_layout&quot;:&quot;justified&quot;,&quot;lazyload&quot;:&quot;yes&quot;,&quot;ideal_row_height&quot;:{&quot;unit&quot;:&quot;px&quot;,&quot;size&quot;:200,&quot;sizes&quot;:[]},&quot;ideal_row_height_tablet&quot;:{&quot;unit&quot;:&quot;px&quot;,&quot;size&quot;:150,&quot;sizes&quot;:[]},&quot;ideal_row_height_mobile&quot;:{&quot;unit&quot;:&quot;px&quot;,&quot;size&quot;:150,&quot;sizes&quot;:[]},&quot;gap&quot;:{&quot;unit&quot;:&quot;px&quot;,&quot;size&quot;:10,&quot;sizes&quot;:[]},&quot;gap_tablet&quot;:{&quot;unit&quot;:&quot;px&quot;,&quot;size&quot;:10,&quot;sizes&quot;:[]},&quot;gap_mobile&quot;:{&quot;unit&quot;:&quot;px&quot;,&quot;size&quot;:10,&quot;sizes&quot;:[]},&quot;link_to&quot;:&quot;file&quot;,&quot;overlay_background&quot;:&quot;yes&quot;,&quot;content_hover_animation&quot;:&quot;fade-in&quot;}\" data-widget_type=\"gallery.default\">\n\t\t\t\t<div class=\"elementor-widget-container\">\n\t\t\t\t\t\t\t<div class=\"elementor-gallery__container\">\n\t\t\t\t\t\t\t<a class=\"e-gallery-item elementor-gallery-item elementor-animated-content\" href=\"https:\/\/metal99.hu\/wp-content\/uploads\/termekek-HK5.jpg\" data-gal='prettyPhoto' rel='prettyPhoto' data-elementor-open-lightbox=\"yes\" data-elementor-lightbox-slideshow=\"5546c496\" data-e-action-hash=\"#elementor-action%3Aaction%3Dlightbox%26settings%3DeyJpZCI6MTI0MywidXJsIjoiaHR0cHM6XC9cL21ldGFsOTkuaHVcL3dwLWNvbnRlbnRcL3VwbG9hZHNcL3Rlcm1la2VrLUhLNS5qcGciLCJzbGlkZXNob3ciOiI1NTQ2YzQ5NiJ9\">\n\t\t\t\t\t<div class=\"e-gallery-image elementor-gallery-item__image\" data-thumbnail=\"https:\/\/metal99.hu\/wp-content\/uploads\/termekek-HK5.jpg\" data-width=\"975\" data-height=\"650\" aria-label=\"Hanning&amp;Kahl, H&amp;K, Hanning, metal 99, metal99\" role=\"img\" ><\/div>\n\t\t\t\t\t\t\t\t\t\t\t<div class=\"elementor-gallery-item__overlay\"><\/div>\n\t\t\t\t\t\t\t\t\t\t\t\t\t\t<\/a>\n\t\t\t\t\t\t\t<a class=\"e-gallery-item elementor-gallery-item elementor-animated-content\" href=\"https:\/\/metal99.hu\/wp-content\/uploads\/termekek-HK4.jpg\" data-gal='prettyPhoto' rel='prettyPhoto' data-elementor-open-lightbox=\"yes\" data-elementor-lightbox-slideshow=\"5546c496\" data-e-action-hash=\"#elementor-action%3Aaction%3Dlightbox%26settings%3DeyJpZCI6MTI0MSwidXJsIjoiaHR0cHM6XC9cL21ldGFsOTkuaHVcL3dwLWNvbnRlbnRcL3VwbG9hZHNcL3Rlcm1la2VrLUhLNC5qcGciLCJzbGlkZXNob3ciOiI1NTQ2YzQ5NiJ9\">\n\t\t\t\t\t<div class=\"e-gallery-image elementor-gallery-item__image\" data-thumbnail=\"https:\/\/metal99.hu\/wp-content\/uploads\/termekek-HK4.jpg\" data-width=\"975\" data-height=\"650\" aria-label=\"Hanning&amp;Kahl, H&amp;K, Hanning, metal 99, metal99\" role=\"img\" ><\/div>\n\t\t\t\t\t\t\t\t\t\t\t<div class=\"elementor-gallery-item__overlay\"><\/div>\n\t\t\t\t\t\t\t\t\t\t\t\t\t\t<\/a>\n\t\t\t\t\t\t\t<a class=\"e-gallery-item elementor-gallery-item elementor-animated-content\" href=\"https:\/\/metal99.hu\/wp-content\/uploads\/termekek-HK3.jpg\" data-gal='prettyPhoto' rel='prettyPhoto' data-elementor-open-lightbox=\"yes\" data-elementor-lightbox-slideshow=\"5546c496\" data-e-action-hash=\"#elementor-action%3Aaction%3Dlightbox%26settings%3DeyJpZCI6MTIzOSwidXJsIjoiaHR0cHM6XC9cL21ldGFsOTkuaHVcL3dwLWNvbnRlbnRcL3VwbG9hZHNcL3Rlcm1la2VrLUhLMy5qcGciLCJzbGlkZXNob3ciOiI1NTQ2YzQ5NiJ9\">\n\t\t\t\t\t<div class=\"e-gallery-image elementor-gallery-item__image\" data-thumbnail=\"https:\/\/metal99.hu\/wp-content\/uploads\/termekek-HK3.jpg\" data-width=\"867\" data-height=\"650\" aria-label=\"Hanning&amp;Kahl, H&amp;K, Hanning, metal 99, metal99\" role=\"img\" ><\/div>\n\t\t\t\t\t\t\t\t\t\t\t<div class=\"elementor-gallery-item__overlay\"><\/div>\n\t\t\t\t\t\t\t\t\t\t\t\t\t\t<\/a>\n\t\t\t\t\t\t\t<a class=\"e-gallery-item elementor-gallery-item elementor-animated-content\" href=\"https:\/\/metal99.hu\/wp-content\/uploads\/termekek-HK2.jpg\" data-gal='prettyPhoto' rel='prettyPhoto' data-elementor-open-lightbox=\"yes\" data-elementor-lightbox-slideshow=\"5546c496\" data-e-action-hash=\"#elementor-action%3Aaction%3Dlightbox%26settings%3DeyJpZCI6MTIzNywidXJsIjoiaHR0cHM6XC9cL21ldGFsOTkuaHVcL3dwLWNvbnRlbnRcL3VwbG9hZHNcL3Rlcm1la2VrLUhLMi5qcGciLCJzbGlkZXNob3ciOiI1NTQ2YzQ5NiJ9\">\n\t\t\t\t\t<div class=\"e-gallery-image elementor-gallery-item__image\" data-thumbnail=\"https:\/\/metal99.hu\/wp-content\/uploads\/termekek-HK2.jpg\" data-width=\"867\" data-height=\"650\" aria-label=\"Hanning&amp;Kahl, H&amp;K, Hanning, metal 99, metal99\" role=\"img\" ><\/div>\n\t\t\t\t\t\t\t\t\t\t\t<div class=\"elementor-gallery-item__overlay\"><\/div>\n\t\t\t\t\t\t\t\t\t\t\t\t\t\t<\/a>\n\t\t\t\t\t\t\t<a class=\"e-gallery-item elementor-gallery-item elementor-animated-content\" href=\"https:\/\/metal99.hu\/wp-content\/uploads\/termekek-HK1.jpg\" data-gal='prettyPhoto' rel='prettyPhoto' data-elementor-open-lightbox=\"yes\" data-elementor-lightbox-slideshow=\"5546c496\" data-e-action-hash=\"#elementor-action%3Aaction%3Dlightbox%26settings%3DeyJpZCI6MTIzNSwidXJsIjoiaHR0cHM6XC9cL21ldGFsOTkuaHVcL3dwLWNvbnRlbnRcL3VwbG9hZHNcL3Rlcm1la2VrLUhLMS5qcGciLCJzbGlkZXNob3ciOiI1NTQ2YzQ5NiJ9\">\n\t\t\t\t\t<div class=\"e-gallery-image elementor-gallery-item__image\" data-thumbnail=\"https:\/\/metal99.hu\/wp-content\/uploads\/termekek-HK1.jpg\" data-width=\"488\" data-height=\"650\" aria-label=\"Hanning&amp;Kahl, H&amp;K, Hanning, metal 99, metal99\" role=\"img\" ><\/div>\n\t\t\t\t\t\t\t\t\t\t\t<div class=\"elementor-gallery-item__overlay\"><\/div>\n\t\t\t\t\t\t\t\t\t\t\t\t\t\t<\/a>\n\t\t\t\t\t<\/div>\n\t\t\t\t\t<\/div>\n\t\t\t\t<\/div>\n\t\t\t\t\t<\/div>\n\t\t<\/div>\n\t\t\t\t\t<\/div>\n\t\t<\/section>\n\t\t\t\t<\/div>\n\t\t","protected":false},"excerpt":{"rendered":"<p>The famous Hanning &amp; Kahl GmbH, seated at Oerlinghausen, North Germany, has been supplying electric railway switch drive gears and control cabinets to Budapest since 1993, as decisive players in the road and electric railway technology sector. In addition to road and railway applications, they offer more and more solutions for metro operations, industrial railways &hellip;<\/p>\n","protected":false},"author":1,"featured_media":0,"parent":2051,"menu_order":0,"comment_status":"closed","ping_status":"closed","template":"template-fullwidth.php","meta":{"_custom_body_class":"","_custom_post_class":"","footnotes":""},"class_list":["post-2094","page","type-page","status-publish","hentry"],"yoast_head":"<!-- This site is optimized with the Yoast SEO plugin v27.2 - https:\/\/yoast.com\/product\/yoast-seo-wordpress\/ -->\n<title>The traffic safety technology of the future, in the present - Metal99 Kft.<\/title>\n<meta name=\"robots\" content=\"index, follow, max-snippet:-1, max-image-preview:large, max-video-preview:-1\" \/>\n<link rel=\"canonical\" href=\"https:\/\/metal99.hu\/en\/products\/hanning-kahl-gmbh\/\" \/>\n<meta property=\"og:locale\" content=\"en_US\" \/>\n<meta property=\"og:type\" content=\"article\" \/>\n<meta property=\"og:title\" content=\"The traffic safety technology of the future, in the present - Metal99 Kft.\" \/>\n<meta property=\"og:description\" content=\"The famous Hanning &amp; Kahl GmbH, seated at Oerlinghausen, North Germany, has been supplying electric railway switch drive gears and control cabinets to Budapest since 1993, as decisive players in the road and electric railway technology sector. In addition to road and railway applications, they offer more and more solutions for metro operations, industrial railways &hellip;\" \/>\n<meta property=\"og:url\" content=\"https:\/\/metal99.hu\/en\/products\/hanning-kahl-gmbh\/\" \/>\n<meta property=\"og:site_name\" content=\"Metal99 Kft.\" \/>\n<meta property=\"article:modified_time\" content=\"2022-09-10T11:42:59+00:00\" \/>\n<meta property=\"og:image\" content=\"https:\/\/metal99.hu\/wp-content\/uploads\/HK2.jpg\" \/>\n\t<meta property=\"og:image:width\" content=\"975\" \/>\n\t<meta property=\"og:image:height\" content=\"650\" \/>\n\t<meta property=\"og:image:type\" content=\"image\/jpeg\" \/>\n<meta name=\"twitter:card\" content=\"summary_large_image\" \/>\n<meta name=\"twitter:label1\" content=\"Est. reading time\" \/>\n\t<meta name=\"twitter:data1\" content=\"3 minutes\" \/>\n<script type=\"application\/ld+json\" class=\"yoast-schema-graph\">{\"@context\":\"https:\/\/schema.org\",\"@graph\":[{\"@type\":\"WebPage\",\"@id\":\"https:\/\/metal99.hu\/en\/products\/hanning-kahl-gmbh\/\",\"url\":\"https:\/\/metal99.hu\/en\/products\/hanning-kahl-gmbh\/\",\"name\":\"The traffic safety technology of the future, in the present - Metal99 Kft.\",\"isPartOf\":{\"@id\":\"https:\/\/metal99.hu\/#website\"},\"primaryImageOfPage\":{\"@id\":\"https:\/\/metal99.hu\/en\/products\/hanning-kahl-gmbh\/#primaryimage\"},\"image\":{\"@id\":\"https:\/\/metal99.hu\/en\/products\/hanning-kahl-gmbh\/#primaryimage\"},\"thumbnailUrl\":\"https:\/\/metal99.hu\/wp-content\/uploads\/HK.jpg\",\"datePublished\":\"2016-07-01T11:17:24+00:00\",\"dateModified\":\"2022-09-10T11:42:59+00:00\",\"breadcrumb\":{\"@id\":\"https:\/\/metal99.hu\/en\/products\/hanning-kahl-gmbh\/#breadcrumb\"},\"inLanguage\":\"en-US\",\"potentialAction\":[{\"@type\":\"ReadAction\",\"target\":[\"https:\/\/metal99.hu\/en\/products\/hanning-kahl-gmbh\/\"]}]},{\"@type\":\"ImageObject\",\"inLanguage\":\"en-US\",\"@id\":\"https:\/\/metal99.hu\/en\/products\/hanning-kahl-gmbh\/#primaryimage\",\"url\":\"https:\/\/metal99.hu\/wp-content\/uploads\/HK.jpg\",\"contentUrl\":\"https:\/\/metal99.hu\/wp-content\/uploads\/HK.jpg\"},{\"@type\":\"BreadcrumbList\",\"@id\":\"https:\/\/metal99.hu\/en\/products\/hanning-kahl-gmbh\/#breadcrumb\",\"itemListElement\":[{\"@type\":\"ListItem\",\"position\":1,\"name\":\"Home\",\"item\":\"https:\/\/metal99.hu\/de\/\"},{\"@type\":\"ListItem\",\"position\":2,\"name\":\"Products\",\"item\":\"https:\/\/metal99.hu\/en\/products\/\"},{\"@type\":\"ListItem\",\"position\":3,\"name\":\"The traffic safety technology of the future, in the present\"}]},{\"@type\":\"WebSite\",\"@id\":\"https:\/\/metal99.hu\/#website\",\"url\":\"https:\/\/metal99.hu\/\",\"name\":\"Metal99 Kft.\",\"description\":\"\",\"potentialAction\":[{\"@type\":\"SearchAction\",\"target\":{\"@type\":\"EntryPoint\",\"urlTemplate\":\"https:\/\/metal99.hu\/?s={search_term_string}\"},\"query-input\":{\"@type\":\"PropertyValueSpecification\",\"valueRequired\":true,\"valueName\":\"search_term_string\"}}],\"inLanguage\":\"en-US\"}]}<\/script>\n<!-- \/ Yoast SEO plugin. -->","yoast_head_json":{"title":"The traffic safety technology of the future, in the present - Metal99 Kft.","robots":{"index":"index","follow":"follow","max-snippet":"max-snippet:-1","max-image-preview":"max-image-preview:large","max-video-preview":"max-video-preview:-1"},"canonical":"https:\/\/metal99.hu\/en\/products\/hanning-kahl-gmbh\/","og_locale":"en_US","og_type":"article","og_title":"The traffic safety technology of the future, in the present - Metal99 Kft.","og_description":"The famous Hanning &amp; Kahl GmbH, seated at Oerlinghausen, North Germany, has been supplying electric railway switch drive gears and control cabinets to Budapest since 1993, as decisive players in the road and electric railway technology sector. In addition to road and railway applications, they offer more and more solutions for metro operations, industrial railways &hellip;","og_url":"https:\/\/metal99.hu\/en\/products\/hanning-kahl-gmbh\/","og_site_name":"Metal99 Kft.","article_modified_time":"2022-09-10T11:42:59+00:00","og_image":[{"width":975,"height":650,"url":"https:\/\/metal99.hu\/wp-content\/uploads\/HK2.jpg","type":"image\/jpeg"}],"twitter_card":"summary_large_image","twitter_misc":{"Est. reading time":"3 minutes"},"schema":{"@context":"https:\/\/schema.org","@graph":[{"@type":"WebPage","@id":"https:\/\/metal99.hu\/en\/products\/hanning-kahl-gmbh\/","url":"https:\/\/metal99.hu\/en\/products\/hanning-kahl-gmbh\/","name":"The traffic safety technology of the future, in the present - Metal99 Kft.","isPartOf":{"@id":"https:\/\/metal99.hu\/#website"},"primaryImageOfPage":{"@id":"https:\/\/metal99.hu\/en\/products\/hanning-kahl-gmbh\/#primaryimage"},"image":{"@id":"https:\/\/metal99.hu\/en\/products\/hanning-kahl-gmbh\/#primaryimage"},"thumbnailUrl":"https:\/\/metal99.hu\/wp-content\/uploads\/HK.jpg","datePublished":"2016-07-01T11:17:24+00:00","dateModified":"2022-09-10T11:42:59+00:00","breadcrumb":{"@id":"https:\/\/metal99.hu\/en\/products\/hanning-kahl-gmbh\/#breadcrumb"},"inLanguage":"en-US","potentialAction":[{"@type":"ReadAction","target":["https:\/\/metal99.hu\/en\/products\/hanning-kahl-gmbh\/"]}]},{"@type":"ImageObject","inLanguage":"en-US","@id":"https:\/\/metal99.hu\/en\/products\/hanning-kahl-gmbh\/#primaryimage","url":"https:\/\/metal99.hu\/wp-content\/uploads\/HK.jpg","contentUrl":"https:\/\/metal99.hu\/wp-content\/uploads\/HK.jpg"},{"@type":"BreadcrumbList","@id":"https:\/\/metal99.hu\/en\/products\/hanning-kahl-gmbh\/#breadcrumb","itemListElement":[{"@type":"ListItem","position":1,"name":"Home","item":"https:\/\/metal99.hu\/de\/"},{"@type":"ListItem","position":2,"name":"Products","item":"https:\/\/metal99.hu\/en\/products\/"},{"@type":"ListItem","position":3,"name":"The traffic safety technology of the future, in the present"}]},{"@type":"WebSite","@id":"https:\/\/metal99.hu\/#website","url":"https:\/\/metal99.hu\/","name":"Metal99 Kft.","description":"","potentialAction":[{"@type":"SearchAction","target":{"@type":"EntryPoint","urlTemplate":"https:\/\/metal99.hu\/?s={search_term_string}"},"query-input":{"@type":"PropertyValueSpecification","valueRequired":true,"valueName":"search_term_string"}}],"inLanguage":"en-US"}]}},"_links":{"self":[{"href":"https:\/\/metal99.hu\/en\/wp-json\/wp\/v2\/pages\/2094","targetHints":{"allow":["GET"]}}],"collection":[{"href":"https:\/\/metal99.hu\/en\/wp-json\/wp\/v2\/pages"}],"about":[{"href":"https:\/\/metal99.hu\/en\/wp-json\/wp\/v2\/types\/page"}],"author":[{"embeddable":true,"href":"https:\/\/metal99.hu\/en\/wp-json\/wp\/v2\/users\/1"}],"replies":[{"embeddable":true,"href":"https:\/\/metal99.hu\/en\/wp-json\/wp\/v2\/comments?post=2094"}],"version-history":[{"count":6,"href":"https:\/\/metal99.hu\/en\/wp-json\/wp\/v2\/pages\/2094\/revisions"}],"predecessor-version":[{"id":3937,"href":"https:\/\/metal99.hu\/en\/wp-json\/wp\/v2\/pages\/2094\/revisions\/3937"}],"up":[{"embeddable":true,"href":"https:\/\/metal99.hu\/en\/wp-json\/wp\/v2\/pages\/2051"}],"wp:attachment":[{"href":"https:\/\/metal99.hu\/en\/wp-json\/wp\/v2\/media?parent=2094"}],"curies":[{"name":"wp","href":"https:\/\/api.w.org\/{rel}","templated":true}]}}