{"id":2453,"date":"2016-07-29T09:13:54","date_gmt":"2016-07-29T09:13:54","guid":{"rendered":"https:\/\/metal99.hu\/specialis-felepitmeny-ablakok-loszallito-lakoautok\/"},"modified":"2022-09-15T11:31:38","modified_gmt":"2022-09-15T11:31:38","slug":"spezielle-aufbau-fenster","status":"publish","type":"page","link":"https:\/\/metal99.hu\/de\/produkte\/fenster\/spezielle-aufbau-fenster\/","title":{"rendered":"Spezielle Aufbau-Fenster (Pferdetransporter, Wohnwagen)"},"content":{"rendered":"\t\t<div data-elementor-type=\"wp-page\" data-elementor-id=\"2453\" class=\"elementor elementor-2453 elementor-1365\" data-elementor-post-type=\"page\">\n\t\t\t\t\t\t<section class=\"elementor-section elementor-top-section elementor-element elementor-element-14be930d elementor-section-content-middle elementor-section-boxed elementor-section-height-default elementor-section-height-default\" data-id=\"14be930d\" data-element_type=\"section\" data-e-type=\"section\">\n\t\t\t\t\t\t<div class=\"elementor-container elementor-column-gap-no\">\n\t\t\t\t\t<div class=\"elementor-column elementor-col-50 elementor-top-column elementor-element elementor-element-30d3c07a\" data-id=\"30d3c07a\" data-element_type=\"column\" data-e-type=\"column\" data-settings=\"{&quot;background_background&quot;:&quot;gradient&quot;}\">\n\t\t\t<div class=\"elementor-widget-wrap elementor-element-populated\">\n\t\t\t\t\t\t<div class=\"elementor-element elementor-element-726dae79 elementor-view-default elementor-position-block-start elementor-mobile-position-block-start elementor-widget elementor-widget-icon-box\" data-id=\"726dae79\" data-element_type=\"widget\" data-e-type=\"widget\" data-widget_type=\"icon-box.default\">\n\t\t\t\t<div class=\"elementor-widget-container\">\n\t\t\t\t\t\t\t<div class=\"elementor-icon-box-wrapper\">\n\n\t\t\t\t\t\t<div class=\"elementor-icon-box-icon\">\n\t\t\t\t<span  class=\"elementor-icon\">\n\t\t\t\t<i aria-hidden=\"true\" class=\"fas fa-horse-head\"><\/i>\t\t\t\t<\/span>\n\t\t\t<\/div>\n\t\t\t\n\t\t\t\t\t\t<div class=\"elementor-icon-box-content\">\n\n\t\t\t\t\t\t\t\t\t<h3 class=\"elementor-icon-box-title\">\n\t\t\t\t\t\t<span  >\n\t\t\t\t\t\t\tSenkrechte und waagerechte Schiebefenster\t\t\t\t\t\t<\/span>\n\t\t\t\t\t<\/h3>\n\t\t\t\t\n\t\t\t\t\t\t\t\t\t<p class=\"elementor-icon-box-description\">\n\t\t\t\t\t\t\u2714  Fenster f\u00fcr Pferderaum<br>\n\u2714  Wohnraumfenster<br><br>\n\n\u2714  Fall- und Schiebefenster<br>\n\u2714   Fixfenster<br>\n\u2714   Nach Au\u00dfen kippbare Fenster<br>\t\t\t\t\t<\/p>\n\t\t\t\t\n\t\t\t<\/div>\n\t\t\t\n\t\t<\/div>\n\t\t\t\t\t\t<\/div>\n\t\t\t\t<\/div>\n\t\t\t\t\t<\/div>\n\t\t<\/div>\n\t\t\t\t<div class=\"elementor-column elementor-col-50 elementor-top-column elementor-element elementor-element-5dda699b\" data-id=\"5dda699b\" data-element_type=\"column\" data-e-type=\"column\" data-settings=\"{&quot;background_background&quot;:&quot;classic&quot;}\">\n\t\t\t<div class=\"elementor-widget-wrap elementor-element-populated\">\n\t\t\t\t\t\t<div class=\"elementor-element elementor-element-5547afc elementor-widget elementor-widget-price-table\" data-id=\"5547afc\" data-element_type=\"widget\" data-e-type=\"widget\" data-widget_type=\"price-table.default\">\n\t\t\t\t<div class=\"elementor-widget-container\">\n\t\t\t\t\t\n\t\t<div class=\"elementor-price-table\">\n\t\t\t\t\t\t\t<div class=\"elementor-price-table__header\">\n\t\t\t\t\t\t\t\t\t\t\t<h3 class=\"elementor-price-table__heading\">\n\t\t\t\t\t\tAusf\u00fchrung\t\t\t\t\t\t<\/h3>\n\t\t\t\t\t\n\t\t\t\t\t\t\t\t\t<\/div>\n\t\t\t\n\t\t\t<div class=\"elementor-price-table__price\">\n\t\t\t\t\t\t\t\t\t\t\t\t\n\t\t\t\t\n\t\t\t\t\n\t\t\t\t\t\t\t<\/div>\n\n\t\t\t\t\t\t\t<ul class=\"elementor-price-table__features-list\">\n\t\t\t\t\t\t\t\t\t\t\t<li class=\"elementor-repeater-item-8e2fe3b\">\n\t\t\t\t\t\t\t<div class=\"elementor-price-table__feature-inner\">\n\t\t\t\t\t\t\t\t<i aria-hidden=\"true\" class=\"fas fa-check-square\"><\/i>\t\t\t\t\t\t\t\t\t\t\t\t\t\t\t\t\t<span >\n\t\t\t\t\t\t\t\t\t\tDSG und ESG Verglasung in gew\u00fcnschter Farbe\t\t\t\t\t\t\t\t\t<\/span>\n\t\t\t\t\t\t\t\t\t\t\t\t\t\t\t\t<\/div>\n\t\t\t\t\t\t<\/li>\n\t\t\t\t\t\t\t\t\t\t\t<li class=\"elementor-repeater-item-27dfe77\">\n\t\t\t\t\t\t\t<div class=\"elementor-price-table__feature-inner\">\n\t\t\t\t\t\t\t\t<i aria-hidden=\"true\" class=\"fas fa-check-square\"><\/i>\t\t\t\t\t\t\t\t\t\t\t\t\t\t\t\t\t<span >\n\t\t\t\t\t\t\t\t\t\tSchiebefenster mit Glas im Glassystem\t\t\t\t\t\t\t\t\t<\/span>\n\t\t\t\t\t\t\t\t\t\t\t\t\t\t\t\t<\/div>\n\t\t\t\t\t\t<\/li>\n\t\t\t\t\t\t\t\t\t\t\t<li class=\"elementor-repeater-item-3407d83\">\n\t\t\t\t\t\t\t<div class=\"elementor-price-table__feature-inner\">\n\t\t\t\t\t\t\t\t<i aria-hidden=\"true\" class=\"fas fa-check-square\"><\/i>\t\t\t\t\t\t\t\t\t\t\t\t\t\t\t\t\t<span >\n\t\t\t\t\t\t\t\t\t\tKonventionelle Rahmenfenster (gerade oder gebogene Seiten, in eckig geschwei\u00dfter oder gebogener Ausf\u00fchrung)\t\t\t\t\t\t\t\t\t<\/span>\n\t\t\t\t\t\t\t\t\t\t\t\t\t\t\t\t<\/div>\n\t\t\t\t\t\t<\/li>\n\t\t\t\t\t\t\t\t\t\t\t<li class=\"elementor-repeater-item-82f2c03\">\n\t\t\t\t\t\t\t<div class=\"elementor-price-table__feature-inner\">\n\t\t\t\t\t\t\t\t<i aria-hidden=\"true\" class=\"fas fa-check-square\"><\/i>\t\t\t\t\t\t\t\t\t\t\t\t\t\t\t\t\t<span >\n\t\t\t\t\t\t\t\t\t\tNach Wunsch wechselbares Glas\t\t\t\t\t\t\t\t\t<\/span>\n\t\t\t\t\t\t\t\t\t\t\t\t\t\t\t\t<\/div>\n\t\t\t\t\t\t<\/li>\n\t\t\t\t\t\t\t\t\t\t\t<li class=\"elementor-repeater-item-6712224\">\n\t\t\t\t\t\t\t<div class=\"elementor-price-table__feature-inner\">\n\t\t\t\t\t\t\t\t<i aria-hidden=\"true\" class=\"fas fa-check-square\"><\/i>\t\t\t\t\t\t\t\t\t\t\t\t\t\t\t\t\t<span >\n\t\t\t\t\t\t\t\t\t\tRaster-Schloss Verriegelung\t\t\t\t\t\t\t\t\t<\/span>\n\t\t\t\t\t\t\t\t\t\t\t\t\t\t\t\t<\/div>\n\t\t\t\t\t\t<\/li>\n\t\t\t\t\t\t\t\t\t\t\t<li class=\"elementor-repeater-item-e0d261a\">\n\t\t\t\t\t\t\t<div class=\"elementor-price-table__feature-inner\">\n\t\t\t\t\t\t\t\t<i aria-hidden=\"true\" class=\"fas fa-check-square\"><\/i>\t\t\t\t\t\t\t\t\t\t\t\t\t\t\t\t\t<span >\n\t\t\t\t\t\t\t\t\t\tIndividuelle Gr\u00f6\u00dfen und Formen\t\t\t\t\t\t\t\t\t<\/span>\n\t\t\t\t\t\t\t\t\t\t\t\t\t\t\t\t<\/div>\n\t\t\t\t\t\t<\/li>\n\t\t\t\t\t\t\t\t\t\t\t<li class=\"elementor-repeater-item-813dd5b\">\n\t\t\t\t\t\t\t<div class=\"elementor-price-table__feature-inner\">\n\t\t\t\t\t\t\t\t<i aria-hidden=\"true\" class=\"fas fa-check-square\"><\/i>\t\t\t\t\t\t\t\t\t\t\t\t\t\t\t\t\t<span >\n\t\t\t\t\t\t\t\t\t\tGitter (Aluminium oder Rostfreier Stahl)\t\t\t\t\t\t\t\t\t<\/span>\n\t\t\t\t\t\t\t\t\t\t\t\t\t\t\t\t<\/div>\n\t\t\t\t\t\t<\/li>\n\t\t\t\t\t\t\t\t\t\t\t<li class=\"elementor-repeater-item-fc6e9dd\">\n\t\t\t\t\t\t\t<div class=\"elementor-price-table__feature-inner\">\n\t\t\t\t\t\t\t\t<i aria-hidden=\"true\" class=\"fas fa-check-square\"><\/i>\t\t\t\t\t\t\t\t\t\t\t\t\t\t\t\t\t<span >\n\t\t\t\t\t\t\t\t\t\tInnerer Deckrahmen zu verschiedenen Wanddicken\t\t\t\t\t\t\t\t\t<\/span>\n\t\t\t\t\t\t\t\t\t\t\t\t\t\t\t\t<\/div>\n\t\t\t\t\t\t<\/li>\n\t\t\t\t\t\t\t\t\t<\/ul>\n\t\t\t\n\t\t\t\t\t<\/div>\n\n\t\t\t\t\t\t<\/div>\n\t\t\t\t<\/div>\n\t\t\t\t\t<\/div>\n\t\t<\/div>\n\t\t\t\t\t<\/div>\n\t\t<\/section>\n\t\t\t\t<section class=\"elementor-section elementor-top-section elementor-element elementor-element-27bc0056 elementor-section-content-middle elementor-section-boxed elementor-section-height-default elementor-section-height-default\" data-id=\"27bc0056\" data-element_type=\"section\" data-e-type=\"section\">\n\t\t\t\t\t\t<div class=\"elementor-container elementor-column-gap-no\">\n\t\t\t\t\t<div class=\"elementor-column elementor-col-100 elementor-top-column elementor-element elementor-element-784cce88\" data-id=\"784cce88\" data-element_type=\"column\" data-e-type=\"column\">\n\t\t\t<div class=\"elementor-widget-wrap elementor-element-populated\">\n\t\t\t\t\t\t<div class=\"elementor-element elementor-element-351bfa elementor-widget elementor-widget-heading\" data-id=\"351bfa\" data-element_type=\"widget\" data-e-type=\"widget\" data-widget_type=\"heading.default\">\n\t\t\t\t<div class=\"elementor-widget-container\">\n\t\t\t\t\t<h2 class=\"elementor-heading-title elementor-size-default\">galerie<\/h2>\t\t\t\t<\/div>\n\t\t\t\t<\/div>\n\t\t\t\t<div class=\"elementor-element elementor-element-308b544a elementor-widget-divider--view-line elementor-widget elementor-widget-divider\" data-id=\"308b544a\" data-element_type=\"widget\" data-e-type=\"widget\" data-widget_type=\"divider.default\">\n\t\t\t\t<div class=\"elementor-widget-container\">\n\t\t\t\t\t\t\t<div class=\"elementor-divider\">\n\t\t\t<span class=\"elementor-divider-separator\">\n\t\t\t\t\t\t<\/span>\n\t\t<\/div>\n\t\t\t\t\t\t<\/div>\n\t\t\t\t<\/div>\n\t\t\t\t\t<\/div>\n\t\t<\/div>\n\t\t\t\t\t<\/div>\n\t\t<\/section>\n\t\t\t\t<section class=\"elementor-section elementor-top-section elementor-element elementor-element-25c7fa11 elementor-section-boxed elementor-section-height-default elementor-section-height-default\" data-id=\"25c7fa11\" data-element_type=\"section\" data-e-type=\"section\">\n\t\t\t\t\t\t<div class=\"elementor-container elementor-column-gap-default\">\n\t\t\t\t\t<div class=\"elementor-column elementor-col-100 elementor-top-column elementor-element elementor-element-508c9e57\" data-id=\"508c9e57\" data-element_type=\"column\" data-e-type=\"column\">\n\t\t\t<div class=\"elementor-widget-wrap elementor-element-populated\">\n\t\t\t\t\t\t<div class=\"elementor-element elementor-element-71d5d9bf elementor-widget elementor-widget-gallery\" data-id=\"71d5d9bf\" data-element_type=\"widget\" data-e-type=\"widget\" data-settings=\"{&quot;gallery_layout&quot;:&quot;justified&quot;,&quot;lazyload&quot;:&quot;yes&quot;,&quot;ideal_row_height&quot;:{&quot;unit&quot;:&quot;px&quot;,&quot;size&quot;:200,&quot;sizes&quot;:[]},&quot;ideal_row_height_tablet&quot;:{&quot;unit&quot;:&quot;px&quot;,&quot;size&quot;:150,&quot;sizes&quot;:[]},&quot;ideal_row_height_mobile&quot;:{&quot;unit&quot;:&quot;px&quot;,&quot;size&quot;:150,&quot;sizes&quot;:[]},&quot;gap&quot;:{&quot;unit&quot;:&quot;px&quot;,&quot;size&quot;:10,&quot;sizes&quot;:[]},&quot;gap_tablet&quot;:{&quot;unit&quot;:&quot;px&quot;,&quot;size&quot;:10,&quot;sizes&quot;:[]},&quot;gap_mobile&quot;:{&quot;unit&quot;:&quot;px&quot;,&quot;size&quot;:10,&quot;sizes&quot;:[]},&quot;link_to&quot;:&quot;file&quot;,&quot;overlay_background&quot;:&quot;yes&quot;,&quot;content_hover_animation&quot;:&quot;fade-in&quot;}\" data-widget_type=\"gallery.default\">\n\t\t\t\t<div class=\"elementor-widget-container\">\n\t\t\t\t\t\t\t<div class=\"elementor-gallery__container\">\n\t\t\t\t\t\t\t<a class=\"e-gallery-item elementor-gallery-item elementor-animated-content\" href=\"https:\/\/metal99.hu\/wp-content\/uploads\/termekek-ablak-specialis2.jpg\" data-gal='prettyPhoto' rel='prettyPhoto' data-elementor-open-lightbox=\"yes\" data-elementor-lightbox-slideshow=\"71d5d9bf\" data-e-action-hash=\"#elementor-action%3Aaction%3Dlightbox%26settings%3DeyJpZCI6MTIwNywidXJsIjoiaHR0cHM6XC9cL21ldGFsOTkuaHVcL3dwLWNvbnRlbnRcL3VwbG9hZHNcL3Rlcm1la2VrLWFibGFrLXNwZWNpYWxpczIuanBnIiwic2xpZGVzaG93IjoiNzFkNWQ5YmYifQ%3D%3D\">\n\t\t\t\t\t<div class=\"e-gallery-image elementor-gallery-item__image\" data-thumbnail=\"https:\/\/metal99.hu\/wp-content\/uploads\/termekek-ablak-specialis2.jpg\" data-width=\"970\" data-height=\"650\" aria-label=\"ablakgy\u00e1rt\u00e1s, ajt\u00f3gy\u00e1rt\u00e1s, metal 99, metal99\" role=\"img\" ><\/div>\n\t\t\t\t\t\t\t\t\t\t\t<div class=\"elementor-gallery-item__overlay\"><\/div>\n\t\t\t\t\t\t\t\t\t\t\t\t\t\t<\/a>\n\t\t\t\t\t\t\t<a class=\"e-gallery-item elementor-gallery-item elementor-animated-content\" href=\"https:\/\/metal99.hu\/wp-content\/uploads\/termekek-ablak-specialis1.jpg\" data-gal='prettyPhoto' rel='prettyPhoto' data-elementor-open-lightbox=\"yes\" data-elementor-lightbox-slideshow=\"71d5d9bf\" data-e-action-hash=\"#elementor-action%3Aaction%3Dlightbox%26settings%3DeyJpZCI6MTIwNSwidXJsIjoiaHR0cHM6XC9cL21ldGFsOTkuaHVcL3dwLWNvbnRlbnRcL3VwbG9hZHNcL3Rlcm1la2VrLWFibGFrLXNwZWNpYWxpczEuanBnIiwic2xpZGVzaG93IjoiNzFkNWQ5YmYifQ%3D%3D\">\n\t\t\t\t\t<div class=\"e-gallery-image elementor-gallery-item__image\" data-thumbnail=\"https:\/\/metal99.hu\/wp-content\/uploads\/termekek-ablak-specialis1.jpg\" data-width=\"867\" data-height=\"650\" aria-label=\"ablakgy\u00e1rt\u00e1s, ajt\u00f3gy\u00e1rt\u00e1s, metal 99, metal99\" role=\"img\" ><\/div>\n\t\t\t\t\t\t\t\t\t\t\t<div class=\"elementor-gallery-item__overlay\"><\/div>\n\t\t\t\t\t\t\t\t\t\t\t\t\t\t<\/a>\n\t\t\t\t\t<\/div>\n\t\t\t\t\t<\/div>\n\t\t\t\t<\/div>\n\t\t\t\t\t<\/div>\n\t\t<\/div>\n\t\t\t\t\t<\/div>\n\t\t<\/section>\n\t\t\t\t<\/div>\n\t\t","protected":false},"excerpt":{"rendered":"<p>Senkrechte und waagerechte Schiebefenster &#x2714; Fenster f\u00fcr Pferderaum &#x2714; Wohnraumfenster &#x2714; Fall- und Schiebefenster &#x2714; Fixfenster &#x2714; Nach Au\u00dfen kippbare Fenster Ausf\u00fchrung DSG und ESG Verglasung in gew\u00fcnschter Farbe Schiebefenster mit Glas im Glassystem Konventionelle Rahmenfenster (gerade oder gebogene Seiten, in eckig geschwei\u00dfter oder gebogener Ausf\u00fchrung) Nach Wunsch wechselbares Glas Raster-Schloss Verriegelung Individuelle Gr\u00f6\u00dfen und &hellip;<\/p>\n","protected":false},"author":1,"featured_media":0,"parent":2501,"menu_order":0,"comment_status":"closed","ping_status":"closed","template":"template-fullwidth.php","meta":{"_custom_body_class":"","_custom_post_class":"","footnotes":""},"class_list":["post-2453","page","type-page","status-publish","hentry"],"yoast_head":"<!-- This site is optimized with the Yoast SEO plugin v27.2 - https:\/\/yoast.com\/product\/yoast-seo-wordpress\/ -->\n<title>Spezielle Aufbau-Fenster (Pferdetransporter, Wohnwagen) - Metal99 Kft.<\/title>\n<meta name=\"robots\" content=\"index, follow, max-snippet:-1, max-image-preview:large, max-video-preview:-1\" \/>\n<link rel=\"canonical\" href=\"https:\/\/metal99.hu\/de\/produkte\/fenster\/spezielle-aufbau-fenster\/\" \/>\n<meta property=\"og:locale\" content=\"de_DE\" \/>\n<meta property=\"og:type\" content=\"article\" \/>\n<meta property=\"og:title\" content=\"Spezielle Aufbau-Fenster (Pferdetransporter, Wohnwagen) - Metal99 Kft.\" \/>\n<meta property=\"og:description\" content=\"Senkrechte und waagerechte Schiebefenster &#x2714; Fenster f\u00fcr Pferderaum &#x2714; Wohnraumfenster &#x2714; Fall- und Schiebefenster &#x2714; Fixfenster &#x2714; Nach Au\u00dfen kippbare Fenster Ausf\u00fchrung DSG und ESG Verglasung in gew\u00fcnschter Farbe Schiebefenster mit Glas im Glassystem Konventionelle Rahmenfenster (gerade oder gebogene Seiten, in eckig geschwei\u00dfter oder gebogener Ausf\u00fchrung) Nach Wunsch wechselbares Glas Raster-Schloss Verriegelung Individuelle Gr\u00f6\u00dfen und &hellip;\" \/>\n<meta property=\"og:url\" content=\"https:\/\/metal99.hu\/de\/produkte\/fenster\/spezielle-aufbau-fenster\/\" \/>\n<meta property=\"og:site_name\" content=\"Metal99 Kft.\" \/>\n<meta property=\"article:modified_time\" content=\"2022-09-15T11:31:38+00:00\" \/>\n<meta property=\"og:image\" content=\"https:\/\/metal99.hu\/wp-content\/uploads\/termekek-ablak-specialis2.jpg\" \/>\n\t<meta property=\"og:image:width\" content=\"970\" \/>\n\t<meta property=\"og:image:height\" content=\"650\" \/>\n\t<meta property=\"og:image:type\" content=\"image\/jpeg\" \/>\n<meta name=\"twitter:card\" content=\"summary_large_image\" \/>\n<meta name=\"twitter:label1\" content=\"Gesch\u00e4tzte Lesezeit\" \/>\n\t<meta name=\"twitter:data1\" content=\"2\u00a0Minuten\" \/>\n<script type=\"application\/ld+json\" class=\"yoast-schema-graph\">{\"@context\":\"https:\/\/schema.org\",\"@graph\":[{\"@type\":\"WebPage\",\"@id\":\"https:\/\/metal99.hu\/de\/produkte\/fenster\/spezielle-aufbau-fenster\/\",\"url\":\"https:\/\/metal99.hu\/de\/produkte\/fenster\/spezielle-aufbau-fenster\/\",\"name\":\"Spezielle Aufbau-Fenster (Pferdetransporter, Wohnwagen) - Metal99 Kft.\",\"isPartOf\":{\"@id\":\"https:\/\/metal99.hu\/#website\"},\"datePublished\":\"2016-07-29T09:13:54+00:00\",\"dateModified\":\"2022-09-15T11:31:38+00:00\",\"breadcrumb\":{\"@id\":\"https:\/\/metal99.hu\/de\/produkte\/fenster\/spezielle-aufbau-fenster\/#breadcrumb\"},\"inLanguage\":\"de\",\"potentialAction\":[{\"@type\":\"ReadAction\",\"target\":[\"https:\/\/metal99.hu\/de\/produkte\/fenster\/spezielle-aufbau-fenster\/\"]}]},{\"@type\":\"BreadcrumbList\",\"@id\":\"https:\/\/metal99.hu\/de\/produkte\/fenster\/spezielle-aufbau-fenster\/#breadcrumb\",\"itemListElement\":[{\"@type\":\"ListItem\",\"position\":1,\"name\":\"Home\",\"item\":\"https:\/\/metal99.hu\/de\/\"},{\"@type\":\"ListItem\",\"position\":2,\"name\":\"Produkte\",\"item\":\"https:\/\/metal99.hu\/de\/produkte\/\"},{\"@type\":\"ListItem\",\"position\":3,\"name\":\"Fenster\",\"item\":\"https:\/\/metal99.hu\/de\/produkte\/fenster\/\"},{\"@type\":\"ListItem\",\"position\":4,\"name\":\"Spezielle Aufbau-Fenster (Pferdetransporter, Wohnwagen)\"}]},{\"@type\":\"WebSite\",\"@id\":\"https:\/\/metal99.hu\/#website\",\"url\":\"https:\/\/metal99.hu\/\",\"name\":\"Metal99 Kft.\",\"description\":\"\",\"potentialAction\":[{\"@type\":\"SearchAction\",\"target\":{\"@type\":\"EntryPoint\",\"urlTemplate\":\"https:\/\/metal99.hu\/?s={search_term_string}\"},\"query-input\":{\"@type\":\"PropertyValueSpecification\",\"valueRequired\":true,\"valueName\":\"search_term_string\"}}],\"inLanguage\":\"de\"}]}<\/script>\n<!-- \/ Yoast SEO plugin. -->","yoast_head_json":{"title":"Spezielle Aufbau-Fenster (Pferdetransporter, Wohnwagen) - Metal99 Kft.","robots":{"index":"index","follow":"follow","max-snippet":"max-snippet:-1","max-image-preview":"max-image-preview:large","max-video-preview":"max-video-preview:-1"},"canonical":"https:\/\/metal99.hu\/de\/produkte\/fenster\/spezielle-aufbau-fenster\/","og_locale":"de_DE","og_type":"article","og_title":"Spezielle Aufbau-Fenster (Pferdetransporter, Wohnwagen) - Metal99 Kft.","og_description":"Senkrechte und waagerechte Schiebefenster &#x2714; Fenster f\u00fcr Pferderaum &#x2714; Wohnraumfenster &#x2714; Fall- und Schiebefenster &#x2714; Fixfenster &#x2714; Nach Au\u00dfen kippbare Fenster Ausf\u00fchrung DSG und ESG Verglasung in gew\u00fcnschter Farbe Schiebefenster mit Glas im Glassystem Konventionelle Rahmenfenster (gerade oder gebogene Seiten, in eckig geschwei\u00dfter oder gebogener Ausf\u00fchrung) Nach Wunsch wechselbares Glas Raster-Schloss Verriegelung Individuelle Gr\u00f6\u00dfen und &hellip;","og_url":"https:\/\/metal99.hu\/de\/produkte\/fenster\/spezielle-aufbau-fenster\/","og_site_name":"Metal99 Kft.","article_modified_time":"2022-09-15T11:31:38+00:00","og_image":[{"width":970,"height":650,"url":"https:\/\/metal99.hu\/wp-content\/uploads\/termekek-ablak-specialis2.jpg","type":"image\/jpeg"}],"twitter_card":"summary_large_image","twitter_misc":{"Gesch\u00e4tzte Lesezeit":"2\u00a0Minuten"},"schema":{"@context":"https:\/\/schema.org","@graph":[{"@type":"WebPage","@id":"https:\/\/metal99.hu\/de\/produkte\/fenster\/spezielle-aufbau-fenster\/","url":"https:\/\/metal99.hu\/de\/produkte\/fenster\/spezielle-aufbau-fenster\/","name":"Spezielle Aufbau-Fenster (Pferdetransporter, Wohnwagen) - Metal99 Kft.","isPartOf":{"@id":"https:\/\/metal99.hu\/#website"},"datePublished":"2016-07-29T09:13:54+00:00","dateModified":"2022-09-15T11:31:38+00:00","breadcrumb":{"@id":"https:\/\/metal99.hu\/de\/produkte\/fenster\/spezielle-aufbau-fenster\/#breadcrumb"},"inLanguage":"de","potentialAction":[{"@type":"ReadAction","target":["https:\/\/metal99.hu\/de\/produkte\/fenster\/spezielle-aufbau-fenster\/"]}]},{"@type":"BreadcrumbList","@id":"https:\/\/metal99.hu\/de\/produkte\/fenster\/spezielle-aufbau-fenster\/#breadcrumb","itemListElement":[{"@type":"ListItem","position":1,"name":"Home","item":"https:\/\/metal99.hu\/de\/"},{"@type":"ListItem","position":2,"name":"Produkte","item":"https:\/\/metal99.hu\/de\/produkte\/"},{"@type":"ListItem","position":3,"name":"Fenster","item":"https:\/\/metal99.hu\/de\/produkte\/fenster\/"},{"@type":"ListItem","position":4,"name":"Spezielle Aufbau-Fenster (Pferdetransporter, Wohnwagen)"}]},{"@type":"WebSite","@id":"https:\/\/metal99.hu\/#website","url":"https:\/\/metal99.hu\/","name":"Metal99 Kft.","description":"","potentialAction":[{"@type":"SearchAction","target":{"@type":"EntryPoint","urlTemplate":"https:\/\/metal99.hu\/?s={search_term_string}"},"query-input":{"@type":"PropertyValueSpecification","valueRequired":true,"valueName":"search_term_string"}}],"inLanguage":"de"}]}},"_links":{"self":[{"href":"https:\/\/metal99.hu\/de\/wp-json\/wp\/v2\/pages\/2453","targetHints":{"allow":["GET"]}}],"collection":[{"href":"https:\/\/metal99.hu\/de\/wp-json\/wp\/v2\/pages"}],"about":[{"href":"https:\/\/metal99.hu\/de\/wp-json\/wp\/v2\/types\/page"}],"author":[{"embeddable":true,"href":"https:\/\/metal99.hu\/de\/wp-json\/wp\/v2\/users\/1"}],"replies":[{"embeddable":true,"href":"https:\/\/metal99.hu\/de\/wp-json\/wp\/v2\/comments?post=2453"}],"version-history":[{"count":9,"href":"https:\/\/metal99.hu\/de\/wp-json\/wp\/v2\/pages\/2453\/revisions"}],"predecessor-version":[{"id":4752,"href":"https:\/\/metal99.hu\/de\/wp-json\/wp\/v2\/pages\/2453\/revisions\/4752"}],"up":[{"embeddable":true,"href":"https:\/\/metal99.hu\/de\/wp-json\/wp\/v2\/pages\/2501"}],"wp:attachment":[{"href":"https:\/\/metal99.hu\/de\/wp-json\/wp\/v2\/media?parent=2453"}],"curies":[{"name":"wp","href":"https:\/\/api.w.org\/{rel}","templated":true}]}}