{"id":2445,"date":"2016-07-01T11:19:07","date_gmt":"2016-07-01T11:19:07","guid":{"rendered":"https:\/\/metal99.hu\/dienstleistungen\/szemcseszoras\/"},"modified":"2022-09-15T09:37:03","modified_gmt":"2022-09-15T09:37:03","slug":"pulverstrahlung","status":"publish","type":"page","link":"https:\/\/metal99.hu\/de\/dienstleistungen\/pulverstrahlung\/","title":{"rendered":"Pulverstrahlung"},"content":{"rendered":"\t\t<div data-elementor-type=\"wp-page\" data-elementor-id=\"2445\" class=\"elementor elementor-2445 elementor-67\" data-elementor-post-type=\"page\">\n\t\t\t\t\t\t<section class=\"elementor-section elementor-top-section elementor-element elementor-element-6c9c2b5d elementor-section-boxed elementor-section-height-default elementor-section-height-default\" data-id=\"6c9c2b5d\" data-element_type=\"section\" data-e-type=\"section\">\n\t\t\t\t\t\t<div class=\"elementor-container elementor-column-gap-default\">\n\t\t\t\t\t<div class=\"elementor-column elementor-col-100 elementor-top-column elementor-element elementor-element-40e9b327\" data-id=\"40e9b327\" data-element_type=\"column\" data-e-type=\"column\">\n\t\t\t<div class=\"elementor-widget-wrap elementor-element-populated\">\n\t\t\t\t\t\t<div class=\"elementor-element elementor-element-67d4f983 elementor-widget elementor-widget-text-editor\" data-id=\"67d4f983\" data-element_type=\"widget\" data-e-type=\"widget\" data-widget_type=\"text-editor.default\">\n\t\t\t\t<div class=\"elementor-widget-container\">\n\t\t\t\t\t\t\t\t\t<p style=\"text-align: justify;\">Die Pulverstrahlung ist in der Reinigung der Metalloberfl\u00e4che unentbehrlich und ist der erste Schritt bei den Erneuerungsarbeiten der Fahrzeugfenster und \u2013t\u00fcren, sowie bei den Hochspannungsanlagen.<\/p><p style=\"text-align: justify;\">Unsere freie Kapazit\u00e4t bieten wir vorwiegend Oberfl\u00e4chenbehandlungs- und Galvanisierungsfirmen, sowie der Bev\u00f6lkerung an.<\/p>\t\t\t\t\t\t\t\t<\/div>\n\t\t\t\t<\/div>\n\t\t\t\t\t<\/div>\n\t\t<\/div>\n\t\t\t\t\t<\/div>\n\t\t<\/section>\n\t\t\t\t<section class=\"elementor-section elementor-top-section elementor-element elementor-element-70d5d766 elementor-section-content-middle elementor-section-boxed elementor-section-height-default elementor-section-height-default\" data-id=\"70d5d766\" data-element_type=\"section\" data-e-type=\"section\">\n\t\t\t\t\t\t<div class=\"elementor-container elementor-column-gap-no\">\n\t\t\t\t\t<div class=\"elementor-column elementor-col-100 elementor-top-column elementor-element elementor-element-5a3b4a66\" data-id=\"5a3b4a66\" data-element_type=\"column\" data-e-type=\"column\">\n\t\t\t<div class=\"elementor-widget-wrap elementor-element-populated\">\n\t\t\t\t\t\t<div class=\"elementor-element elementor-element-1daea4cf elementor-widget elementor-widget-heading\" data-id=\"1daea4cf\" data-element_type=\"widget\" data-e-type=\"widget\" data-widget_type=\"heading.default\">\n\t\t\t\t<div class=\"elementor-widget-container\">\n\t\t\t\t\t<h2 class=\"elementor-heading-title elementor-size-default\">galerie:<\/h2>\t\t\t\t<\/div>\n\t\t\t\t<\/div>\n\t\t\t\t<div class=\"elementor-element elementor-element-b266f86 elementor-widget-divider--view-line elementor-widget elementor-widget-divider\" data-id=\"b266f86\" data-element_type=\"widget\" data-e-type=\"widget\" data-widget_type=\"divider.default\">\n\t\t\t\t<div class=\"elementor-widget-container\">\n\t\t\t\t\t\t\t<div class=\"elementor-divider\">\n\t\t\t<span class=\"elementor-divider-separator\">\n\t\t\t\t\t\t<\/span>\n\t\t<\/div>\n\t\t\t\t\t\t<\/div>\n\t\t\t\t<\/div>\n\t\t\t\t\t<\/div>\n\t\t<\/div>\n\t\t\t\t\t<\/div>\n\t\t<\/section>\n\t\t\t\t<section class=\"elementor-section elementor-top-section elementor-element elementor-element-519bc1a elementor-section-boxed elementor-section-height-default elementor-section-height-default\" data-id=\"519bc1a\" data-element_type=\"section\" data-e-type=\"section\">\n\t\t\t\t\t\t<div class=\"elementor-container elementor-column-gap-default\">\n\t\t\t\t\t<div class=\"elementor-column elementor-col-100 elementor-top-column elementor-element elementor-element-71cf9a80\" data-id=\"71cf9a80\" data-element_type=\"column\" data-e-type=\"column\">\n\t\t\t<div class=\"elementor-widget-wrap elementor-element-populated\">\n\t\t\t\t\t\t<div class=\"elementor-element elementor-element-1004d892 elementor-widget elementor-widget-gallery\" data-id=\"1004d892\" data-element_type=\"widget\" data-e-type=\"widget\" data-settings=\"{&quot;gallery_layout&quot;:&quot;justified&quot;,&quot;lazyload&quot;:&quot;yes&quot;,&quot;ideal_row_height&quot;:{&quot;unit&quot;:&quot;px&quot;,&quot;size&quot;:200,&quot;sizes&quot;:[]},&quot;ideal_row_height_tablet&quot;:{&quot;unit&quot;:&quot;px&quot;,&quot;size&quot;:150,&quot;sizes&quot;:[]},&quot;ideal_row_height_mobile&quot;:{&quot;unit&quot;:&quot;px&quot;,&quot;size&quot;:150,&quot;sizes&quot;:[]},&quot;gap&quot;:{&quot;unit&quot;:&quot;px&quot;,&quot;size&quot;:10,&quot;sizes&quot;:[]},&quot;gap_tablet&quot;:{&quot;unit&quot;:&quot;px&quot;,&quot;size&quot;:10,&quot;sizes&quot;:[]},&quot;gap_mobile&quot;:{&quot;unit&quot;:&quot;px&quot;,&quot;size&quot;:10,&quot;sizes&quot;:[]},&quot;link_to&quot;:&quot;file&quot;,&quot;overlay_background&quot;:&quot;yes&quot;,&quot;content_hover_animation&quot;:&quot;fade-in&quot;}\" data-widget_type=\"gallery.default\">\n\t\t\t\t<div class=\"elementor-widget-container\">\n\t\t\t\t\t\t\t<div class=\"elementor-gallery__container\">\n\t\t\t\t\t\t\t<a class=\"e-gallery-item elementor-gallery-item elementor-animated-content\" href=\"https:\/\/metal99.hu\/wp-content\/uploads\/szolgaltatasok-szemcseszoras2.jpg\" data-gal='prettyPhoto' rel='prettyPhoto' data-elementor-open-lightbox=\"yes\" data-elementor-lightbox-slideshow=\"1004d892\" data-e-action-hash=\"#elementor-action%3Aaction%3Dlightbox%26settings%3DeyJpZCI6NDEwOSwidXJsIjoiaHR0cHM6XC9cL21ldGFsOTkuaHVcL3dwLWNvbnRlbnRcL3VwbG9hZHNcL3N6b2xnYWx0YXRhc29rLXN6ZW1jc2Vzem9yYXMyLmpwZyIsInNsaWRlc2hvdyI6IjEwMDRkODkyIn0%3D\">\n\t\t\t\t\t<div class=\"e-gallery-image elementor-gallery-item__image\" data-thumbnail=\"https:\/\/metal99.hu\/wp-content\/uploads\/szolgaltatasok-szemcseszoras2.jpg\" data-width=\"975\" data-height=\"650\" aria-label=\"\" role=\"img\" ><\/div>\n\t\t\t\t\t\t\t\t\t\t\t<div class=\"elementor-gallery-item__overlay\"><\/div>\n\t\t\t\t\t\t\t\t\t\t\t\t\t\t<\/a>\n\t\t\t\t\t\t\t<a class=\"e-gallery-item elementor-gallery-item elementor-animated-content\" href=\"https:\/\/metal99.hu\/wp-content\/uploads\/szolgaltatasok-szemcseszoras4.jpg\" data-gal='prettyPhoto' rel='prettyPhoto' data-elementor-open-lightbox=\"yes\" data-elementor-lightbox-slideshow=\"1004d892\" data-e-action-hash=\"#elementor-action%3Aaction%3Dlightbox%26settings%3DeyJpZCI6Mzc0NywidXJsIjoiaHR0cHM6XC9cL21ldGFsOTkuaHVcL3dwLWNvbnRlbnRcL3VwbG9hZHNcL3N6b2xnYWx0YXRhc29rLXN6ZW1jc2Vzem9yYXM0LmpwZyIsInNsaWRlc2hvdyI6IjEwMDRkODkyIn0%3D\">\n\t\t\t\t\t<div class=\"e-gallery-image elementor-gallery-item__image\" data-thumbnail=\"https:\/\/metal99.hu\/wp-content\/uploads\/szolgaltatasok-szemcseszoras4.jpg\" data-width=\"975\" data-height=\"650\" aria-label=\"\" role=\"img\" ><\/div>\n\t\t\t\t\t\t\t\t\t\t\t<div class=\"elementor-gallery-item__overlay\"><\/div>\n\t\t\t\t\t\t\t\t\t\t\t\t\t\t<\/a>\n\t\t\t\t\t\t\t<a class=\"e-gallery-item elementor-gallery-item elementor-animated-content\" href=\"https:\/\/metal99.hu\/wp-content\/uploads\/szolgaltatasok-szemcseszoras.jpg\" data-gal='prettyPhoto' rel='prettyPhoto' data-elementor-open-lightbox=\"yes\" data-elementor-lightbox-slideshow=\"1004d892\" data-e-action-hash=\"#elementor-action%3Aaction%3Dlightbox%26settings%3DeyJpZCI6NDEwNywidXJsIjoiaHR0cHM6XC9cL21ldGFsOTkuaHVcL3dwLWNvbnRlbnRcL3VwbG9hZHNcL3N6b2xnYWx0YXRhc29rLXN6ZW1jc2Vzem9yYXMuanBnIiwic2xpZGVzaG93IjoiMTAwNGQ4OTIifQ%3D%3D\">\n\t\t\t\t\t<div class=\"e-gallery-image elementor-gallery-item__image\" data-thumbnail=\"https:\/\/metal99.hu\/wp-content\/uploads\/szolgaltatasok-szemcseszoras.jpg\" data-width=\"975\" data-height=\"650\" aria-label=\"\" role=\"img\" ><\/div>\n\t\t\t\t\t\t\t\t\t\t\t<div class=\"elementor-gallery-item__overlay\"><\/div>\n\t\t\t\t\t\t\t\t\t\t\t\t\t\t<\/a>\n\t\t\t\t\t\t\t<a class=\"e-gallery-item elementor-gallery-item elementor-animated-content\" href=\"https:\/\/metal99.hu\/wp-content\/uploads\/szolgaltatasok-szemcseszoras3.jpg\" data-gal='prettyPhoto' rel='prettyPhoto' data-elementor-open-lightbox=\"yes\" data-elementor-lightbox-slideshow=\"1004d892\" data-e-action-hash=\"#elementor-action%3Aaction%3Dlightbox%26settings%3DeyJpZCI6NDExMSwidXJsIjoiaHR0cHM6XC9cL21ldGFsOTkuaHVcL3dwLWNvbnRlbnRcL3VwbG9hZHNcL3N6b2xnYWx0YXRhc29rLXN6ZW1jc2Vzem9yYXMzLmpwZyIsInNsaWRlc2hvdyI6IjEwMDRkODkyIn0%3D\">\n\t\t\t\t\t<div class=\"e-gallery-image elementor-gallery-item__image\" data-thumbnail=\"https:\/\/metal99.hu\/wp-content\/uploads\/szolgaltatasok-szemcseszoras3.jpg\" data-width=\"975\" data-height=\"650\" aria-label=\"\" role=\"img\" ><\/div>\n\t\t\t\t\t\t\t\t\t\t\t<div class=\"elementor-gallery-item__overlay\"><\/div>\n\t\t\t\t\t\t\t\t\t\t\t\t\t\t<\/a>\n\t\t\t\t\t<\/div>\n\t\t\t\t\t<\/div>\n\t\t\t\t<\/div>\n\t\t\t\t\t<\/div>\n\t\t<\/div>\n\t\t\t\t\t<\/div>\n\t\t<\/section>\n\t\t\t\t<\/div>\n\t\t","protected":false},"excerpt":{"rendered":"<p>Die Pulverstrahlung ist in der Reinigung der Metalloberfl\u00e4che unentbehrlich und ist der erste Schritt bei den Erneuerungsarbeiten der Fahrzeugfenster und \u2013t\u00fcren, sowie bei den Hochspannungsanlagen. Unsere freie Kapazit\u00e4t bieten wir vorwiegend Oberfl\u00e4chenbehandlungs- und Galvanisierungsfirmen, sowie der Bev\u00f6lkerung an. galerie:<\/p>\n","protected":false},"author":1,"featured_media":0,"parent":2395,"menu_order":0,"comment_status":"closed","ping_status":"closed","template":"template-fullwidth.php","meta":{"_custom_body_class":"","_custom_post_class":"","footnotes":""},"class_list":["post-2445","page","type-page","status-publish","hentry"],"yoast_head":"<!-- This site is optimized with the Yoast SEO plugin v27.2 - https:\/\/yoast.com\/product\/yoast-seo-wordpress\/ -->\n<title>Pulverstrahlung - Metal99 Kft.<\/title>\n<meta name=\"robots\" content=\"index, follow, max-snippet:-1, max-image-preview:large, max-video-preview:-1\" \/>\n<link rel=\"canonical\" href=\"https:\/\/metal99.hu\/de\/dienstleistungen\/pulverstrahlung\/\" \/>\n<meta property=\"og:locale\" content=\"de_DE\" \/>\n<meta property=\"og:type\" content=\"article\" \/>\n<meta property=\"og:title\" content=\"Pulverstrahlung - Metal99 Kft.\" \/>\n<meta property=\"og:description\" content=\"Die Pulverstrahlung ist in der Reinigung der Metalloberfl\u00e4che unentbehrlich und ist der erste Schritt bei den Erneuerungsarbeiten der Fahrzeugfenster und \u2013t\u00fcren, sowie bei den Hochspannungsanlagen. Unsere freie Kapazit\u00e4t bieten wir vorwiegend Oberfl\u00e4chenbehandlungs- und Galvanisierungsfirmen, sowie der Bev\u00f6lkerung an. galerie:\" \/>\n<meta property=\"og:url\" content=\"https:\/\/metal99.hu\/de\/dienstleistungen\/pulverstrahlung\/\" \/>\n<meta property=\"og:site_name\" content=\"Metal99 Kft.\" \/>\n<meta property=\"article:modified_time\" content=\"2022-09-15T09:37:03+00:00\" \/>\n<meta property=\"og:image\" content=\"https:\/\/metal99.hu\/wp-content\/uploads\/szolgaltatasok-szemcseszoras4.jpg\" \/>\n\t<meta property=\"og:image:width\" content=\"975\" \/>\n\t<meta property=\"og:image:height\" content=\"650\" \/>\n\t<meta property=\"og:image:type\" content=\"image\/jpeg\" \/>\n<meta name=\"twitter:card\" content=\"summary_large_image\" \/>\n<meta name=\"twitter:label1\" content=\"Gesch\u00e4tzte Lesezeit\" \/>\n\t<meta name=\"twitter:data1\" content=\"1\u00a0Minute\" \/>\n<script type=\"application\/ld+json\" class=\"yoast-schema-graph\">{\"@context\":\"https:\/\/schema.org\",\"@graph\":[{\"@type\":\"WebPage\",\"@id\":\"https:\/\/metal99.hu\/de\/dienstleistungen\/pulverstrahlung\/\",\"url\":\"https:\/\/metal99.hu\/de\/dienstleistungen\/pulverstrahlung\/\",\"name\":\"Pulverstrahlung - Metal99 Kft.\",\"isPartOf\":{\"@id\":\"https:\/\/metal99.hu\/#website\"},\"datePublished\":\"2016-07-01T11:19:07+00:00\",\"dateModified\":\"2022-09-15T09:37:03+00:00\",\"breadcrumb\":{\"@id\":\"https:\/\/metal99.hu\/de\/dienstleistungen\/pulverstrahlung\/#breadcrumb\"},\"inLanguage\":\"de\",\"potentialAction\":[{\"@type\":\"ReadAction\",\"target\":[\"https:\/\/metal99.hu\/de\/dienstleistungen\/pulverstrahlung\/\"]}]},{\"@type\":\"BreadcrumbList\",\"@id\":\"https:\/\/metal99.hu\/de\/dienstleistungen\/pulverstrahlung\/#breadcrumb\",\"itemListElement\":[{\"@type\":\"ListItem\",\"position\":1,\"name\":\"Home\",\"item\":\"https:\/\/metal99.hu\/de\/\"},{\"@type\":\"ListItem\",\"position\":2,\"name\":\"Dienstleistungen\",\"item\":\"https:\/\/metal99.hu\/de\/dienstleistungen\/\"},{\"@type\":\"ListItem\",\"position\":3,\"name\":\"Pulverstrahlung\"}]},{\"@type\":\"WebSite\",\"@id\":\"https:\/\/metal99.hu\/#website\",\"url\":\"https:\/\/metal99.hu\/\",\"name\":\"Metal99 Kft.\",\"description\":\"\",\"potentialAction\":[{\"@type\":\"SearchAction\",\"target\":{\"@type\":\"EntryPoint\",\"urlTemplate\":\"https:\/\/metal99.hu\/?s={search_term_string}\"},\"query-input\":{\"@type\":\"PropertyValueSpecification\",\"valueRequired\":true,\"valueName\":\"search_term_string\"}}],\"inLanguage\":\"de\"}]}<\/script>\n<!-- \/ Yoast SEO plugin. -->","yoast_head_json":{"title":"Pulverstrahlung - Metal99 Kft.","robots":{"index":"index","follow":"follow","max-snippet":"max-snippet:-1","max-image-preview":"max-image-preview:large","max-video-preview":"max-video-preview:-1"},"canonical":"https:\/\/metal99.hu\/de\/dienstleistungen\/pulverstrahlung\/","og_locale":"de_DE","og_type":"article","og_title":"Pulverstrahlung - Metal99 Kft.","og_description":"Die Pulverstrahlung ist in der Reinigung der Metalloberfl\u00e4che unentbehrlich und ist der erste Schritt bei den Erneuerungsarbeiten der Fahrzeugfenster und \u2013t\u00fcren, sowie bei den Hochspannungsanlagen. Unsere freie Kapazit\u00e4t bieten wir vorwiegend Oberfl\u00e4chenbehandlungs- und Galvanisierungsfirmen, sowie der Bev\u00f6lkerung an. galerie:","og_url":"https:\/\/metal99.hu\/de\/dienstleistungen\/pulverstrahlung\/","og_site_name":"Metal99 Kft.","article_modified_time":"2022-09-15T09:37:03+00:00","og_image":[{"width":975,"height":650,"url":"https:\/\/metal99.hu\/wp-content\/uploads\/szolgaltatasok-szemcseszoras4.jpg","type":"image\/jpeg"}],"twitter_card":"summary_large_image","twitter_misc":{"Gesch\u00e4tzte Lesezeit":"1\u00a0Minute"},"schema":{"@context":"https:\/\/schema.org","@graph":[{"@type":"WebPage","@id":"https:\/\/metal99.hu\/de\/dienstleistungen\/pulverstrahlung\/","url":"https:\/\/metal99.hu\/de\/dienstleistungen\/pulverstrahlung\/","name":"Pulverstrahlung - Metal99 Kft.","isPartOf":{"@id":"https:\/\/metal99.hu\/#website"},"datePublished":"2016-07-01T11:19:07+00:00","dateModified":"2022-09-15T09:37:03+00:00","breadcrumb":{"@id":"https:\/\/metal99.hu\/de\/dienstleistungen\/pulverstrahlung\/#breadcrumb"},"inLanguage":"de","potentialAction":[{"@type":"ReadAction","target":["https:\/\/metal99.hu\/de\/dienstleistungen\/pulverstrahlung\/"]}]},{"@type":"BreadcrumbList","@id":"https:\/\/metal99.hu\/de\/dienstleistungen\/pulverstrahlung\/#breadcrumb","itemListElement":[{"@type":"ListItem","position":1,"name":"Home","item":"https:\/\/metal99.hu\/de\/"},{"@type":"ListItem","position":2,"name":"Dienstleistungen","item":"https:\/\/metal99.hu\/de\/dienstleistungen\/"},{"@type":"ListItem","position":3,"name":"Pulverstrahlung"}]},{"@type":"WebSite","@id":"https:\/\/metal99.hu\/#website","url":"https:\/\/metal99.hu\/","name":"Metal99 Kft.","description":"","potentialAction":[{"@type":"SearchAction","target":{"@type":"EntryPoint","urlTemplate":"https:\/\/metal99.hu\/?s={search_term_string}"},"query-input":{"@type":"PropertyValueSpecification","valueRequired":true,"valueName":"search_term_string"}}],"inLanguage":"de"}]}},"_links":{"self":[{"href":"https:\/\/metal99.hu\/de\/wp-json\/wp\/v2\/pages\/2445","targetHints":{"allow":["GET"]}}],"collection":[{"href":"https:\/\/metal99.hu\/de\/wp-json\/wp\/v2\/pages"}],"about":[{"href":"https:\/\/metal99.hu\/de\/wp-json\/wp\/v2\/types\/page"}],"author":[{"embeddable":true,"href":"https:\/\/metal99.hu\/de\/wp-json\/wp\/v2\/users\/1"}],"replies":[{"embeddable":true,"href":"https:\/\/metal99.hu\/de\/wp-json\/wp\/v2\/comments?post=2445"}],"version-history":[{"count":10,"href":"https:\/\/metal99.hu\/de\/wp-json\/wp\/v2\/pages\/2445\/revisions"}],"predecessor-version":[{"id":4729,"href":"https:\/\/metal99.hu\/de\/wp-json\/wp\/v2\/pages\/2445\/revisions\/4729"}],"up":[{"embeddable":true,"href":"https:\/\/metal99.hu\/de\/wp-json\/wp\/v2\/pages\/2395"}],"wp:attachment":[{"href":"https:\/\/metal99.hu\/de\/wp-json\/wp\/v2\/media?parent=2445"}],"curies":[{"name":"wp","href":"https:\/\/api.w.org\/{rel}","templated":true}]}}