{"id":2415,"date":"2016-07-01T11:17:54","date_gmt":"2016-07-01T11:17:54","guid":{"rendered":"https:\/\/metal99.hu\/dienstleistungen\/erosaramu-berendezesek-alkatreszeinek-gyartasa-es-javitasa\/"},"modified":"2022-09-10T12:11:35","modified_gmt":"2022-09-10T12:11:35","slug":"herstellung-und-reparatur-von-starkstromanlagen","status":"publish","type":"page","link":"https:\/\/metal99.hu\/de\/dienstleistungen\/herstellung-und-reparatur-von-starkstromanlagen\/","title":{"rendered":"Herstellung und Reparatur von Starkstromanlagen"},"content":{"rendered":"\t\t<div data-elementor-type=\"wp-page\" data-elementor-id=\"2415\" class=\"elementor elementor-2415 elementor-49\" data-elementor-post-type=\"page\">\n\t\t\t\t\t\t<section class=\"elementor-section elementor-top-section elementor-element elementor-element-47f46a7f elementor-section-boxed elementor-section-height-default elementor-section-height-default\" data-id=\"47f46a7f\" data-element_type=\"section\" data-e-type=\"section\">\n\t\t\t\t\t\t<div class=\"elementor-container elementor-column-gap-default\">\n\t\t\t\t\t<div class=\"elementor-column elementor-col-100 elementor-top-column elementor-element elementor-element-76b6e26\" data-id=\"76b6e26\" data-element_type=\"column\" data-e-type=\"column\">\n\t\t\t<div class=\"elementor-widget-wrap elementor-element-populated\">\n\t\t\t\t\t\t<div class=\"elementor-element elementor-element-d5fcf05 elementor-widget elementor-widget-text-editor\" data-id=\"d5fcf05\" data-element_type=\"widget\" data-e-type=\"widget\" data-widget_type=\"text-editor.default\">\n\t\t\t\t<div class=\"elementor-widget-container\">\n\t\t\t\t\t\t\t\t\t<p style=\"text-align: justify;\"><span style=\"color: #444444; font-family: 'Open Sans'; font-size: 15.4px;\">Eine St\u00e4rke der Firma ist die Fertigung und Reparatur der Starkstromanlagen, der Bahnfahrzeuge (Schalter, Sch\u00fctzen, Dachwiderst\u00e4nde, Vorwiderst\u00e4nde, verschiedene Brems- und Magnetspulen, auch f\u00fcr Zugmagnete von Weichenantriebe). Die bedeutendsten Kunden sind das Verkehrs- und Bahnunternehme im Budapest und Ungarn.<\/span><\/p><p style=\"text-align: justify;\"><span style=\"color: #444444; font-family: 'Open Sans'; font-size: 15.4px;\">Wir verf\u00fcgen im ganzen Land \u00fcber einen einzigartigen Ger\u00e4temontierungsbetrieb und \u00fcber technische Kenntnisse und Dokumentationen der letzten 50 Jahren.<\/span><\/p><p style=\"text-align: justify;\"><span style=\"color: #444444; font-family: 'Open Sans'; font-size: 15.4px;\">Ein wichtiges Gebiet vertreten wir in der Montierung der Bremsen und Weichenregler. Wir haben uns f\u00fcr die Weiterentwicklung des fachlichen Wissens und des Maschinenparks verpflichtet, als Anerkennung unserer Arbeit hat uns die\u00a0<\/span><strong style=\"color: #444444; font-family: 'Open Sans'; font-size: 15.4px;\">HANNING &amp; KAHL GmbH<\/strong><span style=\"color: #444444; font-family: 'Open Sans'; font-size: 15.4px;\">\u00a0als ausschlie\u00dflicher Vertreter in Ungarn gew\u00e4hlt und beauftragte uns mit dem Vertrieb und Instandhaltung, sowie Reparatur ihrer Produkte.<\/span><\/p>\t\t\t\t\t\t\t\t<\/div>\n\t\t\t\t<\/div>\n\t\t\t\t\t<\/div>\n\t\t<\/div>\n\t\t\t\t\t<\/div>\n\t\t<\/section>\n\t\t\t\t<section class=\"elementor-section elementor-top-section elementor-element elementor-element-3a5e5da8 elementor-section-content-middle elementor-section-boxed elementor-section-height-default elementor-section-height-default\" data-id=\"3a5e5da8\" data-element_type=\"section\" data-e-type=\"section\">\n\t\t\t\t\t\t<div class=\"elementor-container elementor-column-gap-no\">\n\t\t\t\t\t<div class=\"elementor-column elementor-col-100 elementor-top-column elementor-element elementor-element-59441e18\" data-id=\"59441e18\" data-element_type=\"column\" data-e-type=\"column\">\n\t\t\t<div class=\"elementor-widget-wrap elementor-element-populated\">\n\t\t\t\t\t\t<div class=\"elementor-element elementor-element-359c169c elementor-widget elementor-widget-heading\" data-id=\"359c169c\" data-element_type=\"widget\" data-e-type=\"widget\" data-widget_type=\"heading.default\">\n\t\t\t\t<div class=\"elementor-widget-container\">\n\t\t\t\t\t<h2 class=\"elementor-heading-title elementor-size-default\">galEriE<\/h2>\t\t\t\t<\/div>\n\t\t\t\t<\/div>\n\t\t\t\t<div class=\"elementor-element elementor-element-34121e41 elementor-widget-divider--view-line elementor-widget elementor-widget-divider\" data-id=\"34121e41\" data-element_type=\"widget\" data-e-type=\"widget\" data-widget_type=\"divider.default\">\n\t\t\t\t<div class=\"elementor-widget-container\">\n\t\t\t\t\t\t\t<div class=\"elementor-divider\">\n\t\t\t<span class=\"elementor-divider-separator\">\n\t\t\t\t\t\t<\/span>\n\t\t<\/div>\n\t\t\t\t\t\t<\/div>\n\t\t\t\t<\/div>\n\t\t\t\t\t<\/div>\n\t\t<\/div>\n\t\t\t\t\t<\/div>\n\t\t<\/section>\n\t\t\t\t<section class=\"elementor-section elementor-top-section elementor-element elementor-element-18793622 elementor-section-boxed elementor-section-height-default elementor-section-height-default\" data-id=\"18793622\" data-element_type=\"section\" data-e-type=\"section\">\n\t\t\t\t\t\t<div class=\"elementor-container elementor-column-gap-default\">\n\t\t\t\t\t<div class=\"elementor-column elementor-col-100 elementor-top-column elementor-element elementor-element-72bdeec8\" data-id=\"72bdeec8\" data-element_type=\"column\" data-e-type=\"column\">\n\t\t\t<div class=\"elementor-widget-wrap elementor-element-populated\">\n\t\t\t\t\t\t<div class=\"elementor-element elementor-element-1d2c5722 elementor-widget elementor-widget-gallery\" data-id=\"1d2c5722\" data-element_type=\"widget\" data-e-type=\"widget\" data-settings=\"{&quot;gallery_layout&quot;:&quot;justified&quot;,&quot;lazyload&quot;:&quot;yes&quot;,&quot;ideal_row_height&quot;:{&quot;unit&quot;:&quot;px&quot;,&quot;size&quot;:200,&quot;sizes&quot;:[]},&quot;ideal_row_height_tablet&quot;:{&quot;unit&quot;:&quot;px&quot;,&quot;size&quot;:150,&quot;sizes&quot;:[]},&quot;ideal_row_height_mobile&quot;:{&quot;unit&quot;:&quot;px&quot;,&quot;size&quot;:150,&quot;sizes&quot;:[]},&quot;gap&quot;:{&quot;unit&quot;:&quot;px&quot;,&quot;size&quot;:10,&quot;sizes&quot;:[]},&quot;gap_tablet&quot;:{&quot;unit&quot;:&quot;px&quot;,&quot;size&quot;:10,&quot;sizes&quot;:[]},&quot;gap_mobile&quot;:{&quot;unit&quot;:&quot;px&quot;,&quot;size&quot;:10,&quot;sizes&quot;:[]},&quot;link_to&quot;:&quot;file&quot;,&quot;overlay_background&quot;:&quot;yes&quot;,&quot;content_hover_animation&quot;:&quot;fade-in&quot;}\" data-widget_type=\"gallery.default\">\n\t\t\t\t<div class=\"elementor-widget-container\">\n\t\t\t\t\t\t\t<div class=\"elementor-gallery__container\">\n\t\t\t\t\t\t\t<a class=\"e-gallery-item elementor-gallery-item elementor-animated-content\" href=\"https:\/\/metal99.hu\/wp-content\/uploads\/szolgaltatasok-keszulekjavitas6.jpg\" data-gal='prettyPhoto' rel='prettyPhoto' data-elementor-open-lightbox=\"yes\" data-elementor-lightbox-slideshow=\"1d2c5722\" data-e-action-hash=\"#elementor-action%3Aaction%3Dlightbox%26settings%3DeyJpZCI6NDIyMCwidXJsIjoiaHR0cHM6XC9cL21ldGFsOTkuaHVcL3dwLWNvbnRlbnRcL3VwbG9hZHNcL3N6b2xnYWx0YXRhc29rLWtlc3p1bGVramF2aXRhczYuanBnIiwic2xpZGVzaG93IjoiMWQyYzU3MjIifQ%3D%3D\">\n\t\t\t\t\t<div class=\"e-gallery-image elementor-gallery-item__image\" data-thumbnail=\"https:\/\/metal99.hu\/wp-content\/uploads\/szolgaltatasok-keszulekjavitas6-1024x683.jpg\" data-width=\"1024\" data-height=\"683\" aria-label=\"\" role=\"img\" ><\/div>\n\t\t\t\t\t\t\t\t\t\t\t<div class=\"elementor-gallery-item__overlay\"><\/div>\n\t\t\t\t\t\t\t\t\t\t\t\t\t\t<\/a>\n\t\t\t\t\t\t\t<a class=\"e-gallery-item elementor-gallery-item elementor-animated-content\" href=\"https:\/\/metal99.hu\/wp-content\/uploads\/szolgaltatasok-keszulekjavitas7.jpg\" data-gal='prettyPhoto' rel='prettyPhoto' data-elementor-open-lightbox=\"yes\" data-elementor-lightbox-slideshow=\"1d2c5722\" data-e-action-hash=\"#elementor-action%3Aaction%3Dlightbox%26settings%3DeyJpZCI6NDIyMywidXJsIjoiaHR0cHM6XC9cL21ldGFsOTkuaHVcL3dwLWNvbnRlbnRcL3VwbG9hZHNcL3N6b2xnYWx0YXRhc29rLWtlc3p1bGVramF2aXRhczcuanBnIiwic2xpZGVzaG93IjoiMWQyYzU3MjIifQ%3D%3D\">\n\t\t\t\t\t<div class=\"e-gallery-image elementor-gallery-item__image\" data-thumbnail=\"https:\/\/metal99.hu\/wp-content\/uploads\/szolgaltatasok-keszulekjavitas7-1024x683.jpg\" data-width=\"1024\" data-height=\"683\" aria-label=\"\" role=\"img\" ><\/div>\n\t\t\t\t\t\t\t\t\t\t\t<div class=\"elementor-gallery-item__overlay\"><\/div>\n\t\t\t\t\t\t\t\t\t\t\t\t\t\t<\/a>\n\t\t\t\t\t\t\t<a class=\"e-gallery-item elementor-gallery-item elementor-animated-content\" href=\"https:\/\/metal99.hu\/wp-content\/uploads\/szolgaltatasok-keszulekjavitas5.jpg\" data-gal='prettyPhoto' rel='prettyPhoto' data-elementor-open-lightbox=\"yes\" data-elementor-lightbox-slideshow=\"1d2c5722\" data-e-action-hash=\"#elementor-action%3Aaction%3Dlightbox%26settings%3DeyJpZCI6NDA5NiwidXJsIjoiaHR0cHM6XC9cL21ldGFsOTkuaHVcL3dwLWNvbnRlbnRcL3VwbG9hZHNcL3N6b2xnYWx0YXRhc29rLWtlc3p1bGVramF2aXRhczUuanBnIiwic2xpZGVzaG93IjoiMWQyYzU3MjIifQ%3D%3D\">\n\t\t\t\t\t<div class=\"e-gallery-image elementor-gallery-item__image\" data-thumbnail=\"https:\/\/metal99.hu\/wp-content\/uploads\/szolgaltatasok-keszulekjavitas5.jpg\" data-width=\"975\" data-height=\"650\" aria-label=\"\" role=\"img\" ><\/div>\n\t\t\t\t\t\t\t\t\t\t\t<div class=\"elementor-gallery-item__overlay\"><\/div>\n\t\t\t\t\t\t\t\t\t\t\t\t\t\t<\/a>\n\t\t\t\t\t\t\t<a class=\"e-gallery-item elementor-gallery-item elementor-animated-content\" href=\"https:\/\/metal99.hu\/wp-content\/uploads\/szolgaltatasok-keszulekjavitas4.jpg\" data-gal='prettyPhoto' rel='prettyPhoto' data-elementor-open-lightbox=\"yes\" data-elementor-lightbox-slideshow=\"1d2c5722\" data-e-action-hash=\"#elementor-action%3Aaction%3Dlightbox%26settings%3DeyJpZCI6NDA5NCwidXJsIjoiaHR0cHM6XC9cL21ldGFsOTkuaHVcL3dwLWNvbnRlbnRcL3VwbG9hZHNcL3N6b2xnYWx0YXRhc29rLWtlc3p1bGVramF2aXRhczQuanBnIiwic2xpZGVzaG93IjoiMWQyYzU3MjIifQ%3D%3D\">\n\t\t\t\t\t<div class=\"e-gallery-image elementor-gallery-item__image\" data-thumbnail=\"https:\/\/metal99.hu\/wp-content\/uploads\/szolgaltatasok-keszulekjavitas4.jpg\" data-width=\"975\" data-height=\"650\" aria-label=\"\" role=\"img\" ><\/div>\n\t\t\t\t\t\t\t\t\t\t\t<div class=\"elementor-gallery-item__overlay\"><\/div>\n\t\t\t\t\t\t\t\t\t\t\t\t\t\t<\/a>\n\t\t\t\t\t\t\t<a class=\"e-gallery-item elementor-gallery-item elementor-animated-content\" href=\"https:\/\/metal99.hu\/wp-content\/uploads\/szolgaltatasok-keszulekjavitas3.jpg\" data-gal='prettyPhoto' rel='prettyPhoto' data-elementor-open-lightbox=\"yes\" data-elementor-lightbox-slideshow=\"1d2c5722\" data-e-action-hash=\"#elementor-action%3Aaction%3Dlightbox%26settings%3DeyJpZCI6MzczNSwidXJsIjoiaHR0cHM6XC9cL21ldGFsOTkuaHVcL3dwLWNvbnRlbnRcL3VwbG9hZHNcL3N6b2xnYWx0YXRhc29rLWtlc3p1bGVramF2aXRhczMuanBnIiwic2xpZGVzaG93IjoiMWQyYzU3MjIifQ%3D%3D\">\n\t\t\t\t\t<div class=\"e-gallery-image elementor-gallery-item__image\" data-thumbnail=\"https:\/\/metal99.hu\/wp-content\/uploads\/szolgaltatasok-keszulekjavitas3.jpg\" data-width=\"975\" data-height=\"650\" aria-label=\"\" role=\"img\" ><\/div>\n\t\t\t\t\t\t\t\t\t\t\t<div class=\"elementor-gallery-item__overlay\"><\/div>\n\t\t\t\t\t\t\t\t\t\t\t\t\t\t<\/a>\n\t\t\t\t\t\t\t<a class=\"e-gallery-item elementor-gallery-item elementor-animated-content\" href=\"https:\/\/metal99.hu\/wp-content\/uploads\/szolgaltatasok-keszulekjavitas2.jpg\" data-gal='prettyPhoto' rel='prettyPhoto' data-elementor-open-lightbox=\"yes\" data-elementor-lightbox-slideshow=\"1d2c5722\" data-e-action-hash=\"#elementor-action%3Aaction%3Dlightbox%26settings%3DeyJpZCI6NDA5MiwidXJsIjoiaHR0cHM6XC9cL21ldGFsOTkuaHVcL3dwLWNvbnRlbnRcL3VwbG9hZHNcL3N6b2xnYWx0YXRhc29rLWtlc3p1bGVramF2aXRhczIuanBnIiwic2xpZGVzaG93IjoiMWQyYzU3MjIifQ%3D%3D\">\n\t\t\t\t\t<div class=\"e-gallery-image elementor-gallery-item__image\" data-thumbnail=\"https:\/\/metal99.hu\/wp-content\/uploads\/szolgaltatasok-keszulekjavitas2.jpg\" data-width=\"975\" data-height=\"650\" aria-label=\"\" role=\"img\" ><\/div>\n\t\t\t\t\t\t\t\t\t\t\t<div class=\"elementor-gallery-item__overlay\"><\/div>\n\t\t\t\t\t\t\t\t\t\t\t\t\t\t<\/a>\n\t\t\t\t\t\t\t<a class=\"e-gallery-item elementor-gallery-item elementor-animated-content\" href=\"https:\/\/metal99.hu\/wp-content\/uploads\/szolgaltatasok-keszulekjavitas.jpg\" data-gal='prettyPhoto' rel='prettyPhoto' data-elementor-open-lightbox=\"yes\" data-elementor-lightbox-slideshow=\"1d2c5722\" data-e-action-hash=\"#elementor-action%3Aaction%3Dlightbox%26settings%3DeyJpZCI6NDA5MCwidXJsIjoiaHR0cHM6XC9cL21ldGFsOTkuaHVcL3dwLWNvbnRlbnRcL3VwbG9hZHNcL3N6b2xnYWx0YXRhc29rLWtlc3p1bGVramF2aXRhcy5qcGciLCJzbGlkZXNob3ciOiIxZDJjNTcyMiJ9\">\n\t\t\t\t\t<div class=\"e-gallery-image elementor-gallery-item__image\" data-thumbnail=\"https:\/\/metal99.hu\/wp-content\/uploads\/szolgaltatasok-keszulekjavitas.jpg\" data-width=\"867\" data-height=\"650\" aria-label=\"\" role=\"img\" ><\/div>\n\t\t\t\t\t\t\t\t\t\t\t<div class=\"elementor-gallery-item__overlay\"><\/div>\n\t\t\t\t\t\t\t\t\t\t\t\t\t\t<\/a>\n\t\t\t\t\t<\/div>\n\t\t\t\t\t<\/div>\n\t\t\t\t<\/div>\n\t\t\t\t\t<\/div>\n\t\t<\/div>\n\t\t\t\t\t<\/div>\n\t\t<\/section>\n\t\t\t\t<\/div>\n\t\t","protected":false},"excerpt":{"rendered":"<p>Eine St\u00e4rke der Firma ist die Fertigung und Reparatur der Starkstromanlagen, der Bahnfahrzeuge (Schalter, Sch\u00fctzen, Dachwiderst\u00e4nde, Vorwiderst\u00e4nde, verschiedene Brems- und Magnetspulen, auch f\u00fcr Zugmagnete von Weichenantriebe). Die bedeutendsten Kunden sind das Verkehrs- und Bahnunternehme im Budapest und Ungarn. Wir verf\u00fcgen im ganzen Land \u00fcber einen einzigartigen Ger\u00e4temontierungsbetrieb und \u00fcber technische Kenntnisse und Dokumentationen der letzten &hellip;<\/p>\n","protected":false},"author":1,"featured_media":0,"parent":2395,"menu_order":0,"comment_status":"closed","ping_status":"closed","template":"template-fullwidth.php","meta":{"_custom_body_class":"","_custom_post_class":"","footnotes":""},"class_list":["post-2415","page","type-page","status-publish","hentry"],"yoast_head":"<!-- This site is optimized with the Yoast SEO plugin v27.2 - https:\/\/yoast.com\/product\/yoast-seo-wordpress\/ -->\n<title>Herstellung und Reparatur von Starkstromanlagen - Metal99 Kft.<\/title>\n<meta name=\"robots\" content=\"index, follow, max-snippet:-1, max-image-preview:large, max-video-preview:-1\" \/>\n<link rel=\"canonical\" href=\"https:\/\/metal99.hu\/en\/services\/production-and-repair-of-electrical-installations\/\" \/>\n<meta property=\"og:locale\" content=\"de_DE\" \/>\n<meta property=\"og:type\" content=\"article\" \/>\n<meta property=\"og:title\" content=\"Herstellung und Reparatur von Starkstromanlagen - Metal99 Kft.\" \/>\n<meta property=\"og:description\" content=\"Eine St\u00e4rke der Firma ist die Fertigung und Reparatur der Starkstromanlagen, der Bahnfahrzeuge (Schalter, Sch\u00fctzen, Dachwiderst\u00e4nde, Vorwiderst\u00e4nde, verschiedene Brems- und Magnetspulen, auch f\u00fcr Zugmagnete von Weichenantriebe). Die bedeutendsten Kunden sind das Verkehrs- und Bahnunternehme im Budapest und Ungarn. Wir verf\u00fcgen im ganzen Land \u00fcber einen einzigartigen Ger\u00e4temontierungsbetrieb und \u00fcber technische Kenntnisse und Dokumentationen der letzten &hellip;\" \/>\n<meta property=\"og:url\" content=\"https:\/\/metal99.hu\/en\/services\/production-and-repair-of-electrical-installations\/\" \/>\n<meta property=\"og:site_name\" content=\"Metal99 Kft.\" \/>\n<meta property=\"article:modified_time\" content=\"2022-09-10T12:11:35+00:00\" \/>\n<meta property=\"og:image\" content=\"https:\/\/metal99.hu\/wp-content\/uploads\/szolgaltatasok-keszulekjavitas.jpg\" \/>\n\t<meta property=\"og:image:width\" content=\"867\" \/>\n\t<meta property=\"og:image:height\" content=\"650\" \/>\n\t<meta property=\"og:image:type\" content=\"image\/jpeg\" \/>\n<meta name=\"twitter:card\" content=\"summary_large_image\" \/>\n<meta name=\"twitter:label1\" content=\"Gesch\u00e4tzte Lesezeit\" \/>\n\t<meta name=\"twitter:data1\" content=\"1\u00a0Minute\" \/>\n<script type=\"application\/ld+json\" class=\"yoast-schema-graph\">{\"@context\":\"https:\/\/schema.org\",\"@graph\":[{\"@type\":\"WebPage\",\"@id\":\"https:\/\/metal99.hu\/en\/services\/production-and-repair-of-electrical-installations\/\",\"url\":\"https:\/\/metal99.hu\/en\/services\/production-and-repair-of-electrical-installations\/\",\"name\":\"Herstellung und Reparatur von Starkstromanlagen - Metal99 Kft.\",\"isPartOf\":{\"@id\":\"https:\/\/metal99.hu\/#website\"},\"datePublished\":\"2016-07-01T11:17:54+00:00\",\"dateModified\":\"2022-09-10T12:11:35+00:00\",\"breadcrumb\":{\"@id\":\"https:\/\/metal99.hu\/en\/services\/production-and-repair-of-electrical-installations\/#breadcrumb\"},\"inLanguage\":\"de\",\"potentialAction\":[{\"@type\":\"ReadAction\",\"target\":[\"https:\/\/metal99.hu\/en\/services\/production-and-repair-of-electrical-installations\/\"]}]},{\"@type\":\"BreadcrumbList\",\"@id\":\"https:\/\/metal99.hu\/en\/services\/production-and-repair-of-electrical-installations\/#breadcrumb\",\"itemListElement\":[{\"@type\":\"ListItem\",\"position\":1,\"name\":\"Home\",\"item\":\"https:\/\/metal99.hu\/de\/\"},{\"@type\":\"ListItem\",\"position\":2,\"name\":\"Dienstleistungen\",\"item\":\"https:\/\/metal99.hu\/de\/dienstleistungen\/\"},{\"@type\":\"ListItem\",\"position\":3,\"name\":\"Herstellung und Reparatur von Starkstromanlagen\"}]},{\"@type\":\"WebSite\",\"@id\":\"https:\/\/metal99.hu\/#website\",\"url\":\"https:\/\/metal99.hu\/\",\"name\":\"Metal99 Kft.\",\"description\":\"\",\"potentialAction\":[{\"@type\":\"SearchAction\",\"target\":{\"@type\":\"EntryPoint\",\"urlTemplate\":\"https:\/\/metal99.hu\/?s={search_term_string}\"},\"query-input\":{\"@type\":\"PropertyValueSpecification\",\"valueRequired\":true,\"valueName\":\"search_term_string\"}}],\"inLanguage\":\"de\"}]}<\/script>\n<!-- \/ Yoast SEO plugin. -->","yoast_head_json":{"title":"Herstellung und Reparatur von Starkstromanlagen - Metal99 Kft.","robots":{"index":"index","follow":"follow","max-snippet":"max-snippet:-1","max-image-preview":"max-image-preview:large","max-video-preview":"max-video-preview:-1"},"canonical":"https:\/\/metal99.hu\/en\/services\/production-and-repair-of-electrical-installations\/","og_locale":"de_DE","og_type":"article","og_title":"Herstellung und Reparatur von Starkstromanlagen - Metal99 Kft.","og_description":"Eine St\u00e4rke der Firma ist die Fertigung und Reparatur der Starkstromanlagen, der Bahnfahrzeuge (Schalter, Sch\u00fctzen, Dachwiderst\u00e4nde, Vorwiderst\u00e4nde, verschiedene Brems- und Magnetspulen, auch f\u00fcr Zugmagnete von Weichenantriebe). Die bedeutendsten Kunden sind das Verkehrs- und Bahnunternehme im Budapest und Ungarn. Wir verf\u00fcgen im ganzen Land \u00fcber einen einzigartigen Ger\u00e4temontierungsbetrieb und \u00fcber technische Kenntnisse und Dokumentationen der letzten &hellip;","og_url":"https:\/\/metal99.hu\/en\/services\/production-and-repair-of-electrical-installations\/","og_site_name":"Metal99 Kft.","article_modified_time":"2022-09-10T12:11:35+00:00","og_image":[{"width":867,"height":650,"url":"https:\/\/metal99.hu\/wp-content\/uploads\/szolgaltatasok-keszulekjavitas.jpg","type":"image\/jpeg"}],"twitter_card":"summary_large_image","twitter_misc":{"Gesch\u00e4tzte Lesezeit":"1\u00a0Minute"},"schema":{"@context":"https:\/\/schema.org","@graph":[{"@type":"WebPage","@id":"https:\/\/metal99.hu\/en\/services\/production-and-repair-of-electrical-installations\/","url":"https:\/\/metal99.hu\/en\/services\/production-and-repair-of-electrical-installations\/","name":"Herstellung und Reparatur von Starkstromanlagen - Metal99 Kft.","isPartOf":{"@id":"https:\/\/metal99.hu\/#website"},"datePublished":"2016-07-01T11:17:54+00:00","dateModified":"2022-09-10T12:11:35+00:00","breadcrumb":{"@id":"https:\/\/metal99.hu\/en\/services\/production-and-repair-of-electrical-installations\/#breadcrumb"},"inLanguage":"de","potentialAction":[{"@type":"ReadAction","target":["https:\/\/metal99.hu\/en\/services\/production-and-repair-of-electrical-installations\/"]}]},{"@type":"BreadcrumbList","@id":"https:\/\/metal99.hu\/en\/services\/production-and-repair-of-electrical-installations\/#breadcrumb","itemListElement":[{"@type":"ListItem","position":1,"name":"Home","item":"https:\/\/metal99.hu\/de\/"},{"@type":"ListItem","position":2,"name":"Dienstleistungen","item":"https:\/\/metal99.hu\/de\/dienstleistungen\/"},{"@type":"ListItem","position":3,"name":"Herstellung und Reparatur von Starkstromanlagen"}]},{"@type":"WebSite","@id":"https:\/\/metal99.hu\/#website","url":"https:\/\/metal99.hu\/","name":"Metal99 Kft.","description":"","potentialAction":[{"@type":"SearchAction","target":{"@type":"EntryPoint","urlTemplate":"https:\/\/metal99.hu\/?s={search_term_string}"},"query-input":{"@type":"PropertyValueSpecification","valueRequired":true,"valueName":"search_term_string"}}],"inLanguage":"de"}]}},"_links":{"self":[{"href":"https:\/\/metal99.hu\/de\/wp-json\/wp\/v2\/pages\/2415","targetHints":{"allow":["GET"]}}],"collection":[{"href":"https:\/\/metal99.hu\/de\/wp-json\/wp\/v2\/pages"}],"about":[{"href":"https:\/\/metal99.hu\/de\/wp-json\/wp\/v2\/types\/page"}],"author":[{"embeddable":true,"href":"https:\/\/metal99.hu\/de\/wp-json\/wp\/v2\/users\/1"}],"replies":[{"embeddable":true,"href":"https:\/\/metal99.hu\/de\/wp-json\/wp\/v2\/comments?post=2415"}],"version-history":[{"count":10,"href":"https:\/\/metal99.hu\/de\/wp-json\/wp\/v2\/pages\/2415\/revisions"}],"predecessor-version":[{"id":4728,"href":"https:\/\/metal99.hu\/de\/wp-json\/wp\/v2\/pages\/2415\/revisions\/4728"}],"up":[{"embeddable":true,"href":"https:\/\/metal99.hu\/de\/wp-json\/wp\/v2\/pages\/2395"}],"wp:attachment":[{"href":"https:\/\/metal99.hu\/de\/wp-json\/wp\/v2\/media?parent=2415"}],"curies":[{"name":"wp","href":"https:\/\/api.w.org\/{rel}","templated":true}]}}