{"id":2405,"date":"2016-07-01T11:17:24","date_gmt":"2016-07-01T11:17:24","guid":{"rendered":"https:\/\/metal99.hu\/produkte\/hanning-kahl-gmbh\/"},"modified":"2022-09-10T11:46:21","modified_gmt":"2022-09-10T11:46:21","slug":"in-der-gegenwart-mit-der-zukuenftigen-technologie-der-verkehrssicherheit","status":"publish","type":"page","link":"https:\/\/metal99.hu\/de\/produkte\/in-der-gegenwart-mit-der-zukuenftigen-technologie-der-verkehrssicherheit\/","title":{"rendered":"In der Gegenwart mit der zuk\u00fcnftigen Technologie der Verkehrssicherheit"},"content":{"rendered":"\t\t<div data-elementor-type=\"wp-page\" data-elementor-id=\"2405\" class=\"elementor elementor-2405 elementor-41\" data-elementor-post-type=\"page\">\n\t\t\t\t\t\t<section class=\"elementor-section elementor-top-section elementor-element elementor-element-659803c0 elementor-section-boxed elementor-section-height-default elementor-section-height-default\" data-id=\"659803c0\" data-element_type=\"section\" data-e-type=\"section\">\n\t\t\t\t\t\t<div class=\"elementor-container elementor-column-gap-default\">\n\t\t\t\t\t<div class=\"elementor-column elementor-col-100 elementor-top-column elementor-element elementor-element-29fc76a9\" data-id=\"29fc76a9\" data-element_type=\"column\" data-e-type=\"column\">\n\t\t\t<div class=\"elementor-widget-wrap elementor-element-populated\">\n\t\t\t\t\t\t<div class=\"elementor-element elementor-element-5c6df535 elementor-widget elementor-widget-text-editor\" data-id=\"5c6df535\" data-element_type=\"widget\" data-e-type=\"widget\" data-widget_type=\"text-editor.default\">\n\t\t\t\t<div class=\"elementor-widget-container\">\n\t\t\t\t\t\t\t\t\t<p style=\"text-align: justify;\"><img fetchpriority=\"high\" decoding=\"async\" class=\" wp-image-1251 alignright\" src=\"https:\/\/metal99.hu\/wp-content\/uploads\/HK.jpg\" alt=\"HK\" width=\"323\" height=\"323\" srcset=\"https:\/\/metal99.hu\/wp-content\/uploads\/HK.jpg 650w, https:\/\/metal99.hu\/wp-content\/uploads\/HK-300x300.jpg 300w, https:\/\/metal99.hu\/wp-content\/uploads\/HK-150x150.jpg 150w\" sizes=\"(max-width: 323px) 100vw, 323px\" \/>Die weitbekannte Hanning und Kahl GmbH mit der Industrieanlage im Nord-Deutschen Oerlinghausen spielt seit 1993 im elektrischen Bahnverkehr eine wichtige Rolle und liefert elektrische Bahnweichenantriebe und Steuerschr\u00e4nke nach Budapest. Neben dem \u00f6ffentlichen Bahnverkehr bieten sie viele Verwendungsm\u00f6glichkeiten f\u00fcr die Metro, Industriebahn und Nebenspuren.<br \/>Unsere Firma ist in Ungarn seit 2010 der ausschlie\u00dfliche Vertreter der marktf\u00fchrenden Firma. Neben den Handelsdienstleistungen reparieren wir Weichensteuerungen und Bremsen, dies beinhaltet auch die Rekonstruktion der Weichenantriebe und Bremsanlagen.<br \/>2014 haben wir mit der Rekonstruktion der mechanischen Bremsanlagen der Combino Stra\u00dfenbahnen begonnen.<br \/>Das Ergebnis der Zusammenarbeit zwischen HANNING &amp; KAHL und Metal 99 GmbH ist auch in der Budapester Verkehrsentwicklung zu verfolgen.<\/p><p><img decoding=\"async\" class=\"emoji\" role=\"img\" draggable=\"false\" src=\"https:\/\/s.w.org\/images\/core\/emoji\/14.0.0\/svg\/25aa.svg\" alt=\"\u25aa\" \/>\u00a0 19 Weichenantriebe und Steuerschr\u00e4nke wurden in die Stra\u00dfenbahnlinien 1 und 3 eingebaut, bei den Erneuerungsarbeiten auf dem Sz\u00e9ll-K\u00e1lm\u00e1n-Platz und auch bei der Ausf\u00fchrung der Budaer Stra\u00dfenbahnnetzes<br \/><img decoding=\"async\" class=\"emoji\" role=\"img\" draggable=\"false\" src=\"https:\/\/s.w.org\/images\/core\/emoji\/14.0.0\/svg\/25aa.svg\" alt=\"\u25aa\" \/>\u00a0 Es erschien in Ungarn die erste inegrierte Signalanlage mit Fahrzeugsensor<br \/><img decoding=\"async\" class=\"emoji\" role=\"img\" draggable=\"false\" src=\"https:\/\/s.w.org\/images\/core\/emoji\/14.0.0\/svg\/25aa.svg\" alt=\"\u25aa\" \/>\u00a0 Im Laufe der Erneuerungsarbeiten auf dem Sz\u00e9ll-K\u00e1lm\u00e1n-Platz wurde ein Weichensteuerung und Fahrzuegdetektion sowie zwei Weichenantriebe eingebaut<br \/><img decoding=\"async\" class=\"emoji\" role=\"img\" draggable=\"false\" src=\"https:\/\/s.w.org\/images\/core\/emoji\/14.0.0\/svg\/25aa.svg\" alt=\"\u25aa\" \/>\u00a0 Auf dem De\u00e1k-Ferenc-Platz ist auch ein Weichenregler und eine Weichensteueranlage im Betrieb<\/p><p style=\"text-align: justify;\">Die Metal 99 GmbH ist nicht nur als Vertreiber pr\u00e4sent, sondern vertritt auch als fachlich kompetenter Partner die HANNING &amp; KAHL GmbH. Wir stehen den Partnern von der Konstruktion und Einbau bis zur Inbetriebsetzung und eventuellellen Fehlerbehebung mit kompletten Produktionshintergrund unseren Partnern zur Verf\u00fcgung.<br \/>Als Neuprodukt bieten wir unser Fern\u00fcberwachungssystem an, das vom Tochterunternehmen von HANNING &amp; KAHL entwickelt wurde, das f\u00fcr die eigen hergestellte Ger\u00e4te eingebaut wird. Mit Hilfe des Systems k\u00f6nnen die Instandhaltungskosten gemindert und die Funktionsabl\u00e4ufe genau verfolgt werden.<\/p>\t\t\t\t\t\t\t\t<\/div>\n\t\t\t\t<\/div>\n\t\t\t\t\t<\/div>\n\t\t<\/div>\n\t\t\t\t\t<\/div>\n\t\t<\/section>\n\t\t\t\t<section class=\"elementor-section elementor-top-section elementor-element elementor-element-71839e64 elementor-section-content-middle elementor-section-boxed elementor-section-height-default elementor-section-height-default\" data-id=\"71839e64\" data-element_type=\"section\" data-e-type=\"section\">\n\t\t\t\t\t\t<div class=\"elementor-container elementor-column-gap-no\">\n\t\t\t\t\t<div class=\"elementor-column elementor-col-100 elementor-top-column elementor-element elementor-element-496ae977\" data-id=\"496ae977\" data-element_type=\"column\" data-e-type=\"column\">\n\t\t\t<div class=\"elementor-widget-wrap elementor-element-populated\">\n\t\t\t\t\t\t<div class=\"elementor-element elementor-element-16d12ca elementor-widget elementor-widget-heading\" data-id=\"16d12ca\" data-element_type=\"widget\" data-e-type=\"widget\" data-widget_type=\"heading.default\">\n\t\t\t\t<div class=\"elementor-widget-container\">\n\t\t\t\t\t<h2 class=\"elementor-heading-title elementor-size-default\">galerie<\/h2>\t\t\t\t<\/div>\n\t\t\t\t<\/div>\n\t\t\t\t<div class=\"elementor-element elementor-element-e85073b elementor-widget-divider--view-line elementor-widget elementor-widget-divider\" data-id=\"e85073b\" data-element_type=\"widget\" data-e-type=\"widget\" data-widget_type=\"divider.default\">\n\t\t\t\t<div class=\"elementor-widget-container\">\n\t\t\t\t\t\t\t<div class=\"elementor-divider\">\n\t\t\t<span class=\"elementor-divider-separator\">\n\t\t\t\t\t\t<\/span>\n\t\t<\/div>\n\t\t\t\t\t\t<\/div>\n\t\t\t\t<\/div>\n\t\t\t\t\t<\/div>\n\t\t<\/div>\n\t\t\t\t\t<\/div>\n\t\t<\/section>\n\t\t\t\t<section class=\"elementor-section elementor-top-section elementor-element elementor-element-573c8d61 elementor-section-boxed elementor-section-height-default elementor-section-height-default\" data-id=\"573c8d61\" data-element_type=\"section\" data-e-type=\"section\">\n\t\t\t\t\t\t<div class=\"elementor-container elementor-column-gap-default\">\n\t\t\t\t\t<div class=\"elementor-column elementor-col-100 elementor-top-column elementor-element elementor-element-24959206\" data-id=\"24959206\" data-element_type=\"column\" data-e-type=\"column\">\n\t\t\t<div class=\"elementor-widget-wrap elementor-element-populated\">\n\t\t\t\t\t\t<div class=\"elementor-element elementor-element-5546c496 elementor-widget elementor-widget-gallery\" data-id=\"5546c496\" data-element_type=\"widget\" data-e-type=\"widget\" data-settings=\"{&quot;gallery_layout&quot;:&quot;justified&quot;,&quot;lazyload&quot;:&quot;yes&quot;,&quot;ideal_row_height&quot;:{&quot;unit&quot;:&quot;px&quot;,&quot;size&quot;:200,&quot;sizes&quot;:[]},&quot;ideal_row_height_tablet&quot;:{&quot;unit&quot;:&quot;px&quot;,&quot;size&quot;:150,&quot;sizes&quot;:[]},&quot;ideal_row_height_mobile&quot;:{&quot;unit&quot;:&quot;px&quot;,&quot;size&quot;:150,&quot;sizes&quot;:[]},&quot;gap&quot;:{&quot;unit&quot;:&quot;px&quot;,&quot;size&quot;:10,&quot;sizes&quot;:[]},&quot;gap_tablet&quot;:{&quot;unit&quot;:&quot;px&quot;,&quot;size&quot;:10,&quot;sizes&quot;:[]},&quot;gap_mobile&quot;:{&quot;unit&quot;:&quot;px&quot;,&quot;size&quot;:10,&quot;sizes&quot;:[]},&quot;link_to&quot;:&quot;file&quot;,&quot;overlay_background&quot;:&quot;yes&quot;,&quot;content_hover_animation&quot;:&quot;fade-in&quot;}\" data-widget_type=\"gallery.default\">\n\t\t\t\t<div class=\"elementor-widget-container\">\n\t\t\t\t\t\t\t<div class=\"elementor-gallery__container\">\n\t\t\t\t\t\t\t<a class=\"e-gallery-item elementor-gallery-item elementor-animated-content\" href=\"https:\/\/metal99.hu\/wp-content\/uploads\/termekek-HK5.jpg\" data-gal='prettyPhoto' rel='prettyPhoto' data-elementor-open-lightbox=\"yes\" data-elementor-lightbox-slideshow=\"5546c496\" data-e-action-hash=\"#elementor-action%3Aaction%3Dlightbox%26settings%3DeyJpZCI6MTI0MywidXJsIjoiaHR0cHM6XC9cL21ldGFsOTkuaHVcL3dwLWNvbnRlbnRcL3VwbG9hZHNcL3Rlcm1la2VrLUhLNS5qcGciLCJzbGlkZXNob3ciOiI1NTQ2YzQ5NiJ9\">\n\t\t\t\t\t<div class=\"e-gallery-image elementor-gallery-item__image\" data-thumbnail=\"https:\/\/metal99.hu\/wp-content\/uploads\/termekek-HK5.jpg\" data-width=\"975\" data-height=\"650\" aria-label=\"Hanning&amp;Kahl, H&amp;K, Hanning, metal 99, metal99\" role=\"img\" ><\/div>\n\t\t\t\t\t\t\t\t\t\t\t<div class=\"elementor-gallery-item__overlay\"><\/div>\n\t\t\t\t\t\t\t\t\t\t\t\t\t\t<\/a>\n\t\t\t\t\t\t\t<a class=\"e-gallery-item elementor-gallery-item elementor-animated-content\" href=\"https:\/\/metal99.hu\/wp-content\/uploads\/termekek-HK4.jpg\" data-gal='prettyPhoto' rel='prettyPhoto' data-elementor-open-lightbox=\"yes\" data-elementor-lightbox-slideshow=\"5546c496\" data-e-action-hash=\"#elementor-action%3Aaction%3Dlightbox%26settings%3DeyJpZCI6MTI0MSwidXJsIjoiaHR0cHM6XC9cL21ldGFsOTkuaHVcL3dwLWNvbnRlbnRcL3VwbG9hZHNcL3Rlcm1la2VrLUhLNC5qcGciLCJzbGlkZXNob3ciOiI1NTQ2YzQ5NiJ9\">\n\t\t\t\t\t<div class=\"e-gallery-image elementor-gallery-item__image\" data-thumbnail=\"https:\/\/metal99.hu\/wp-content\/uploads\/termekek-HK4.jpg\" data-width=\"975\" data-height=\"650\" aria-label=\"Hanning&amp;Kahl, H&amp;K, Hanning, metal 99, metal99\" role=\"img\" ><\/div>\n\t\t\t\t\t\t\t\t\t\t\t<div class=\"elementor-gallery-item__overlay\"><\/div>\n\t\t\t\t\t\t\t\t\t\t\t\t\t\t<\/a>\n\t\t\t\t\t\t\t<a class=\"e-gallery-item elementor-gallery-item elementor-animated-content\" href=\"https:\/\/metal99.hu\/wp-content\/uploads\/termekek-HK3.jpg\" data-gal='prettyPhoto' rel='prettyPhoto' data-elementor-open-lightbox=\"yes\" data-elementor-lightbox-slideshow=\"5546c496\" data-e-action-hash=\"#elementor-action%3Aaction%3Dlightbox%26settings%3DeyJpZCI6MTIzOSwidXJsIjoiaHR0cHM6XC9cL21ldGFsOTkuaHVcL3dwLWNvbnRlbnRcL3VwbG9hZHNcL3Rlcm1la2VrLUhLMy5qcGciLCJzbGlkZXNob3ciOiI1NTQ2YzQ5NiJ9\">\n\t\t\t\t\t<div class=\"e-gallery-image elementor-gallery-item__image\" data-thumbnail=\"https:\/\/metal99.hu\/wp-content\/uploads\/termekek-HK3.jpg\" data-width=\"867\" data-height=\"650\" aria-label=\"Hanning&amp;Kahl, H&amp;K, Hanning, metal 99, metal99\" role=\"img\" ><\/div>\n\t\t\t\t\t\t\t\t\t\t\t<div class=\"elementor-gallery-item__overlay\"><\/div>\n\t\t\t\t\t\t\t\t\t\t\t\t\t\t<\/a>\n\t\t\t\t\t\t\t<a class=\"e-gallery-item elementor-gallery-item elementor-animated-content\" href=\"https:\/\/metal99.hu\/wp-content\/uploads\/termekek-HK2.jpg\" data-gal='prettyPhoto' rel='prettyPhoto' data-elementor-open-lightbox=\"yes\" data-elementor-lightbox-slideshow=\"5546c496\" data-e-action-hash=\"#elementor-action%3Aaction%3Dlightbox%26settings%3DeyJpZCI6MTIzNywidXJsIjoiaHR0cHM6XC9cL21ldGFsOTkuaHVcL3dwLWNvbnRlbnRcL3VwbG9hZHNcL3Rlcm1la2VrLUhLMi5qcGciLCJzbGlkZXNob3ciOiI1NTQ2YzQ5NiJ9\">\n\t\t\t\t\t<div class=\"e-gallery-image elementor-gallery-item__image\" data-thumbnail=\"https:\/\/metal99.hu\/wp-content\/uploads\/termekek-HK2.jpg\" data-width=\"867\" data-height=\"650\" aria-label=\"Hanning&amp;Kahl, H&amp;K, Hanning, metal 99, metal99\" role=\"img\" ><\/div>\n\t\t\t\t\t\t\t\t\t\t\t<div class=\"elementor-gallery-item__overlay\"><\/div>\n\t\t\t\t\t\t\t\t\t\t\t\t\t\t<\/a>\n\t\t\t\t\t\t\t<a class=\"e-gallery-item elementor-gallery-item elementor-animated-content\" href=\"https:\/\/metal99.hu\/wp-content\/uploads\/termekek-HK1.jpg\" data-gal='prettyPhoto' rel='prettyPhoto' data-elementor-open-lightbox=\"yes\" data-elementor-lightbox-slideshow=\"5546c496\" data-e-action-hash=\"#elementor-action%3Aaction%3Dlightbox%26settings%3DeyJpZCI6MTIzNSwidXJsIjoiaHR0cHM6XC9cL21ldGFsOTkuaHVcL3dwLWNvbnRlbnRcL3VwbG9hZHNcL3Rlcm1la2VrLUhLMS5qcGciLCJzbGlkZXNob3ciOiI1NTQ2YzQ5NiJ9\">\n\t\t\t\t\t<div class=\"e-gallery-image elementor-gallery-item__image\" data-thumbnail=\"https:\/\/metal99.hu\/wp-content\/uploads\/termekek-HK1.jpg\" data-width=\"488\" data-height=\"650\" aria-label=\"Hanning&amp;Kahl, H&amp;K, Hanning, metal 99, metal99\" role=\"img\" ><\/div>\n\t\t\t\t\t\t\t\t\t\t\t<div class=\"elementor-gallery-item__overlay\"><\/div>\n\t\t\t\t\t\t\t\t\t\t\t\t\t\t<\/a>\n\t\t\t\t\t<\/div>\n\t\t\t\t\t<\/div>\n\t\t\t\t<\/div>\n\t\t\t\t\t<\/div>\n\t\t<\/div>\n\t\t\t\t\t<\/div>\n\t\t<\/section>\n\t\t\t\t<\/div>\n\t\t","protected":false},"excerpt":{"rendered":"<p>Die weitbekannte Hanning und Kahl GmbH mit der Industrieanlage im Nord-Deutschen Oerlinghausen spielt seit 1993 im elektrischen Bahnverkehr eine wichtige Rolle und liefert elektrische Bahnweichenantriebe und Steuerschr\u00e4nke nach Budapest. Neben dem \u00f6ffentlichen Bahnverkehr bieten sie viele Verwendungsm\u00f6glichkeiten f\u00fcr die Metro, Industriebahn und Nebenspuren. Unsere Firma ist in Ungarn seit 2010 der ausschlie\u00dfliche Vertreter der marktf\u00fchrenden &hellip;<\/p>\n","protected":false},"author":1,"featured_media":0,"parent":2385,"menu_order":0,"comment_status":"closed","ping_status":"closed","template":"","meta":{"_custom_body_class":"","_custom_post_class":"","footnotes":""},"class_list":["post-2405","page","type-page","status-publish","hentry"],"yoast_head":"<!-- This site is optimized with the Yoast SEO plugin v27.2 - https:\/\/yoast.com\/product\/yoast-seo-wordpress\/ -->\n<title>In der Gegenwart mit der zuk\u00fcnftigen Technologie der Verkehrssicherheit - Metal99 Kft.<\/title>\n<meta name=\"robots\" content=\"index, follow, max-snippet:-1, max-image-preview:large, max-video-preview:-1\" \/>\n<link rel=\"canonical\" href=\"https:\/\/metal99.hu\/de\/produkte\/in-der-gegenwart-mit-der-zukuenftigen-technologie-der-verkehrssicherheit\/\" \/>\n<meta property=\"og:locale\" content=\"de_DE\" \/>\n<meta property=\"og:type\" content=\"article\" \/>\n<meta property=\"og:title\" content=\"In der Gegenwart mit der zuk\u00fcnftigen Technologie der Verkehrssicherheit - Metal99 Kft.\" \/>\n<meta property=\"og:description\" content=\"Die weitbekannte Hanning und Kahl GmbH mit der Industrieanlage im Nord-Deutschen Oerlinghausen spielt seit 1993 im elektrischen Bahnverkehr eine wichtige Rolle und liefert elektrische Bahnweichenantriebe und Steuerschr\u00e4nke nach Budapest. Neben dem \u00f6ffentlichen Bahnverkehr bieten sie viele Verwendungsm\u00f6glichkeiten f\u00fcr die Metro, Industriebahn und Nebenspuren. Unsere Firma ist in Ungarn seit 2010 der ausschlie\u00dfliche Vertreter der marktf\u00fchrenden &hellip;\" \/>\n<meta property=\"og:url\" content=\"https:\/\/metal99.hu\/de\/produkte\/in-der-gegenwart-mit-der-zukuenftigen-technologie-der-verkehrssicherheit\/\" \/>\n<meta property=\"og:site_name\" content=\"Metal99 Kft.\" \/>\n<meta property=\"article:modified_time\" content=\"2022-09-10T11:46:21+00:00\" \/>\n<meta property=\"og:image\" content=\"https:\/\/metal99.hu\/wp-content\/uploads\/HK2.jpg\" \/>\n\t<meta property=\"og:image:width\" content=\"975\" \/>\n\t<meta property=\"og:image:height\" content=\"650\" \/>\n\t<meta property=\"og:image:type\" content=\"image\/jpeg\" \/>\n<meta name=\"twitter:card\" content=\"summary_large_image\" \/>\n<meta name=\"twitter:label1\" content=\"Gesch\u00e4tzte Lesezeit\" \/>\n\t<meta name=\"twitter:data1\" content=\"3\u00a0Minuten\" \/>\n<script type=\"application\/ld+json\" class=\"yoast-schema-graph\">{\"@context\":\"https:\/\/schema.org\",\"@graph\":[{\"@type\":\"WebPage\",\"@id\":\"https:\/\/metal99.hu\/de\/produkte\/in-der-gegenwart-mit-der-zukuenftigen-technologie-der-verkehrssicherheit\/\",\"url\":\"https:\/\/metal99.hu\/de\/produkte\/in-der-gegenwart-mit-der-zukuenftigen-technologie-der-verkehrssicherheit\/\",\"name\":\"In der Gegenwart mit der zuk\u00fcnftigen Technologie der Verkehrssicherheit - Metal99 Kft.\",\"isPartOf\":{\"@id\":\"https:\/\/metal99.hu\/#website\"},\"primaryImageOfPage\":{\"@id\":\"https:\/\/metal99.hu\/de\/produkte\/in-der-gegenwart-mit-der-zukuenftigen-technologie-der-verkehrssicherheit\/#primaryimage\"},\"image\":{\"@id\":\"https:\/\/metal99.hu\/de\/produkte\/in-der-gegenwart-mit-der-zukuenftigen-technologie-der-verkehrssicherheit\/#primaryimage\"},\"thumbnailUrl\":\"https:\/\/metal99.hu\/wp-content\/uploads\/HK.jpg\",\"datePublished\":\"2016-07-01T11:17:24+00:00\",\"dateModified\":\"2022-09-10T11:46:21+00:00\",\"breadcrumb\":{\"@id\":\"https:\/\/metal99.hu\/de\/produkte\/in-der-gegenwart-mit-der-zukuenftigen-technologie-der-verkehrssicherheit\/#breadcrumb\"},\"inLanguage\":\"de\",\"potentialAction\":[{\"@type\":\"ReadAction\",\"target\":[\"https:\/\/metal99.hu\/de\/produkte\/in-der-gegenwart-mit-der-zukuenftigen-technologie-der-verkehrssicherheit\/\"]}]},{\"@type\":\"ImageObject\",\"inLanguage\":\"de\",\"@id\":\"https:\/\/metal99.hu\/de\/produkte\/in-der-gegenwart-mit-der-zukuenftigen-technologie-der-verkehrssicherheit\/#primaryimage\",\"url\":\"https:\/\/metal99.hu\/wp-content\/uploads\/HK.jpg\",\"contentUrl\":\"https:\/\/metal99.hu\/wp-content\/uploads\/HK.jpg\"},{\"@type\":\"BreadcrumbList\",\"@id\":\"https:\/\/metal99.hu\/de\/produkte\/in-der-gegenwart-mit-der-zukuenftigen-technologie-der-verkehrssicherheit\/#breadcrumb\",\"itemListElement\":[{\"@type\":\"ListItem\",\"position\":1,\"name\":\"Home\",\"item\":\"https:\/\/metal99.hu\/de\/\"},{\"@type\":\"ListItem\",\"position\":2,\"name\":\"Produkte\",\"item\":\"https:\/\/metal99.hu\/de\/produkte\/\"},{\"@type\":\"ListItem\",\"position\":3,\"name\":\"In der Gegenwart mit der zuk\u00fcnftigen Technologie der Verkehrssicherheit\"}]},{\"@type\":\"WebSite\",\"@id\":\"https:\/\/metal99.hu\/#website\",\"url\":\"https:\/\/metal99.hu\/\",\"name\":\"Metal99 Kft.\",\"description\":\"\",\"potentialAction\":[{\"@type\":\"SearchAction\",\"target\":{\"@type\":\"EntryPoint\",\"urlTemplate\":\"https:\/\/metal99.hu\/?s={search_term_string}\"},\"query-input\":{\"@type\":\"PropertyValueSpecification\",\"valueRequired\":true,\"valueName\":\"search_term_string\"}}],\"inLanguage\":\"de\"}]}<\/script>\n<!-- \/ Yoast SEO plugin. -->","yoast_head_json":{"title":"In der Gegenwart mit der zuk\u00fcnftigen Technologie der Verkehrssicherheit - Metal99 Kft.","robots":{"index":"index","follow":"follow","max-snippet":"max-snippet:-1","max-image-preview":"max-image-preview:large","max-video-preview":"max-video-preview:-1"},"canonical":"https:\/\/metal99.hu\/de\/produkte\/in-der-gegenwart-mit-der-zukuenftigen-technologie-der-verkehrssicherheit\/","og_locale":"de_DE","og_type":"article","og_title":"In der Gegenwart mit der zuk\u00fcnftigen Technologie der Verkehrssicherheit - Metal99 Kft.","og_description":"Die weitbekannte Hanning und Kahl GmbH mit der Industrieanlage im Nord-Deutschen Oerlinghausen spielt seit 1993 im elektrischen Bahnverkehr eine wichtige Rolle und liefert elektrische Bahnweichenantriebe und Steuerschr\u00e4nke nach Budapest. Neben dem \u00f6ffentlichen Bahnverkehr bieten sie viele Verwendungsm\u00f6glichkeiten f\u00fcr die Metro, Industriebahn und Nebenspuren. Unsere Firma ist in Ungarn seit 2010 der ausschlie\u00dfliche Vertreter der marktf\u00fchrenden &hellip;","og_url":"https:\/\/metal99.hu\/de\/produkte\/in-der-gegenwart-mit-der-zukuenftigen-technologie-der-verkehrssicherheit\/","og_site_name":"Metal99 Kft.","article_modified_time":"2022-09-10T11:46:21+00:00","og_image":[{"width":975,"height":650,"url":"https:\/\/metal99.hu\/wp-content\/uploads\/HK2.jpg","type":"image\/jpeg"}],"twitter_card":"summary_large_image","twitter_misc":{"Gesch\u00e4tzte Lesezeit":"3\u00a0Minuten"},"schema":{"@context":"https:\/\/schema.org","@graph":[{"@type":"WebPage","@id":"https:\/\/metal99.hu\/de\/produkte\/in-der-gegenwart-mit-der-zukuenftigen-technologie-der-verkehrssicherheit\/","url":"https:\/\/metal99.hu\/de\/produkte\/in-der-gegenwart-mit-der-zukuenftigen-technologie-der-verkehrssicherheit\/","name":"In der Gegenwart mit der zuk\u00fcnftigen Technologie der Verkehrssicherheit - Metal99 Kft.","isPartOf":{"@id":"https:\/\/metal99.hu\/#website"},"primaryImageOfPage":{"@id":"https:\/\/metal99.hu\/de\/produkte\/in-der-gegenwart-mit-der-zukuenftigen-technologie-der-verkehrssicherheit\/#primaryimage"},"image":{"@id":"https:\/\/metal99.hu\/de\/produkte\/in-der-gegenwart-mit-der-zukuenftigen-technologie-der-verkehrssicherheit\/#primaryimage"},"thumbnailUrl":"https:\/\/metal99.hu\/wp-content\/uploads\/HK.jpg","datePublished":"2016-07-01T11:17:24+00:00","dateModified":"2022-09-10T11:46:21+00:00","breadcrumb":{"@id":"https:\/\/metal99.hu\/de\/produkte\/in-der-gegenwart-mit-der-zukuenftigen-technologie-der-verkehrssicherheit\/#breadcrumb"},"inLanguage":"de","potentialAction":[{"@type":"ReadAction","target":["https:\/\/metal99.hu\/de\/produkte\/in-der-gegenwart-mit-der-zukuenftigen-technologie-der-verkehrssicherheit\/"]}]},{"@type":"ImageObject","inLanguage":"de","@id":"https:\/\/metal99.hu\/de\/produkte\/in-der-gegenwart-mit-der-zukuenftigen-technologie-der-verkehrssicherheit\/#primaryimage","url":"https:\/\/metal99.hu\/wp-content\/uploads\/HK.jpg","contentUrl":"https:\/\/metal99.hu\/wp-content\/uploads\/HK.jpg"},{"@type":"BreadcrumbList","@id":"https:\/\/metal99.hu\/de\/produkte\/in-der-gegenwart-mit-der-zukuenftigen-technologie-der-verkehrssicherheit\/#breadcrumb","itemListElement":[{"@type":"ListItem","position":1,"name":"Home","item":"https:\/\/metal99.hu\/de\/"},{"@type":"ListItem","position":2,"name":"Produkte","item":"https:\/\/metal99.hu\/de\/produkte\/"},{"@type":"ListItem","position":3,"name":"In der Gegenwart mit der zuk\u00fcnftigen Technologie der Verkehrssicherheit"}]},{"@type":"WebSite","@id":"https:\/\/metal99.hu\/#website","url":"https:\/\/metal99.hu\/","name":"Metal99 Kft.","description":"","potentialAction":[{"@type":"SearchAction","target":{"@type":"EntryPoint","urlTemplate":"https:\/\/metal99.hu\/?s={search_term_string}"},"query-input":{"@type":"PropertyValueSpecification","valueRequired":true,"valueName":"search_term_string"}}],"inLanguage":"de"}]}},"_links":{"self":[{"href":"https:\/\/metal99.hu\/de\/wp-json\/wp\/v2\/pages\/2405","targetHints":{"allow":["GET"]}}],"collection":[{"href":"https:\/\/metal99.hu\/de\/wp-json\/wp\/v2\/pages"}],"about":[{"href":"https:\/\/metal99.hu\/de\/wp-json\/wp\/v2\/types\/page"}],"author":[{"embeddable":true,"href":"https:\/\/metal99.hu\/de\/wp-json\/wp\/v2\/users\/1"}],"replies":[{"embeddable":true,"href":"https:\/\/metal99.hu\/de\/wp-json\/wp\/v2\/comments?post=2405"}],"version-history":[{"count":7,"href":"https:\/\/metal99.hu\/de\/wp-json\/wp\/v2\/pages\/2405\/revisions"}],"predecessor-version":[{"id":4725,"href":"https:\/\/metal99.hu\/de\/wp-json\/wp\/v2\/pages\/2405\/revisions\/4725"}],"up":[{"embeddable":true,"href":"https:\/\/metal99.hu\/de\/wp-json\/wp\/v2\/pages\/2385"}],"wp:attachment":[{"href":"https:\/\/metal99.hu\/de\/wp-json\/wp\/v2\/media?parent=2405"}],"curies":[{"name":"wp","href":"https:\/\/api.w.org\/{rel}","templated":true}]}}