{"id":2385,"date":"2016-07-25T09:33:21","date_gmt":"2016-07-25T09:33:21","guid":{"rendered":"https:\/\/metal99.hu\/termekek\/"},"modified":"2017-05-30T13:21:17","modified_gmt":"2017-05-30T13:21:17","slug":"produkte","status":"publish","type":"page","link":"https:\/\/metal99.hu\/de\/produkte\/","title":{"rendered":"Produkte"},"content":{"rendered":"<p style=\"text-align: justify;\">Die Metal 99 GmbH hat w\u00e4hrend der Fahrzeugkonstruktionsarbeiten, Reparaturen gem\u00e4\u00df Kundenansrp\u00fcche viele eigene Produkte entwickelt und hergestellt und ist damit heute im In- und Ausland pr\u00e4sent.<\/p>\n<p style=\"text-align: justify;\">Unsere Fachleute und unser Maschinenpark macht es uns m\u00f6glich, dass wir mit modernen Fenstern und T\u00fcren die speziellen, induviduellen Aspr\u00fcche erf\u00fcllen k\u00f6nnen und mit Klein- und Gro\u00dfserienherstellung den Kundenbedarf befriedigen k\u00f6nnen.<\/p>\n<h3 style=\"text-align: justify;\"><strong>Eigene T\u00fcrsysteme, Fenster<\/strong><\/h3>\n<p style=\"text-align: justify;\">Metal 99 besch\u00e4ftigt sich seit 1991 mit T\u00fcrsystemherstellung f\u00fcr den \u00f6ffentlichen Verkehr, die mit modernen Leichtkonstruktion, mit geklebter Technologie hergestellt werden. Wir fertigen weitgehend verwendbare Schiebet\u00fcren, elektrische und pneumatische Innen- und Au\u00dfenschweinkt\u00fcre den speziellen W\u00fcnschen entsprechend.<\/p>\n<p style=\"text-align: justify;\">Unsere Aluminiumkonstruktionsschiebefenster beweisen seit mehr als 25 Jahren ihre Best\u00e4ndigkeit bei verschiedenen Verkehrunternehmen im Inland. In den vergangenen 11 Jahren beliefern wir Neufahrzeughersteller im Bereich der Kabinen- , Bus- und Bahnfahrzeugherstellung.<\/p>\n<h3 style=\"text-align: justify;\"><strong>Erg\u00e4nzungsausr\u00fcstung f\u00fcr den \u00f6ffentlichen Verkehr<\/strong><\/h3>\n<p style=\"text-align: justify;\">Zahlreiche Einzelprodukte kamen von uns (sowie Fahrerabtrennung, Innenm\u00f6bel f\u00fcr die Bahn, z.B. Tische, Treppen) und haben damit zur Bequemlichkeit und Sicherheit beigetragen. Mit verschiedensten Ersatzteilen erf\u00fcllen wir gerne individuelle Kundenw\u00fcnsche.<\/p>\n","protected":false},"excerpt":{"rendered":"<p>Die Metal 99 GmbH hat w\u00e4hrend der Fahrzeugkonstruktionsarbeiten, Reparaturen gem\u00e4\u00df Kundenansrp\u00fcche viele eigene Produkte entwickelt und hergestellt und ist damit heute im In- und Ausland pr\u00e4sent. Unsere Fachleute und unser Maschinenpark macht es uns m\u00f6glich, dass wir mit modernen Fenstern und T\u00fcren die speziellen, induviduellen Aspr\u00fcche erf\u00fcllen k\u00f6nnen und mit Klein- und Gro\u00dfserienherstellung den Kundenbedarf &hellip;<\/p>\n","protected":false},"author":1,"featured_media":0,"parent":0,"menu_order":0,"comment_status":"closed","ping_status":"closed","template":"template-fullwidth.php","meta":{"_custom_body_class":"","_custom_post_class":"","footnotes":""},"class_list":["post-2385","page","type-page","status-publish","hentry"],"yoast_head":"<!-- This site is optimized with the Yoast SEO plugin v27.2 - https:\/\/yoast.com\/product\/yoast-seo-wordpress\/ -->\n<title>Produkte - Metal99 Kft.<\/title>\n<meta name=\"robots\" content=\"index, follow, max-snippet:-1, max-image-preview:large, max-video-preview:-1\" \/>\n<link rel=\"canonical\" href=\"https:\/\/metal99.hu\/de\/produkte\/\" \/>\n<meta property=\"og:locale\" content=\"de_DE\" \/>\n<meta property=\"og:type\" content=\"article\" \/>\n<meta property=\"og:title\" content=\"Produkte - Metal99 Kft.\" \/>\n<meta property=\"og:description\" content=\"Die Metal 99 GmbH hat w\u00e4hrend der Fahrzeugkonstruktionsarbeiten, Reparaturen gem\u00e4\u00df Kundenansrp\u00fcche viele eigene Produkte entwickelt und hergestellt und ist damit heute im In- und Ausland pr\u00e4sent. Unsere Fachleute und unser Maschinenpark macht es uns m\u00f6glich, dass wir mit modernen Fenstern und T\u00fcren die speziellen, induviduellen Aspr\u00fcche erf\u00fcllen k\u00f6nnen und mit Klein- und Gro\u00dfserienherstellung den Kundenbedarf &hellip;\" \/>\n<meta property=\"og:url\" content=\"https:\/\/metal99.hu\/de\/produkte\/\" \/>\n<meta property=\"og:site_name\" content=\"Metal99 Kft.\" \/>\n<meta property=\"article:modified_time\" content=\"2017-05-30T13:21:17+00:00\" \/>\n<meta name=\"twitter:card\" content=\"summary_large_image\" \/>\n<meta name=\"twitter:label1\" content=\"Gesch\u00e4tzte Lesezeit\" \/>\n\t<meta name=\"twitter:data1\" content=\"1\u00a0Minute\" \/>\n<script type=\"application\/ld+json\" class=\"yoast-schema-graph\">{\"@context\":\"https:\/\/schema.org\",\"@graph\":[{\"@type\":\"WebPage\",\"@id\":\"https:\/\/metal99.hu\/de\/produkte\/\",\"url\":\"https:\/\/metal99.hu\/de\/produkte\/\",\"name\":\"Produkte - Metal99 Kft.\",\"isPartOf\":{\"@id\":\"https:\/\/metal99.hu\/#website\"},\"datePublished\":\"2016-07-25T09:33:21+00:00\",\"dateModified\":\"2017-05-30T13:21:17+00:00\",\"breadcrumb\":{\"@id\":\"https:\/\/metal99.hu\/de\/produkte\/#breadcrumb\"},\"inLanguage\":\"de\",\"potentialAction\":[{\"@type\":\"ReadAction\",\"target\":[\"https:\/\/metal99.hu\/de\/produkte\/\"]}]},{\"@type\":\"BreadcrumbList\",\"@id\":\"https:\/\/metal99.hu\/de\/produkte\/#breadcrumb\",\"itemListElement\":[{\"@type\":\"ListItem\",\"position\":1,\"name\":\"Home\",\"item\":\"https:\/\/metal99.hu\/de\/\"},{\"@type\":\"ListItem\",\"position\":2,\"name\":\"Produkte\"}]},{\"@type\":\"WebSite\",\"@id\":\"https:\/\/metal99.hu\/#website\",\"url\":\"https:\/\/metal99.hu\/\",\"name\":\"Metal99 Kft.\",\"description\":\"\",\"potentialAction\":[{\"@type\":\"SearchAction\",\"target\":{\"@type\":\"EntryPoint\",\"urlTemplate\":\"https:\/\/metal99.hu\/?s={search_term_string}\"},\"query-input\":{\"@type\":\"PropertyValueSpecification\",\"valueRequired\":true,\"valueName\":\"search_term_string\"}}],\"inLanguage\":\"de\"}]}<\/script>\n<!-- \/ Yoast SEO plugin. -->","yoast_head_json":{"title":"Produkte - Metal99 Kft.","robots":{"index":"index","follow":"follow","max-snippet":"max-snippet:-1","max-image-preview":"max-image-preview:large","max-video-preview":"max-video-preview:-1"},"canonical":"https:\/\/metal99.hu\/de\/produkte\/","og_locale":"de_DE","og_type":"article","og_title":"Produkte - Metal99 Kft.","og_description":"Die Metal 99 GmbH hat w\u00e4hrend der Fahrzeugkonstruktionsarbeiten, Reparaturen gem\u00e4\u00df Kundenansrp\u00fcche viele eigene Produkte entwickelt und hergestellt und ist damit heute im In- und Ausland pr\u00e4sent. Unsere Fachleute und unser Maschinenpark macht es uns m\u00f6glich, dass wir mit modernen Fenstern und T\u00fcren die speziellen, induviduellen Aspr\u00fcche erf\u00fcllen k\u00f6nnen und mit Klein- und Gro\u00dfserienherstellung den Kundenbedarf &hellip;","og_url":"https:\/\/metal99.hu\/de\/produkte\/","og_site_name":"Metal99 Kft.","article_modified_time":"2017-05-30T13:21:17+00:00","twitter_card":"summary_large_image","twitter_misc":{"Gesch\u00e4tzte Lesezeit":"1\u00a0Minute"},"schema":{"@context":"https:\/\/schema.org","@graph":[{"@type":"WebPage","@id":"https:\/\/metal99.hu\/de\/produkte\/","url":"https:\/\/metal99.hu\/de\/produkte\/","name":"Produkte - Metal99 Kft.","isPartOf":{"@id":"https:\/\/metal99.hu\/#website"},"datePublished":"2016-07-25T09:33:21+00:00","dateModified":"2017-05-30T13:21:17+00:00","breadcrumb":{"@id":"https:\/\/metal99.hu\/de\/produkte\/#breadcrumb"},"inLanguage":"de","potentialAction":[{"@type":"ReadAction","target":["https:\/\/metal99.hu\/de\/produkte\/"]}]},{"@type":"BreadcrumbList","@id":"https:\/\/metal99.hu\/de\/produkte\/#breadcrumb","itemListElement":[{"@type":"ListItem","position":1,"name":"Home","item":"https:\/\/metal99.hu\/de\/"},{"@type":"ListItem","position":2,"name":"Produkte"}]},{"@type":"WebSite","@id":"https:\/\/metal99.hu\/#website","url":"https:\/\/metal99.hu\/","name":"Metal99 Kft.","description":"","potentialAction":[{"@type":"SearchAction","target":{"@type":"EntryPoint","urlTemplate":"https:\/\/metal99.hu\/?s={search_term_string}"},"query-input":{"@type":"PropertyValueSpecification","valueRequired":true,"valueName":"search_term_string"}}],"inLanguage":"de"}]}},"_links":{"self":[{"href":"https:\/\/metal99.hu\/de\/wp-json\/wp\/v2\/pages\/2385","targetHints":{"allow":["GET"]}}],"collection":[{"href":"https:\/\/metal99.hu\/de\/wp-json\/wp\/v2\/pages"}],"about":[{"href":"https:\/\/metal99.hu\/de\/wp-json\/wp\/v2\/types\/page"}],"author":[{"embeddable":true,"href":"https:\/\/metal99.hu\/de\/wp-json\/wp\/v2\/users\/1"}],"replies":[{"embeddable":true,"href":"https:\/\/metal99.hu\/de\/wp-json\/wp\/v2\/comments?post=2385"}],"version-history":[{"count":0,"href":"https:\/\/metal99.hu\/de\/wp-json\/wp\/v2\/pages\/2385\/revisions"}],"wp:attachment":[{"href":"https:\/\/metal99.hu\/de\/wp-json\/wp\/v2\/media?parent=2385"}],"curies":[{"name":"wp","href":"https:\/\/api.w.org\/{rel}","templated":true}]}}